{"id":7913,"date":"2019-08-21T12:56:12","date_gmt":"2019-08-21T09:56:12","guid":{"rendered":"https:\/\/vaasanluonnonravinto.fi\/?post_type=product&#038;p=7913"},"modified":"2026-04-10T14:49:16","modified_gmt":"2026-04-10T11:49:16","slug":"rosenserien-gentle-peeling-40-ml","status":"publish","type":"product","link":"https:\/\/vaasanluonnonravinto.fi\/sv\/tuote\/rosenserien-gentle-peeling-40-ml\/","title":{"rendered":"Rosenserien gentle peeling 40 ml"},"content":{"rendered":"","protected":false},"excerpt":{"rendered":"<p>Mieto ja hell\u00e4varainen kuorintavoide. Poistaa kuolleen ihosolukon ja ep\u00e4puhtaudet. Lis\u00e4\u00e4 verenkiertoa ja tekee ihosta raikkaan ja kirkkaan. Hiero hyvinkostutetulle iholle kevyin liikkein. Kostuta kasvoja k\u00e4sittelyn aikana ja huuhtele lopuksi haalealla vedell\u00e4. Suositellaan normaalille ja rasvaiselle iholle 1 &#8211; 2 kertaa viikossa.<\/p>\n<p>&nbsp;<\/p>\n<p><strong>Sis\u00e4lt\u00e4\u00e4<\/strong><\/p>\n<p>Aloe veraa, hohkakive\u00e4, auringonkukka\u00f6ljy\u00e4, kasvisuolaa (ja) kasvip. glyserolia, kasvip. emulgointiainetta, kasvip. glyserolia, kasvip. emulgointiainetta, rapsi\u00f6ljy\u00e4, omega-3 rasvahappoja, risiini\u00f6ljy\u00e4, ksantaanikumia, kasviparfyymia, ruusu\u00f6ljy\u00e4, kasvip. emulgointiainetta, maitohappoa.<\/p>\n","protected":false},"featured_media":7914,"template":"","meta":{"_acf_changed":false},"product_brand":[],"product_cat":[46,136],"product_tag":[],"class_list":{"0":"post-7913","1":"product","2":"type-product","3":"status-publish","4":"has-post-thumbnail","6":"product_cat-luontaiskosmetiikka","7":"product_cat-rosenserien","9":"first","10":"instock","11":"sale","12":"taxable","13":"shipping-taxable","14":"purchasable","15":"product-type-simple"},"acf":[],"_links":{"self":[{"href":"https:\/\/vaasanluonnonravinto.fi\/sv\/wp-json\/wp\/v2\/product\/7913","targetHints":{"allow":["GET"]}}],"collection":[{"href":"https:\/\/vaasanluonnonravinto.fi\/sv\/wp-json\/wp\/v2\/product"}],"about":[{"href":"https:\/\/vaasanluonnonravinto.fi\/sv\/wp-json\/wp\/v2\/types\/product"}],"wp:featuredmedia":[{"embeddable":true,"href":"https:\/\/vaasanluonnonravinto.fi\/sv\/wp-json\/wp\/v2\/media\/7914"}],"wp:attachment":[{"href":"https:\/\/vaasanluonnonravinto.fi\/sv\/wp-json\/wp\/v2\/media?parent=7913"}],"wp:term":[{"taxonomy":"product_brand","embeddable":true,"href":"https:\/\/vaasanluonnonravinto.fi\/sv\/wp-json\/wp\/v2\/product_brand?post=7913"},{"taxonomy":"product_cat","embeddable":true,"href":"https:\/\/vaasanluonnonravinto.fi\/sv\/wp-json\/wp\/v2\/product_cat?post=7913"},{"taxonomy":"product_tag","embeddable":true,"href":"https:\/\/vaasanluonnonravinto.fi\/sv\/wp-json\/wp\/v2\/product_tag?post=7913"}],"curies":[{"name":"wp","href":"https:\/\/api.w.org\/{rel}","templated":true}]}}