{"id":7900,"date":"2019-08-21T12:44:59","date_gmt":"2019-08-21T09:44:59","guid":{"rendered":"https:\/\/vaasanluonnonravinto.fi\/?post_type=product&#038;p=7900"},"modified":"2026-05-15T06:37:10","modified_gmt":"2026-05-15T03:37:10","slug":"rosenserien-rose-water-200-ml","status":"publish","type":"product","link":"https:\/\/vaasanluonnonravinto.fi\/sv\/tuote\/rosenserien-rose-water-200-ml\/","title":{"rendered":"Rosenserien rose water 200 ml"},"content":{"rendered":"","protected":false},"excerpt":{"rendered":"<p>Alkoholiton, hoitava kasvovesi. Neutralisoi veden haitallista vaikutusta ihoon.Tekee ihon vastaanottavaiseksi kosteusvoiteelle tasapainottamalla ihon pH:n. Supistaa ihohuokoset puhdistuksen j\u00e4lkeen. Sopii kaikille ihotyypeille.<\/p>\n<p>&nbsp;<\/p>\n<p><strong>Sis\u00e4lt\u00e4\u00e4<\/strong><\/p>\n<p>Kiinalaista vihre\u00e4\u00e4 teet\u00e4, ruusunkukkavett\u00e4,kasvip. emulgointiainetta kasvip. glyserolia, C-vitamiinia, E-vitamiinia, kasvisterolia, kasvip. kosteustekij\u00e4\u00e4, ruusu\u00f6ljy\u00e4, soija\u00f6ljy\u00e4, 2 kasvisuolaa, kasviparfyymia, vett\u00e4.<\/p>\n","protected":false},"featured_media":7901,"template":"","meta":{"_acf_changed":false,"rs_blank_template":"","rs_page_bg_color":"","slide_template_v7":""},"product_brand":[],"product_cat":[46,136],"product_tag":[],"class_list":{"0":"post-7900","1":"product","2":"type-product","3":"status-publish","4":"has-post-thumbnail","6":"product_cat-luontaiskosmetiikka","7":"product_cat-rosenserien","9":"first","10":"instock","11":"taxable","12":"shipping-taxable","13":"purchasable","14":"product-type-simple"},"acf":[],"_links":{"self":[{"href":"https:\/\/vaasanluonnonravinto.fi\/sv\/wp-json\/wp\/v2\/product\/7900","targetHints":{"allow":["GET"]}}],"collection":[{"href":"https:\/\/vaasanluonnonravinto.fi\/sv\/wp-json\/wp\/v2\/product"}],"about":[{"href":"https:\/\/vaasanluonnonravinto.fi\/sv\/wp-json\/wp\/v2\/types\/product"}],"wp:featuredmedia":[{"embeddable":true,"href":"https:\/\/vaasanluonnonravinto.fi\/sv\/wp-json\/wp\/v2\/media\/7901"}],"wp:attachment":[{"href":"https:\/\/vaasanluonnonravinto.fi\/sv\/wp-json\/wp\/v2\/media?parent=7900"}],"wp:term":[{"taxonomy":"product_brand","embeddable":true,"href":"https:\/\/vaasanluonnonravinto.fi\/sv\/wp-json\/wp\/v2\/product_brand?post=7900"},{"taxonomy":"product_cat","embeddable":true,"href":"https:\/\/vaasanluonnonravinto.fi\/sv\/wp-json\/wp\/v2\/product_cat?post=7900"},{"taxonomy":"product_tag","embeddable":true,"href":"https:\/\/vaasanluonnonravinto.fi\/sv\/wp-json\/wp\/v2\/product_tag?post=7900"}],"curies":[{"name":"wp","href":"https:\/\/api.w.org\/{rel}","templated":true}]}}