{"id":7896,"date":"2019-08-21T12:42:20","date_gmt":"2019-08-21T09:42:20","guid":{"rendered":"https:\/\/vaasanluonnonravinto.fi\/?post_type=product&#038;p=7896"},"modified":"2026-04-10T14:50:51","modified_gmt":"2026-04-10T11:50:51","slug":"rosenserien-face-wash-100-ml","status":"publish","type":"product","link":"https:\/\/vaasanluonnonravinto.fi\/sv\/tuote\/rosenserien-face-wash-100-ml\/","title":{"rendered":"Rosenserien face wash 100 ml"},"content":{"rendered":"","protected":false},"excerpt":{"rendered":"<p>Yrttipitoinen syv\u00e4pudistava pesugeeli. Tehokas meikin poistaja, mutta ei vahingoita ihon hengityskyky\u00e4. Pieni nokare levitet\u00e4\u00e4n kasvoille, hierotaan hetken ja huuhdellaan pois haalealla vedell\u00e4. Pesugeeli voi auttaa ihoa normalisoimaan talirauhasten toiminnan. Suositellaan normaalille ja rasvaiselle iholle. Pesuaine on maissista ja kookoksesta valmistettu sokeritensidi, joka hajoaa luonnossa sataprosenttisesti.<\/p>\n<p>&nbsp;<\/p>\n<p><strong>Sis\u00e4lt\u00e4\u00e4<\/strong><\/p>\n<p>Aloe veraa, risiini\u00f6ljy\u00e4, kasvip. glyserolia, manteli\u00f6ljy\u00e4, ksantaanikumia, kasvip. pesuainetta, taikap\u00e4hkin\u00e4\u00e4, kasvip. sorbitolia (marjoista), merisuolaa, ruusu\u00f6ljy\u00e4, kasvip. pesuainetta, kasvisuolaa, kasvip. emulgointiainetta, kasviparfyymia, vett\u00e4.<\/p>\n","protected":false},"featured_media":7897,"template":"","meta":{"_acf_changed":false},"product_brand":[],"product_cat":[46,136],"product_tag":[],"class_list":{"0":"post-7896","1":"product","2":"type-product","3":"status-publish","4":"has-post-thumbnail","6":"product_cat-luontaiskosmetiikka","7":"product_cat-rosenserien","9":"first","10":"instock","11":"sale","12":"taxable","13":"shipping-taxable","14":"purchasable","15":"product-type-simple"},"acf":[],"_links":{"self":[{"href":"https:\/\/vaasanluonnonravinto.fi\/sv\/wp-json\/wp\/v2\/product\/7896","targetHints":{"allow":["GET"]}}],"collection":[{"href":"https:\/\/vaasanluonnonravinto.fi\/sv\/wp-json\/wp\/v2\/product"}],"about":[{"href":"https:\/\/vaasanluonnonravinto.fi\/sv\/wp-json\/wp\/v2\/types\/product"}],"wp:featuredmedia":[{"embeddable":true,"href":"https:\/\/vaasanluonnonravinto.fi\/sv\/wp-json\/wp\/v2\/media\/7897"}],"wp:attachment":[{"href":"https:\/\/vaasanluonnonravinto.fi\/sv\/wp-json\/wp\/v2\/media?parent=7896"}],"wp:term":[{"taxonomy":"product_brand","embeddable":true,"href":"https:\/\/vaasanluonnonravinto.fi\/sv\/wp-json\/wp\/v2\/product_brand?post=7896"},{"taxonomy":"product_cat","embeddable":true,"href":"https:\/\/vaasanluonnonravinto.fi\/sv\/wp-json\/wp\/v2\/product_cat?post=7896"},{"taxonomy":"product_tag","embeddable":true,"href":"https:\/\/vaasanluonnonravinto.fi\/sv\/wp-json\/wp\/v2\/product_tag?post=7896"}],"curies":[{"name":"wp","href":"https:\/\/api.w.org\/{rel}","templated":true}]}}