{"id":7892,"date":"2019-08-21T12:39:58","date_gmt":"2019-08-21T09:39:58","guid":{"rendered":"https:\/\/vaasanluonnonravinto.fi\/?post_type=product&#038;p=7892"},"modified":"2026-04-10T14:52:35","modified_gmt":"2026-04-10T11:52:35","slug":"rosenserien-rose-cream-anti-wrinkle-50-ml","status":"publish","type":"product","link":"https:\/\/vaasanluonnonravinto.fi\/sv\/tuote\/rosenserien-rose-cream-anti-wrinkle-50-ml\/","title":{"rendered":"Rosenserien rose cream anti wrinkle 50 ml"},"content":{"rendered":"","protected":false},"excerpt":{"rendered":"<p>Ruusuvoide ryppyjen ehk\u00e4isyyn on tehokas ihon kosteuden s\u00e4ilytt\u00e4j\u00e4 ja pehment\u00e4j\u00e4, joka hidastaa ihon ik\u00e4\u00e4ntymist\u00e4. Voide on vahvasti kosteuttava ja tasoittava. Ruusuvoide sis\u00e4lt\u00e4\u00e4 nimitt\u00e4in parakrassia, joka todistetusti vaikuttaa ryppyj\u00e4 ja juonteita tasoittavasti, sek\u00e4 runsaasti antioksidantteja ja kasviper\u00e4isten \u00f6ljyjen rasvahappoja, jotka hidastavat ihon ik\u00e4\u00e4ntymisprosesseja.<\/p>\n<p>&nbsp;<\/p>\n<p>Ruusuvoide ryppyjen ehk\u00e4isyyn sopii kaikille ihotyypeille ja erityisesti kuivalle ja varttuneelle iholle. K\u00e4ytet\u00e4\u00e4n aamuin illoin. Suositellaan k\u00e4ytett\u00e4v\u00e4ksi yhdess\u00e4 Rosenserienin Puhdistusvoiteen, Ruusuveden ja Silm\u00e4nymp\u00e4rysvoiteen kanssa.<\/p>\n<p>&nbsp;<\/p>\n<p><strong>Sis\u00e4lt\u00e4\u00e4<\/strong><br \/>\nAloe veraa, rasvaa kookoksesta, avokado\u00f6ljy\u00e4, kasviper. emulgointiainetta, rapsi\u00f6ljy\u00e4, ohdake\u00f6ljy\u00e4, kasvip. glyserolia, kasvip. emulgointiainetta, sheavoita, jojoba\u00f6ljy\u00e4, kookosrasvavahaa, parakrassia, tyrni\u00f6ljy\u00e4, C-vitamiinia, rapsi\u00f6ljy\u00e4, rosmariinia, karoteenia, maissi\u00f6ljy\u00e4, ksantaanikumia, E-vitamiinia, kasvisterolia, kasvip. pehmennysainetta, ruusu\u00f6ljy\u00e4, soija\u00f6ljy\u00e4, 2 kasvisuolaa, kasvip. emulgointiainetta, kasviparfyymia, vett\u00e4.<\/p>\n","protected":false},"featured_media":7893,"template":"","meta":{"_acf_changed":false},"product_brand":[],"product_cat":[46,136],"product_tag":[],"class_list":{"0":"post-7892","1":"product","2":"type-product","3":"status-publish","4":"has-post-thumbnail","6":"product_cat-luontaiskosmetiikka","7":"product_cat-rosenserien","9":"first","10":"instock","11":"sale","12":"taxable","13":"shipping-taxable","14":"purchasable","15":"product-type-simple"},"acf":[],"_links":{"self":[{"href":"https:\/\/vaasanluonnonravinto.fi\/sv\/wp-json\/wp\/v2\/product\/7892","targetHints":{"allow":["GET"]}}],"collection":[{"href":"https:\/\/vaasanluonnonravinto.fi\/sv\/wp-json\/wp\/v2\/product"}],"about":[{"href":"https:\/\/vaasanluonnonravinto.fi\/sv\/wp-json\/wp\/v2\/types\/product"}],"wp:featuredmedia":[{"embeddable":true,"href":"https:\/\/vaasanluonnonravinto.fi\/sv\/wp-json\/wp\/v2\/media\/7893"}],"wp:attachment":[{"href":"https:\/\/vaasanluonnonravinto.fi\/sv\/wp-json\/wp\/v2\/media?parent=7892"}],"wp:term":[{"taxonomy":"product_brand","embeddable":true,"href":"https:\/\/vaasanluonnonravinto.fi\/sv\/wp-json\/wp\/v2\/product_brand?post=7892"},{"taxonomy":"product_cat","embeddable":true,"href":"https:\/\/vaasanluonnonravinto.fi\/sv\/wp-json\/wp\/v2\/product_cat?post=7892"},{"taxonomy":"product_tag","embeddable":true,"href":"https:\/\/vaasanluonnonravinto.fi\/sv\/wp-json\/wp\/v2\/product_tag?post=7892"}],"curies":[{"name":"wp","href":"https:\/\/api.w.org\/{rel}","templated":true}]}}