{"id":7888,"date":"2019-08-21T12:37:24","date_gmt":"2019-08-21T09:37:24","guid":{"rendered":"https:\/\/vaasanluonnonravinto.fi\/?post_type=product&#038;p=7888"},"modified":"2026-04-10T14:53:56","modified_gmt":"2026-04-10T11:53:56","slug":"rosenserien-body-cream-with-sea-buckthorn-200-ml","status":"publish","type":"product","link":"https:\/\/vaasanluonnonravinto.fi\/sv\/tuote\/rosenserien-body-cream-with-sea-buckthorn-200-ml\/","title":{"rendered":"Rosenserien body cream with sea buckthorn 200 ml"},"content":{"rendered":"","protected":false},"excerpt":{"rendered":"<p>T\u00e4ysin uusi helposti ihoon imeytyv\u00e4 vartalovoide, joka kosteuttaa ja tasapainottaa ihoa ja antaa sille joustavuutta. Sis\u00e4lt\u00e4\u00e4 vegetabiilisia \u00f6ljyj\u00e4 oliivi\u00f6ljyst\u00e4, auringonkukasta ja tyrnist\u00e4. Erityisen hyv\u00e4 suihkun ja auringonoton j\u00e4lkeen k\u00e4ytettyn\u00e4. Sopii kaikille ihotyypeille.<\/p>\n<p>&nbsp;<\/p>\n<p><strong>Sis\u00e4lt\u00e4\u00e4<\/strong><br \/>\nAloe veraa, oliivi\u00f6ljy\u00e4, kasvip. emulgointiainetta, kasvip. glyserolia, kookosrasvaa, omega-3 rasvahappoja, kasvip. emulgointiainetta, auringonkukka\u00f6ljy\u00e4, tyrni\u00f6ljy\u00e4, vehn\u00e4proteiinia, rosmariinia, maitohappoa, E-vitamiinia, kasvisterolia, kasvip. pehmennysainetta, ruusu\u00f6ljy\u00e4, soija\u00f6ljy\u00e4, natriumsuolaa, 3 kasvisuolaa, 3 kasvip. emulgointiainetta, kasviparfyymia, vett\u00e4.<\/p>\n","protected":false},"featured_media":7889,"template":"","meta":{"_acf_changed":false},"product_brand":[],"product_cat":[46,136],"product_tag":[],"class_list":{"0":"post-7888","1":"product","2":"type-product","3":"status-publish","4":"has-post-thumbnail","6":"product_cat-luontaiskosmetiikka","7":"product_cat-rosenserien","9":"first","10":"instock","11":"sale","12":"taxable","13":"shipping-taxable","14":"purchasable","15":"product-type-simple"},"acf":[],"_links":{"self":[{"href":"https:\/\/vaasanluonnonravinto.fi\/sv\/wp-json\/wp\/v2\/product\/7888","targetHints":{"allow":["GET"]}}],"collection":[{"href":"https:\/\/vaasanluonnonravinto.fi\/sv\/wp-json\/wp\/v2\/product"}],"about":[{"href":"https:\/\/vaasanluonnonravinto.fi\/sv\/wp-json\/wp\/v2\/types\/product"}],"wp:featuredmedia":[{"embeddable":true,"href":"https:\/\/vaasanluonnonravinto.fi\/sv\/wp-json\/wp\/v2\/media\/7889"}],"wp:attachment":[{"href":"https:\/\/vaasanluonnonravinto.fi\/sv\/wp-json\/wp\/v2\/media?parent=7888"}],"wp:term":[{"taxonomy":"product_brand","embeddable":true,"href":"https:\/\/vaasanluonnonravinto.fi\/sv\/wp-json\/wp\/v2\/product_brand?post=7888"},{"taxonomy":"product_cat","embeddable":true,"href":"https:\/\/vaasanluonnonravinto.fi\/sv\/wp-json\/wp\/v2\/product_cat?post=7888"},{"taxonomy":"product_tag","embeddable":true,"href":"https:\/\/vaasanluonnonravinto.fi\/sv\/wp-json\/wp\/v2\/product_tag?post=7888"}],"curies":[{"name":"wp","href":"https:\/\/api.w.org\/{rel}","templated":true}]}}