{"id":7882,"date":"2019-08-21T12:31:38","date_gmt":"2019-08-21T09:31:38","guid":{"rendered":"https:\/\/vaasanluonnonravinto.fi\/?post_type=product&#038;p=7882"},"modified":"2026-04-10T14:55:39","modified_gmt":"2026-04-10T11:55:39","slug":"rosenserien-deodorant-spray-100-ml","status":"publish","type":"product","link":"https:\/\/vaasanluonnonravinto.fi\/sv\/tuote\/rosenserien-deodorant-spray-100-ml\/","title":{"rendered":"Rosenserien deodorant spray 100 ml"},"content":{"rendered":"","protected":false},"excerpt":{"rendered":"<p>Luonnollinen ja tehokas suihkedeodorantti hygieenisess\u00e4 suihkepullossa. Siin\u00e4 on uudenlainen koostumus ja siin\u00e4 on mieto ruusuinen tuoksu. Suihkedeodorantti sopii my\u00f6s jalkadeodorantiksi. Samoin se sopii my\u00f6s herk\u00e4lle iholle. Ei sis\u00e4ll\u00e4 alumiinikloridia tai alkoholia.<\/p>\n<p>&nbsp;<\/p>\n<p><strong>Sis\u00e4lt\u00e4\u00e4<\/strong><br \/>\nKiinalaista vihre\u00e4\u00e4 teet\u00e4, alunaa, kasvisuolaa, kasvip. glyserolia, kasvip. emulgointiainetta, allantoiinia, kasviparfyymia, ruusu\u00f6ljy\u00e4.<\/p>\n","protected":false},"featured_media":7883,"template":"","meta":{"_acf_changed":false},"product_brand":[],"product_cat":[46,136],"product_tag":[],"class_list":{"0":"post-7882","1":"product","2":"type-product","3":"status-publish","4":"has-post-thumbnail","6":"product_cat-luontaiskosmetiikka","7":"product_cat-rosenserien","9":"first","10":"instock","11":"sale","12":"taxable","13":"shipping-taxable","14":"purchasable","15":"product-type-simple"},"acf":[],"_links":{"self":[{"href":"https:\/\/vaasanluonnonravinto.fi\/sv\/wp-json\/wp\/v2\/product\/7882","targetHints":{"allow":["GET"]}}],"collection":[{"href":"https:\/\/vaasanluonnonravinto.fi\/sv\/wp-json\/wp\/v2\/product"}],"about":[{"href":"https:\/\/vaasanluonnonravinto.fi\/sv\/wp-json\/wp\/v2\/types\/product"}],"wp:featuredmedia":[{"embeddable":true,"href":"https:\/\/vaasanluonnonravinto.fi\/sv\/wp-json\/wp\/v2\/media\/7883"}],"wp:attachment":[{"href":"https:\/\/vaasanluonnonravinto.fi\/sv\/wp-json\/wp\/v2\/media?parent=7882"}],"wp:term":[{"taxonomy":"product_brand","embeddable":true,"href":"https:\/\/vaasanluonnonravinto.fi\/sv\/wp-json\/wp\/v2\/product_brand?post=7882"},{"taxonomy":"product_cat","embeddable":true,"href":"https:\/\/vaasanluonnonravinto.fi\/sv\/wp-json\/wp\/v2\/product_cat?post=7882"},{"taxonomy":"product_tag","embeddable":true,"href":"https:\/\/vaasanluonnonravinto.fi\/sv\/wp-json\/wp\/v2\/product_tag?post=7882"}],"curies":[{"name":"wp","href":"https:\/\/api.w.org\/{rel}","templated":true}]}}