{"id":7872,"date":"2019-08-21T12:21:44","date_gmt":"2019-08-21T09:21:44","guid":{"rendered":"https:\/\/vaasanluonnonravinto.fi\/?post_type=product&#038;p=7872"},"modified":"2026-04-10T15:01:40","modified_gmt":"2026-04-10T12:01:40","slug":"rosenserien-body-butter-shaping-150-ml","status":"publish","type":"product","link":"https:\/\/vaasanluonnonravinto.fi\/sv\/tuote\/rosenserien-body-butter-shaping-150-ml\/","title":{"rendered":"Rosenserien Body butter shaping 150 ml"},"content":{"rendered":"","protected":false},"excerpt":{"rendered":"<p>Ekologinen tehovoide lis\u00e4kosteutta ja ravintoa vaativalle iholle.<\/p>\n<p>Tehokkaasti kosteuttava ja kiinteytt\u00e4v\u00e4 voide, joka tekee ihosta sammetinpehme\u00e4n.Sis\u00e4lt\u00e4\u00e4 parakrassia joka tutkitusti kiinteytt\u00e4\u00e4 ihoa, ja puna- apilaa, joka tekee ihosta pehme\u00e4n ja kimmoisan.\u00a0Voitele kuivat kohdat p\u00e4ivitt\u00e4in ja tarvittaessa koko vartalo.<\/p>\n<p>&nbsp;<\/p>\n<p><strong>Sis\u00e4lt\u00e4\u00e4<\/strong><br \/>\nAloe vera, kookos\u00f6ljy\u00e4, sheavoita, kasvip. emulgointiainetta, kasvip. glyseriini, kaakaovoi, kasvip. emulgointiainetta, avokado\u00f6ljy\u00e4, kookosrasvaa, kokosrasvavahaa, parakrassea, puna-apilaa, karotenia, ruusu\u00f6ljy\u00e4, maitohappoa, E-vitamiinia, kasvisterolia, kasvip. pehmennysainetta, soija\u00f6ljy\u00e4, 2 kasvisuolaa, kasviper.emulgointiainetta, kasviparfyymia, vesi.<\/p>\n","protected":false},"featured_media":7875,"template":"","meta":{"_acf_changed":false},"product_brand":[],"product_cat":[46,136],"product_tag":[],"class_list":{"0":"post-7872","1":"product","2":"type-product","3":"status-publish","4":"has-post-thumbnail","6":"product_cat-luontaiskosmetiikka","7":"product_cat-rosenserien","9":"first","10":"instock","11":"sale","12":"taxable","13":"shipping-taxable","14":"purchasable","15":"product-type-simple"},"acf":[],"_links":{"self":[{"href":"https:\/\/vaasanluonnonravinto.fi\/sv\/wp-json\/wp\/v2\/product\/7872","targetHints":{"allow":["GET"]}}],"collection":[{"href":"https:\/\/vaasanluonnonravinto.fi\/sv\/wp-json\/wp\/v2\/product"}],"about":[{"href":"https:\/\/vaasanluonnonravinto.fi\/sv\/wp-json\/wp\/v2\/types\/product"}],"wp:featuredmedia":[{"embeddable":true,"href":"https:\/\/vaasanluonnonravinto.fi\/sv\/wp-json\/wp\/v2\/media\/7875"}],"wp:attachment":[{"href":"https:\/\/vaasanluonnonravinto.fi\/sv\/wp-json\/wp\/v2\/media?parent=7872"}],"wp:term":[{"taxonomy":"product_brand","embeddable":true,"href":"https:\/\/vaasanluonnonravinto.fi\/sv\/wp-json\/wp\/v2\/product_brand?post=7872"},{"taxonomy":"product_cat","embeddable":true,"href":"https:\/\/vaasanluonnonravinto.fi\/sv\/wp-json\/wp\/v2\/product_cat?post=7872"},{"taxonomy":"product_tag","embeddable":true,"href":"https:\/\/vaasanluonnonravinto.fi\/sv\/wp-json\/wp\/v2\/product_tag?post=7872"}],"curies":[{"name":"wp","href":"https:\/\/api.w.org\/{rel}","templated":true}]}}