{"id":7864,"date":"2019-08-21T11:25:05","date_gmt":"2019-08-21T08:25:05","guid":{"rendered":"https:\/\/vaasanluonnonravinto.fi\/?post_type=product&#038;p=7864"},"modified":"2026-04-10T15:03:20","modified_gmt":"2026-04-10T12:03:20","slug":"rosenserien-vitamin-c-serum-with-rose-root-20-ml","status":"publish","type":"product","link":"https:\/\/vaasanluonnonravinto.fi\/sv\/tuote\/rosenserien-vitamin-c-serum-with-rose-root-20-ml\/","title":{"rendered":"Rosenserien vitamin C serum with rose root 20 ml"},"content":{"rendered":"","protected":false},"excerpt":{"rendered":"<p>Ruusunjurta sis\u00e4lt\u00e4v\u00e4 C-vitamiiniseerumi on syv\u00e4vaikutteinen seerumi, jolla voi t\u00e4ydent\u00e4\u00e4 y\u00f6voidetta 2-3 kertaa viikossa. Vakauttava C-vitamiini ja virkist\u00e4v\u00e4 ruusunjuuri ovat kuin tehopiriste iholle. Seerumi s\u00e4ilytt\u00e4\u00e4 ja palauttaa ihon kimmoisuuden ja kuulauden. Soveltuu my\u00f6s herk\u00e4lle ja rasvaiselle iholle. Seerumi hoitaa my\u00f6s auringon vaurioittamaa ihoa. Seerumia voi k\u00e4ytt\u00e4\u00e4 vuoden ymp\u00e4ri, mutta v\u00e4lt\u00e4 aurinkoa 12 tuntia k\u00e4yt\u00f6n j\u00e4lkeen. Saattaa v\u00e4hent\u00e4\u00e4 pigmenttil\u00e4iskien v\u00e4ri\u00e4.<\/p>\n<p>&nbsp;<\/p>\n<p>Sitrusallergikot saattavat reagoida seerumiin<\/p>\n<p>&nbsp;<\/p>\n<p><strong>Sis\u00e4lt\u00e4\u00e4<br \/>\n<\/strong>Aloe veraa, C-vitamiinia, C-vitamiinia, kasvip. glyserolia, antioksidanttia (ja) natriumsuolaa, ruusunjuurta, ksantaanikumia, kasviparfyymia, ruusu\u00f6ljy\u00e4, hedelm\u00e4happoa, natriumsuolaa.<\/p>\n","protected":false},"featured_media":7865,"template":"","meta":{"_acf_changed":false},"product_brand":[],"product_cat":[46,136],"product_tag":[],"class_list":{"0":"post-7864","1":"product","2":"type-product","3":"status-publish","4":"has-post-thumbnail","6":"product_cat-luontaiskosmetiikka","7":"product_cat-rosenserien","9":"first","10":"instock","11":"sale","12":"taxable","13":"shipping-taxable","14":"purchasable","15":"product-type-simple"},"acf":[],"_links":{"self":[{"href":"https:\/\/vaasanluonnonravinto.fi\/sv\/wp-json\/wp\/v2\/product\/7864","targetHints":{"allow":["GET"]}}],"collection":[{"href":"https:\/\/vaasanluonnonravinto.fi\/sv\/wp-json\/wp\/v2\/product"}],"about":[{"href":"https:\/\/vaasanluonnonravinto.fi\/sv\/wp-json\/wp\/v2\/types\/product"}],"wp:featuredmedia":[{"embeddable":true,"href":"https:\/\/vaasanluonnonravinto.fi\/sv\/wp-json\/wp\/v2\/media\/7865"}],"wp:attachment":[{"href":"https:\/\/vaasanluonnonravinto.fi\/sv\/wp-json\/wp\/v2\/media?parent=7864"}],"wp:term":[{"taxonomy":"product_brand","embeddable":true,"href":"https:\/\/vaasanluonnonravinto.fi\/sv\/wp-json\/wp\/v2\/product_brand?post=7864"},{"taxonomy":"product_cat","embeddable":true,"href":"https:\/\/vaasanluonnonravinto.fi\/sv\/wp-json\/wp\/v2\/product_cat?post=7864"},{"taxonomy":"product_tag","embeddable":true,"href":"https:\/\/vaasanluonnonravinto.fi\/sv\/wp-json\/wp\/v2\/product_tag?post=7864"}],"curies":[{"name":"wp","href":"https:\/\/api.w.org\/{rel}","templated":true}]}}