{"id":7860,"date":"2019-08-21T11:22:20","date_gmt":"2019-08-21T08:22:20","guid":{"rendered":"https:\/\/vaasanluonnonravinto.fi\/?post_type=product&#038;p=7860"},"modified":"2026-04-10T15:04:06","modified_gmt":"2026-04-10T12:04:06","slug":"rosenserien-jojoba-oil-100ml","status":"publish","type":"product","link":"https:\/\/vaasanluonnonravinto.fi\/sv\/tuote\/rosenserien-jojoba-oil-100ml\/","title":{"rendered":"Rosenserien jojoba oil 100ml"},"content":{"rendered":"","protected":false},"excerpt":{"rendered":"<p>100%:nen, parasta laatua oleva, kylm\u00e4puristettu jojoba\u00f6ljy. \u00d6ljy on pehment\u00e4v\u00e4, suojaava ja kosteutta yll\u00e4pit\u00e4v\u00e4. Se tasapainottaa rasvaista ihoa, ehk\u00e4isee ihon kuivumista ja imeytyy helposti. Soveltuu my\u00f6s meikin poistoon, hiusnaamioksi ja levitett\u00e4v\u00e4ksi kuiville kynsinauhoille. Sopii kylpy\u00f6ljyn\u00e4 sek\u00e4 vauva\u00f6ljyn\u00e4.<\/p>\n<p>&nbsp;<\/p>\n<p><strong>Sis\u00e4lt\u00e4\u00e4<\/strong><br \/>\n100% jojoba\u00f6ljy\u00e4.<\/p>\n","protected":false},"featured_media":7861,"template":"","meta":{"_acf_changed":false},"product_brand":[],"product_cat":[46,136],"product_tag":[],"class_list":{"0":"post-7860","1":"product","2":"type-product","3":"status-publish","4":"has-post-thumbnail","6":"product_cat-luontaiskosmetiikka","7":"product_cat-rosenserien","9":"first","10":"instock","11":"sale","12":"taxable","13":"shipping-taxable","14":"purchasable","15":"product-type-simple"},"acf":[],"_links":{"self":[{"href":"https:\/\/vaasanluonnonravinto.fi\/sv\/wp-json\/wp\/v2\/product\/7860","targetHints":{"allow":["GET"]}}],"collection":[{"href":"https:\/\/vaasanluonnonravinto.fi\/sv\/wp-json\/wp\/v2\/product"}],"about":[{"href":"https:\/\/vaasanluonnonravinto.fi\/sv\/wp-json\/wp\/v2\/types\/product"}],"wp:featuredmedia":[{"embeddable":true,"href":"https:\/\/vaasanluonnonravinto.fi\/sv\/wp-json\/wp\/v2\/media\/7861"}],"wp:attachment":[{"href":"https:\/\/vaasanluonnonravinto.fi\/sv\/wp-json\/wp\/v2\/media?parent=7860"}],"wp:term":[{"taxonomy":"product_brand","embeddable":true,"href":"https:\/\/vaasanluonnonravinto.fi\/sv\/wp-json\/wp\/v2\/product_brand?post=7860"},{"taxonomy":"product_cat","embeddable":true,"href":"https:\/\/vaasanluonnonravinto.fi\/sv\/wp-json\/wp\/v2\/product_cat?post=7860"},{"taxonomy":"product_tag","embeddable":true,"href":"https:\/\/vaasanluonnonravinto.fi\/sv\/wp-json\/wp\/v2\/product_tag?post=7860"}],"curies":[{"name":"wp","href":"https:\/\/api.w.org\/{rel}","templated":true}]}}