{"id":7856,"date":"2019-08-21T11:19:37","date_gmt":"2019-08-21T08:19:37","guid":{"rendered":"https:\/\/vaasanluonnonravinto.fi\/?post_type=product&#038;p=7856"},"modified":"2026-04-10T15:04:54","modified_gmt":"2026-04-10T12:04:54","slug":"rosenserien-body-oil-with-sea-buckthorn-100-ml","status":"publish","type":"product","link":"https:\/\/vaasanluonnonravinto.fi\/sv\/tuote\/rosenserien-body-oil-with-sea-buckthorn-100-ml\/","title":{"rendered":"Rosenserien body oil with sea buckthorn 100 ml"},"content":{"rendered":"","protected":false},"excerpt":{"rendered":"<p>Eritt\u00e4in ylellinen vartalo\u00f6ljy, joka sis\u00e4lt\u00e4\u00e4 tyrni\u00e4 ja runsaasti luonnollisia vitamiineja ja tyydyttym\u00e4tt\u00f6mi\u00e4 rasvahappoja. Tyrni sis\u00e4lt\u00e4\u00e4 useampaa omegalaatua: 3, 6, 7 ja 9. \u00d6ljy imeytyy helposti ja j\u00e4tt\u00e4\u00e4 ihon sametinpehme\u00e4ksi ja ruusuntuoksuiseksi. Auttaa ihoa rakentamaan luonnollisen suojan. \u00d6ljy on hyv\u00e4 suihkuttaa kosteahkolle iholle. Soveltuu my\u00f6s intiimik\u00e4ytt\u00f6\u00f6n.<\/p>\n<p>&nbsp;<\/p>\n<p><strong>Sis\u00e4lt\u00e4\u00e4<br \/>\n<\/strong>Ohdake\u00f6ljy\u00e4, omega 3 rasvahappoja, tyrni\u00f6ljy\u00e4, ruusu\u00f6ljy\u00e4, kasviparfyymia E-vitamiinia, porkkanauutetta.<\/p>\n","protected":false},"featured_media":7857,"template":"","meta":{"_acf_changed":false},"product_brand":[],"product_cat":[46,136],"product_tag":[],"class_list":{"0":"post-7856","1":"product","2":"type-product","3":"status-publish","4":"has-post-thumbnail","6":"product_cat-luontaiskosmetiikka","7":"product_cat-rosenserien","9":"first","10":"instock","11":"sale","12":"taxable","13":"shipping-taxable","14":"purchasable","15":"product-type-simple"},"acf":[],"_links":{"self":[{"href":"https:\/\/vaasanluonnonravinto.fi\/sv\/wp-json\/wp\/v2\/product\/7856","targetHints":{"allow":["GET"]}}],"collection":[{"href":"https:\/\/vaasanluonnonravinto.fi\/sv\/wp-json\/wp\/v2\/product"}],"about":[{"href":"https:\/\/vaasanluonnonravinto.fi\/sv\/wp-json\/wp\/v2\/types\/product"}],"wp:featuredmedia":[{"embeddable":true,"href":"https:\/\/vaasanluonnonravinto.fi\/sv\/wp-json\/wp\/v2\/media\/7857"}],"wp:attachment":[{"href":"https:\/\/vaasanluonnonravinto.fi\/sv\/wp-json\/wp\/v2\/media?parent=7856"}],"wp:term":[{"taxonomy":"product_brand","embeddable":true,"href":"https:\/\/vaasanluonnonravinto.fi\/sv\/wp-json\/wp\/v2\/product_brand?post=7856"},{"taxonomy":"product_cat","embeddable":true,"href":"https:\/\/vaasanluonnonravinto.fi\/sv\/wp-json\/wp\/v2\/product_cat?post=7856"},{"taxonomy":"product_tag","embeddable":true,"href":"https:\/\/vaasanluonnonravinto.fi\/sv\/wp-json\/wp\/v2\/product_tag?post=7856"}],"curies":[{"name":"wp","href":"https:\/\/api.w.org\/{rel}","templated":true}]}}