{"id":7846,"date":"2019-08-21T11:13:50","date_gmt":"2019-08-21T08:13:50","guid":{"rendered":"https:\/\/vaasanluonnonravinto.fi\/?post_type=product&#038;p=7846"},"modified":"2026-04-10T15:06:06","modified_gmt":"2026-04-10T12:06:06","slug":"rosenserien-vegetable-soap-300-ml","status":"publish","type":"product","link":"https:\/\/vaasanluonnonravinto.fi\/sv\/tuote\/rosenserien-vegetable-soap-300-ml\/","title":{"rendered":"Rosenserien vegetable soap 300 ml"},"content":{"rendered":"","protected":false},"excerpt":{"rendered":"<p>Mieto voidemainen suihkusaippua, jonka pohjana ovat luonnolliset kasviper\u00e4iset \u00f6ljyt ja uutteet. Saippua soveltuu herkimm\u00e4llekin iholle. Palauttaa tehokkaasti ihon luonnollisen kosteuden. Eritt\u00e4in riittoisa tiivistesaippua, jossa mieto ruusun tuoksu.<\/p>\n<p>&nbsp;<\/p>\n<p><strong>Sis\u00e4lt\u00e4\u00e4<br \/>\n<\/strong>Aloe veraa, kasvip. pesuainetta, merisuolaa, kasvip. pesuainetta, kasvip. glyserolia, B5 provitamiinia, ruusu\u00f6ljy\u00e4, 2 kasvisuolaa, kasvip. emulgointiainetta, kasviparfyymia, 3 kasvip. kosteudensitojaa, vett\u00e4.<\/p>\n","protected":false},"featured_media":7847,"template":"","meta":{"_acf_changed":false},"product_brand":[],"product_cat":[55,136],"product_tag":[],"class_list":{"0":"post-7846","1":"product","2":"type-product","3":"status-publish","4":"has-post-thumbnail","6":"product_cat-erikoistuotteet","7":"product_cat-rosenserien","9":"first","10":"instock","11":"sale","12":"taxable","13":"shipping-taxable","14":"purchasable","15":"product-type-simple"},"acf":[],"_links":{"self":[{"href":"https:\/\/vaasanluonnonravinto.fi\/sv\/wp-json\/wp\/v2\/product\/7846","targetHints":{"allow":["GET"]}}],"collection":[{"href":"https:\/\/vaasanluonnonravinto.fi\/sv\/wp-json\/wp\/v2\/product"}],"about":[{"href":"https:\/\/vaasanluonnonravinto.fi\/sv\/wp-json\/wp\/v2\/types\/product"}],"wp:featuredmedia":[{"embeddable":true,"href":"https:\/\/vaasanluonnonravinto.fi\/sv\/wp-json\/wp\/v2\/media\/7847"}],"wp:attachment":[{"href":"https:\/\/vaasanluonnonravinto.fi\/sv\/wp-json\/wp\/v2\/media?parent=7846"}],"wp:term":[{"taxonomy":"product_brand","embeddable":true,"href":"https:\/\/vaasanluonnonravinto.fi\/sv\/wp-json\/wp\/v2\/product_brand?post=7846"},{"taxonomy":"product_cat","embeddable":true,"href":"https:\/\/vaasanluonnonravinto.fi\/sv\/wp-json\/wp\/v2\/product_cat?post=7846"},{"taxonomy":"product_tag","embeddable":true,"href":"https:\/\/vaasanluonnonravinto.fi\/sv\/wp-json\/wp\/v2\/product_tag?post=7846"}],"curies":[{"name":"wp","href":"https:\/\/api.w.org\/{rel}","templated":true}]}}