{"id":7842,"date":"2019-08-21T11:10:55","date_gmt":"2019-08-21T08:10:55","guid":{"rendered":"https:\/\/vaasanluonnonravinto.fi\/?post_type=product&#038;p=7842"},"modified":"2026-05-15T06:37:11","modified_gmt":"2026-05-15T03:37:11","slug":"rosenserien-foot-cream-100-ml","status":"publish","type":"product","link":"https:\/\/vaasanluonnonravinto.fi\/sv\/tuote\/rosenserien-foot-cream-100-ml\/","title":{"rendered":"Rosenserien foot cream 100 ml"},"content":{"rendered":"","protected":false},"excerpt":{"rendered":"<p>Kosteuttava ja virkist\u00e4v\u00e4, nopeasti imeytyv\u00e4 jalkavoide, joka pehment\u00e4\u00e4 kovettumia ja halkeamia. Sis\u00e4lt\u00e4\u00e4 mm mehil\u00e4isvahaa ja keh\u00e4kukkaa, joka perinteisesti on k\u00e4ytetty kansanl\u00e4\u00e4kinn\u00e4ss\u00e4. Raikas tuoksu piparmintusta , arnikasta ja mentolista. Sopii mainiosti kuiviin s\u00e4\u00e4riin.<\/p>\n<p>&nbsp;<\/p>\n<p>100 % vegaaninen sis\u00e4lt\u00f6.<\/p>\n<p>&nbsp;<\/p>\n<p><strong>Sis\u00e4lt\u00e4\u00e4<\/strong><br \/>\nAloe veraa, kookos\u00f6ljy\u00e4, oliivi\u00f6ljy\u00e4, mehil\u00e4isvahaa, kasvip. emulgointiainetta, kasvip. emulgointiainetta, kookosrasvavahaa, kasvip. glyserolia, antioksidanttia (ja) natriumsuolaa, hedelm\u00e4happoa, natriumsuolaa, keh\u00e4kukkaa, ruusu\u00f6ljy\u00e4, kasviparfyymia.<\/p>\n","protected":false},"featured_media":7843,"template":"","meta":{"_acf_changed":false,"rs_blank_template":"","rs_page_bg_color":"","slide_template_v7":""},"product_brand":[],"product_cat":[46,136],"product_tag":[],"class_list":{"0":"post-7842","1":"product","2":"type-product","3":"status-publish","4":"has-post-thumbnail","6":"product_cat-luontaiskosmetiikka","7":"product_cat-rosenserien","9":"first","10":"instock","11":"taxable","12":"shipping-taxable","13":"purchasable","14":"product-type-simple"},"acf":[],"_links":{"self":[{"href":"https:\/\/vaasanluonnonravinto.fi\/sv\/wp-json\/wp\/v2\/product\/7842","targetHints":{"allow":["GET"]}}],"collection":[{"href":"https:\/\/vaasanluonnonravinto.fi\/sv\/wp-json\/wp\/v2\/product"}],"about":[{"href":"https:\/\/vaasanluonnonravinto.fi\/sv\/wp-json\/wp\/v2\/types\/product"}],"wp:featuredmedia":[{"embeddable":true,"href":"https:\/\/vaasanluonnonravinto.fi\/sv\/wp-json\/wp\/v2\/media\/7843"}],"wp:attachment":[{"href":"https:\/\/vaasanluonnonravinto.fi\/sv\/wp-json\/wp\/v2\/media?parent=7842"}],"wp:term":[{"taxonomy":"product_brand","embeddable":true,"href":"https:\/\/vaasanluonnonravinto.fi\/sv\/wp-json\/wp\/v2\/product_brand?post=7842"},{"taxonomy":"product_cat","embeddable":true,"href":"https:\/\/vaasanluonnonravinto.fi\/sv\/wp-json\/wp\/v2\/product_cat?post=7842"},{"taxonomy":"product_tag","embeddable":true,"href":"https:\/\/vaasanluonnonravinto.fi\/sv\/wp-json\/wp\/v2\/product_tag?post=7842"}],"curies":[{"name":"wp","href":"https:\/\/api.w.org\/{rel}","templated":true}]}}