{"id":7834,"date":"2019-08-21T11:05:30","date_gmt":"2019-08-21T08:05:30","guid":{"rendered":"https:\/\/vaasanluonnonravinto.fi\/?post_type=product&#038;p=7834"},"modified":"2026-04-10T15:08:16","modified_gmt":"2026-04-10T12:08:16","slug":"rosenserien-hand-cream-100-ml","status":"publish","type":"product","link":"https:\/\/vaasanluonnonravinto.fi\/sv\/tuote\/rosenserien-hand-cream-100-ml\/","title":{"rendered":"Rosenserien Hand cream 100 ml"},"content":{"rendered":"","protected":false},"excerpt":{"rendered":"<p>Hoitava k\u00e4sivoide joka helposti imeytyy ihoon. Pehment\u00e4\u00e4 ja suojaa. Voiteen kasviper\u00e4iset \u00f6ljyt ja yrtit suojaavat ja rauhoittavat ihoa. Est\u00e4\u00e4 ihoa kuivumasta ja rohtumasta.<\/p>\n<p>&nbsp;<\/p>\n<p><strong>Sis\u00e4lt\u00e4\u00e4<br \/>\n<\/strong>Aloe veraa, kasvip. emulgointiainetta, kasvip. glyserolia, kasvip. emulgointiainetta, rapsi\u00f6ljy\u00e4, kookosrasvavahaa, jojoba\u00f6ljy\u00e4, sheavoita, keh\u00e4kukkaa, ksantaanikumia, E-vitamiinia, kasvisterolia, kasvip. kosteudensitojaa, ruusu\u00f6ljy\u00e4, soija\u00f6ljy\u00e4, 2 kasvisuolaa, kasvip.emulgointiainetta, kasviparfyymia, vett\u00e4.<\/p>\n","protected":false},"featured_media":7835,"template":"","meta":{"_acf_changed":false},"product_brand":[],"product_cat":[46,136],"product_tag":[],"class_list":{"0":"post-7834","1":"product","2":"type-product","3":"status-publish","4":"has-post-thumbnail","6":"product_cat-luontaiskosmetiikka","7":"product_cat-rosenserien","9":"first","10":"instock","11":"sale","12":"taxable","13":"shipping-taxable","14":"purchasable","15":"product-type-simple"},"acf":[],"_links":{"self":[{"href":"https:\/\/vaasanluonnonravinto.fi\/sv\/wp-json\/wp\/v2\/product\/7834","targetHints":{"allow":["GET"]}}],"collection":[{"href":"https:\/\/vaasanluonnonravinto.fi\/sv\/wp-json\/wp\/v2\/product"}],"about":[{"href":"https:\/\/vaasanluonnonravinto.fi\/sv\/wp-json\/wp\/v2\/types\/product"}],"wp:featuredmedia":[{"embeddable":true,"href":"https:\/\/vaasanluonnonravinto.fi\/sv\/wp-json\/wp\/v2\/media\/7835"}],"wp:attachment":[{"href":"https:\/\/vaasanluonnonravinto.fi\/sv\/wp-json\/wp\/v2\/media?parent=7834"}],"wp:term":[{"taxonomy":"product_brand","embeddable":true,"href":"https:\/\/vaasanluonnonravinto.fi\/sv\/wp-json\/wp\/v2\/product_brand?post=7834"},{"taxonomy":"product_cat","embeddable":true,"href":"https:\/\/vaasanluonnonravinto.fi\/sv\/wp-json\/wp\/v2\/product_cat?post=7834"},{"taxonomy":"product_tag","embeddable":true,"href":"https:\/\/vaasanluonnonravinto.fi\/sv\/wp-json\/wp\/v2\/product_tag?post=7834"}],"curies":[{"name":"wp","href":"https:\/\/api.w.org\/{rel}","templated":true}]}}