{"id":7822,"date":"2019-08-21T10:41:32","date_gmt":"2019-08-21T07:41:32","guid":{"rendered":"https:\/\/vaasanluonnonravinto.fi\/?post_type=product&#038;p=7822"},"modified":"2021-12-22T15:55:09","modified_gmt":"2021-12-22T13:55:09","slug":"vitabalans-biotiini-collagen-skin-beauty-120-tabl","status":"publish","type":"product","link":"https:\/\/vaasanluonnonravinto.fi\/sv\/tuote\/vitabalans-biotiini-collagen-skin-beauty-120-tabl\/","title":{"rendered":"Vitabalans Biotiini Collagen Skin Beauty 120 tabl"},"content":{"rendered":"<p><strong>Hyaluronihappo, biotiini, sinkki ja C-vitamiini<\/strong><br \/>\nKollageenin vaikutusta ihon ulkon\u00e4k\u00f6\u00f6n t\u00e4ydent\u00e4v\u00e4t hyaluronihappo, vitamiinit ja sinkki. Hyaluronihappo on vett\u00e4 sitova aine, biotiini ja sinkki vaikuttavat ihon normaaliin kuntoon, ja C-vitamiini edist\u00e4\u00e4 ihon kollageenin muodostumista. Hyaluronihappo on mikrobin tuottama.<\/p>\n<p>&nbsp;<\/p>\n<p>Ravintolis\u00e4 ei korvaa monipuolista ja tasapainoista ruokavaliota eik\u00e4 terveit\u00e4 el\u00e4m\u00e4ntapoja.<\/p>\n<p>&nbsp;<\/p>\n<p><strong>ANNOSTUS<\/strong><br \/>\nAikuisille 3 tabletti p\u00e4iv\u00e4ss\u00e4 niell\u00e4\u00e4n veden kanssa.<\/p>\n","protected":false},"excerpt":{"rendered":"<p>Kollageeni \u2013 kiinte\u00e4n ja nuorekkaan ihon salaisuus.<\/p>\n<p>Ihon kiinteytt\u00e4 yll\u00e4pit\u00e4\u00e4 ihon sidekudoskerroksen s\u00e4ikeinen tukiproteiini, kollageeni. Jo 30 ik\u00e4vuodesta alkaen ihon kollageenin muodostus ja m\u00e4\u00e4r\u00e4 alkavat luonnostaan v\u00e4het\u00e4 jatkuen 1-2 %:n kollageenimenetyksen\u00e4 vuosittain. Vaihdevuosien j\u00e4lkeen ihon muutokset nopeutuvat. Kollageenin v\u00e4heneminen n\u00e4kyy kasvoissa ihon veltostumisena, juonteina ja syventyvin\u00e4 ryppyin\u00e4.<\/p>\n<p>&nbsp;<\/p>\n<p><strong>Sikaper\u00e4inen Verisol\u00ae -kollageeni kiinteytt\u00e4\u00e4 ihoa ja tasoittaa juonteita<\/strong><br \/>\nBiotiini Collagen Skin Beauty sis\u00e4lt\u00e4\u00e4 Verisol\u00ae- kollageenipeptidej\u00e4, jotka on pilkottu sian kollageenista. Kollageenipeptidit imeytyv\u00e4t paremmin kuin kollageeni. Kahdessa kliinisess\u00e4 tutkimuksessa* on osoitettu, ett\u00e4 2,5 g sikaper\u00e4ist\u00e4 Verisol\u00ae-kollageenia p\u00e4iv\u00e4ss\u00e4 nautittuna s\u00e4\u00e4nn\u00f6llisesti nelj\u00e4n viikon ajan lis\u00e4\u00e4 merkitsev\u00e4sti ihon elastisuutta ja kiinteytt\u00e4 sek\u00e4 tasoittaa silm\u00e4nymp\u00e4rysjuonteita. Kun tutkimuksissa kollageenin k\u00e4ytt\u00f6\u00e4 jatkettiin viel\u00e4 nelj\u00e4 viikkoa, ihon elastisuus lis\u00e4\u00e4ntyi ja juonteet olivat tasoittuneet parhaimmillaan 50 % alkutilanteeseen verrattuna. Muutokset olivat n\u00e4kyviss\u00e4 viel\u00e4 4 viikkoa kollageenin k\u00e4yt\u00f6n lopettamisen j\u00e4lkeen. Tutkimusten naiset olivat 35\u201365 -vuotiaita. Kollageenin vaikutukset n\u00e4kyiv\u00e4t selvimmin yli 50-vuotiaiden naisten kasvoissa.<\/p>\n","protected":false},"featured_media":7823,"template":"","meta":{"_acf_changed":false},"product_brand":[],"product_cat":[49,37,29,134,36],"product_tag":[],"class_list":{"0":"post-7822","1":"product","2":"type-product","3":"status-publish","4":"has-post-thumbnail","6":"product_cat-aminohapot","7":"product_cat-kivennaisvalmisteet","8":"product_cat-lisaravinteet","9":"product_cat-vitabalans","10":"product_cat-vitamiinit","12":"first","13":"instock","14":"taxable","15":"shipping-taxable","16":"purchasable","17":"product-type-simple"},"acf":[],"_links":{"self":[{"href":"https:\/\/vaasanluonnonravinto.fi\/sv\/wp-json\/wp\/v2\/product\/7822","targetHints":{"allow":["GET"]}}],"collection":[{"href":"https:\/\/vaasanluonnonravinto.fi\/sv\/wp-json\/wp\/v2\/product"}],"about":[{"href":"https:\/\/vaasanluonnonravinto.fi\/sv\/wp-json\/wp\/v2\/types\/product"}],"wp:featuredmedia":[{"embeddable":true,"href":"https:\/\/vaasanluonnonravinto.fi\/sv\/wp-json\/wp\/v2\/media\/7823"}],"wp:attachment":[{"href":"https:\/\/vaasanluonnonravinto.fi\/sv\/wp-json\/wp\/v2\/media?parent=7822"}],"wp:term":[{"taxonomy":"product_brand","embeddable":true,"href":"https:\/\/vaasanluonnonravinto.fi\/sv\/wp-json\/wp\/v2\/product_brand?post=7822"},{"taxonomy":"product_cat","embeddable":true,"href":"https:\/\/vaasanluonnonravinto.fi\/sv\/wp-json\/wp\/v2\/product_cat?post=7822"},{"taxonomy":"product_tag","embeddable":true,"href":"https:\/\/vaasanluonnonravinto.fi\/sv\/wp-json\/wp\/v2\/product_tag?post=7822"}],"curies":[{"name":"wp","href":"https:\/\/api.w.org\/{rel}","templated":true}]}}