{"id":7812,"date":"2019-08-21T10:32:35","date_gmt":"2019-08-21T07:32:35","guid":{"rendered":"https:\/\/vaasanluonnonravinto.fi\/?post_type=product&#038;p=7812"},"modified":"2020-09-14T16:41:16","modified_gmt":"2020-09-14T13:41:16","slug":"vitabalans-glaubersuola-30-g","status":"publish","type":"product","link":"https:\/\/vaasanluonnonravinto.fi\/sv\/tuote\/vitabalans-glaubersuola-30-g\/","title":{"rendered":"Vitabalans Glaubersuola 30 g"},"content":{"rendered":"","protected":false},"excerpt":{"rendered":"<p>Glauber-suola on perinteinen paastovalmiste, jota k\u00e4ytet\u00e4\u00e4n suolen tyhjent\u00e4miseen ennen paaston aloitusta. Glauber-suolan vaikutuksesta suoleen kertyy nestett\u00e4, jonka vaikutuksesta seuraa voimakas ulostusrefleksi.<\/p>\n<p>&nbsp;<\/p>\n<p>Jos pussissa jauhe on kovettunut, sen saa pehmenem\u00e4\u00e4n lis\u00e4\u00e4m\u00e4ll\u00e4 \u00bd-1 tl vett\u00e4 pussiin.<\/p>\n<p>&nbsp;<\/p>\n<p><strong>ANNOSTUS<\/strong><br \/>\nEnnen paaston aloittamista suolen tyhjent\u00e4miseen: Liuota 5-20 g jauhetta lasilliseen haaleaa vett\u00e4, yrttiteet\u00e4 tai mehua ja nauti liuos kulauksittain.<\/p>\n","protected":false},"featured_media":7815,"template":"","meta":{"_acf_changed":false,"rs_blank_template":"","rs_page_bg_color":"","slide_template_v7":""},"product_brand":[],"product_cat":[40,134],"product_tag":[],"class_list":{"0":"post-7812","1":"product","2":"type-product","3":"status-publish","4":"has-post-thumbnail","6":"product_cat-vatsan-hyvinvointivalmisteet","7":"product_cat-vitabalans","9":"first","10":"instock","11":"taxable","12":"shipping-taxable","13":"purchasable","14":"product-type-simple"},"acf":[],"_links":{"self":[{"href":"https:\/\/vaasanluonnonravinto.fi\/sv\/wp-json\/wp\/v2\/product\/7812","targetHints":{"allow":["GET"]}}],"collection":[{"href":"https:\/\/vaasanluonnonravinto.fi\/sv\/wp-json\/wp\/v2\/product"}],"about":[{"href":"https:\/\/vaasanluonnonravinto.fi\/sv\/wp-json\/wp\/v2\/types\/product"}],"wp:featuredmedia":[{"embeddable":true,"href":"https:\/\/vaasanluonnonravinto.fi\/sv\/wp-json\/wp\/v2\/media\/7815"}],"wp:attachment":[{"href":"https:\/\/vaasanluonnonravinto.fi\/sv\/wp-json\/wp\/v2\/media?parent=7812"}],"wp:term":[{"taxonomy":"product_brand","embeddable":true,"href":"https:\/\/vaasanluonnonravinto.fi\/sv\/wp-json\/wp\/v2\/product_brand?post=7812"},{"taxonomy":"product_cat","embeddable":true,"href":"https:\/\/vaasanluonnonravinto.fi\/sv\/wp-json\/wp\/v2\/product_cat?post=7812"},{"taxonomy":"product_tag","embeddable":true,"href":"https:\/\/vaasanluonnonravinto.fi\/sv\/wp-json\/wp\/v2\/product_tag?post=7812"}],"curies":[{"name":"wp","href":"https:\/\/api.w.org\/{rel}","templated":true}]}}