{"id":7780,"date":"2019-08-21T10:01:07","date_gmt":"2019-08-21T07:01:07","guid":{"rendered":"https:\/\/vaasanluonnonravinto.fi\/?post_type=product&#038;p=7780"},"modified":"2026-02-09T11:43:28","modified_gmt":"2026-02-09T09:43:28","slug":"vitabalans-biotiini-strong-hair-nail","status":"publish","type":"product","link":"https:\/\/vaasanluonnonravinto.fi\/sv\/tuote\/vitabalans-biotiini-strong-hair-nail\/","title":{"rendered":"Vitabalans Biotiini Strong Hair &#038; Nail"},"content":{"rendered":"","protected":false},"excerpt":{"rendered":"<p>Tuuheutta hiuksille ja vahvuutta kynsille<\/p>\n<p>&nbsp;<\/p>\n<p>Ohuet hiukset tai liuskoittuvat kynnet ovat monelle tuttuja. Hiukset ja kynnet ovat sarveisainetta eli keratiinia. Se on vahva proteiini, jonka rakennetta lujittaa rikki. Hius kasvaa juuresta, jossa solut tuottavat jatkuvasti uutta keratiinia, mik\u00e4 kovettuu keratiinis\u00e4ikeiksi muodostaen hiuksen sis\u00e4osan. Kynsilevy koostuu kolmesta keratiinikerroksesta ja niiden v\u00e4liss\u00e4 olevasta rasvasta. Kynnen juuressa oleva vaalea, puolikuuta muistuttava alue on pehme\u00e4\u00e4 keratiinia, joka kovettuu kovaksi keratiiniksi kynnen k\u00e4rke\u00e4 kohti. B-vitamiineista biotiinia tarvitaan keratiinin muodostamiseen. Biotiini edist\u00e4\u00e4kin hiusten pysymist\u00e4 normaalina. Hiusten ja kynsien hyvinvointia t\u00e4ydent\u00e4\u00e4 sinkki, joka yll\u00e4pit\u00e4\u00e4 hiusten ja kynsien normaalia kuntoa.<\/p>\n<p>&nbsp;<\/p>\n<p>Biotiini Strongissa on hiuksille ja kynsille biotiinia, rikki\u00e4 sis\u00e4lt\u00e4v\u00e4\u00e4 metioniini-aminohappoa ja sinkki\u00e4.<\/p>\n<p>&nbsp;<\/p>\n<p>Ravintolis\u00e4 ei korvaa monipuolista ja tasapainoista ruokavaliota eik\u00e4 terveit\u00e4 el\u00e4m\u00e4ntapoja.<\/p>\n<p>&nbsp;<\/p>\n<p><strong>Annostus<\/strong>:<br \/>\nAikuisille 1 tabletti p\u00e4iv\u00e4ss\u00e4 niell\u00e4\u00e4n veden kanssa.<br \/>\nEi lapsille eik\u00e4 raskaana oleville ja imett\u00e4ville.<\/p>\n","protected":false},"featured_media":7781,"template":"","meta":{"_acf_changed":false,"rs_blank_template":"","rs_page_bg_color":"","slide_template_v7":""},"product_brand":[],"product_cat":[63,37,29,134],"product_tag":[],"class_list":{"0":"post-7780","1":"product","2":"type-product","3":"status-publish","4":"has-post-thumbnail","6":"product_cat-hiukset","7":"product_cat-kivennaisvalmisteet","8":"product_cat-lisaravinteet","9":"product_cat-vitabalans","11":"first","12":"instock","13":"taxable","14":"shipping-taxable","15":"purchasable","16":"product-type-simple"},"acf":[],"_links":{"self":[{"href":"https:\/\/vaasanluonnonravinto.fi\/sv\/wp-json\/wp\/v2\/product\/7780","targetHints":{"allow":["GET"]}}],"collection":[{"href":"https:\/\/vaasanluonnonravinto.fi\/sv\/wp-json\/wp\/v2\/product"}],"about":[{"href":"https:\/\/vaasanluonnonravinto.fi\/sv\/wp-json\/wp\/v2\/types\/product"}],"wp:featuredmedia":[{"embeddable":true,"href":"https:\/\/vaasanluonnonravinto.fi\/sv\/wp-json\/wp\/v2\/media\/7781"}],"wp:attachment":[{"href":"https:\/\/vaasanluonnonravinto.fi\/sv\/wp-json\/wp\/v2\/media?parent=7780"}],"wp:term":[{"taxonomy":"product_brand","embeddable":true,"href":"https:\/\/vaasanluonnonravinto.fi\/sv\/wp-json\/wp\/v2\/product_brand?post=7780"},{"taxonomy":"product_cat","embeddable":true,"href":"https:\/\/vaasanluonnonravinto.fi\/sv\/wp-json\/wp\/v2\/product_cat?post=7780"},{"taxonomy":"product_tag","embeddable":true,"href":"https:\/\/vaasanluonnonravinto.fi\/sv\/wp-json\/wp\/v2\/product_tag?post=7780"}],"curies":[{"name":"wp","href":"https:\/\/api.w.org\/{rel}","templated":true}]}}