{"id":7776,"date":"2019-08-21T09:54:52","date_gmt":"2019-08-21T06:54:52","guid":{"rendered":"https:\/\/vaasanluonnonravinto.fi\/?post_type=product&#038;p=7776"},"modified":"2026-01-14T10:02:44","modified_gmt":"2026-01-14T08:02:44","slug":"biolatte-havitall-250-g","status":"publish","type":"product","link":"https:\/\/vaasanluonnonravinto.fi\/sv\/tuote\/biolatte-havitall-250-g\/","title":{"rendered":"Biolatte Havitall 250 g"},"content":{"rendered":"","protected":false},"excerpt":{"rendered":"<p>Psyllium Huskia ja mustikkajauhetta sis\u00e4lt\u00e4v\u00e4 maitohappobakteerivalmiste.<\/p>\n<p>&nbsp;<\/p>\n<p><strong>Annostus ja k\u00e4ytt\u00f6<\/strong>:<br \/>\nSekoita 1 ruokalusikallinen Havitall-jauhetta 2-4 dl:aan vett\u00e4. Nauti v\u00e4litt\u00f6m\u00e4sti sekoittamisen j\u00e4lkeen. Kerran p\u00e4iv\u00e4ss\u00e4, noin 12 g\/pv. On suositeltavaa juoda runsaasti vett\u00e4 p\u00e4iv\u00e4n aikana. Ei alle 6-vuotiaille.<\/p>\n<p>HUOM! Ravistele purkkia hyvin ennen jokaista k\u00e4ytt\u00f6\u00e4.<\/p>\n<p>&nbsp;<\/p>\n<p>Psyllium -siemenen kuori on liukenematon luontainen kuitu, joka turpoaa joutuessaan kosketuksiin veden kanssa. Kuidun riitt\u00e4v\u00e4 karkeus (20 mesh) ja hajoamattomuus on turvallista ja auttaa suoliston toimintaa.<\/p>\n<p>&nbsp;<\/p>\n<p><strong>S\u00e4ilytys<\/strong>:<br \/>\nHyvin suljettuna, kuivassa paikassa. Ei lasten ulottuville.<\/p>\n<p>Suositeltavaa vuorokausiannosta ei saa ylitt\u00e4\u00e4. Ravintolis\u00e4 ei korvaa tasapainoista ja monipuolista ruokavaliota eik\u00e4 terveit\u00e4 el\u00e4m\u00e4ntapoja.<\/p>\n","protected":false},"featured_media":7777,"template":"","meta":{"_acf_changed":false},"product_brand":[],"product_cat":[133,107],"product_tag":[],"class_list":{"0":"post-7776","1":"product","2":"type-product","3":"status-publish","4":"has-post-thumbnail","6":"product_cat-biolatte","7":"product_cat-maitohappobakteerit","9":"first","10":"outofstock","11":"taxable","12":"shipping-taxable","13":"purchasable","14":"product-type-simple"},"acf":[],"_links":{"self":[{"href":"https:\/\/vaasanluonnonravinto.fi\/sv\/wp-json\/wp\/v2\/product\/7776","targetHints":{"allow":["GET"]}}],"collection":[{"href":"https:\/\/vaasanluonnonravinto.fi\/sv\/wp-json\/wp\/v2\/product"}],"about":[{"href":"https:\/\/vaasanluonnonravinto.fi\/sv\/wp-json\/wp\/v2\/types\/product"}],"wp:featuredmedia":[{"embeddable":true,"href":"https:\/\/vaasanluonnonravinto.fi\/sv\/wp-json\/wp\/v2\/media\/7777"}],"wp:attachment":[{"href":"https:\/\/vaasanluonnonravinto.fi\/sv\/wp-json\/wp\/v2\/media?parent=7776"}],"wp:term":[{"taxonomy":"product_brand","embeddable":true,"href":"https:\/\/vaasanluonnonravinto.fi\/sv\/wp-json\/wp\/v2\/product_brand?post=7776"},{"taxonomy":"product_cat","embeddable":true,"href":"https:\/\/vaasanluonnonravinto.fi\/sv\/wp-json\/wp\/v2\/product_cat?post=7776"},{"taxonomy":"product_tag","embeddable":true,"href":"https:\/\/vaasanluonnonravinto.fi\/sv\/wp-json\/wp\/v2\/product_tag?post=7776"}],"curies":[{"name":"wp","href":"https:\/\/api.w.org\/{rel}","templated":true}]}}