{"id":7768,"date":"2019-08-21T09:46:06","date_gmt":"2019-08-21T06:46:06","guid":{"rendered":"https:\/\/vaasanluonnonravinto.fi\/?post_type=product&#038;p=7768"},"modified":"2025-08-02T15:18:15","modified_gmt":"2025-08-02T12:18:15","slug":"biolatte-orginal-110-kaps","status":"publish","type":"product","link":"https:\/\/vaasanluonnonravinto.fi\/sv\/tuote\/biolatte-orginal-110-kaps\/","title":{"rendered":"Biolatte Orginal 110 kaps"},"content":{"rendered":"","protected":false},"excerpt":{"rendered":"<p><strong>Annostus ja k\u00e4ytt\u00f6<\/strong>:<br \/>\n3 kapselia p\u00e4iv\u00e4ss\u00e4, veden kera. Ei ruoan yhteydess\u00e4 (puoli tuntia ennen tai j\u00e4lkeen).<\/p>\n<p>&nbsp;<\/p>\n<p><strong>S\u00e4ilytys<\/strong>:<br \/>\nKuivassa paikassa, valolta suojattuna.<\/p>\n<p>Suositeltua annosta ei saa ylitt\u00e4\u00e4. Ravintolis\u00e4 ei korvaa tasapainoista ja monipuolista ruokavaliota eik\u00e4 terveit\u00e4 el\u00e4m\u00e4ntapoja.<\/p>\n","protected":false},"featured_media":7769,"template":"","meta":{"_acf_changed":false},"product_brand":[],"product_cat":[133,107],"product_tag":[],"class_list":{"0":"post-7768","1":"product","2":"type-product","3":"status-publish","4":"has-post-thumbnail","6":"product_cat-biolatte","7":"product_cat-maitohappobakteerit","9":"first","10":"instock","11":"taxable","12":"shipping-taxable","13":"purchasable","14":"product-type-simple"},"acf":[],"_links":{"self":[{"href":"https:\/\/vaasanluonnonravinto.fi\/sv\/wp-json\/wp\/v2\/product\/7768","targetHints":{"allow":["GET"]}}],"collection":[{"href":"https:\/\/vaasanluonnonravinto.fi\/sv\/wp-json\/wp\/v2\/product"}],"about":[{"href":"https:\/\/vaasanluonnonravinto.fi\/sv\/wp-json\/wp\/v2\/types\/product"}],"wp:featuredmedia":[{"embeddable":true,"href":"https:\/\/vaasanluonnonravinto.fi\/sv\/wp-json\/wp\/v2\/media\/7769"}],"wp:attachment":[{"href":"https:\/\/vaasanluonnonravinto.fi\/sv\/wp-json\/wp\/v2\/media?parent=7768"}],"wp:term":[{"taxonomy":"product_brand","embeddable":true,"href":"https:\/\/vaasanluonnonravinto.fi\/sv\/wp-json\/wp\/v2\/product_brand?post=7768"},{"taxonomy":"product_cat","embeddable":true,"href":"https:\/\/vaasanluonnonravinto.fi\/sv\/wp-json\/wp\/v2\/product_cat?post=7768"},{"taxonomy":"product_tag","embeddable":true,"href":"https:\/\/vaasanluonnonravinto.fi\/sv\/wp-json\/wp\/v2\/product_tag?post=7768"}],"curies":[{"name":"wp","href":"https:\/\/api.w.org\/{rel}","templated":true}]}}