{"id":7764,"date":"2019-08-21T09:41:50","date_gmt":"2019-08-21T06:41:50","guid":{"rendered":"https:\/\/vaasanluonnonravinto.fi\/?post_type=product&#038;p=7764"},"modified":"2025-08-02T15:18:34","modified_gmt":"2025-08-02T12:18:34","slug":"biolatte-boulardii-110-kaps","status":"publish","type":"product","link":"https:\/\/vaasanluonnonravinto.fi\/sv\/tuote\/biolatte-boulardii-110-kaps\/","title":{"rendered":"Biolatte Boulardii 110 kaps"},"content":{"rendered":"","protected":false},"excerpt":{"rendered":"<p><strong>Annostus ja k\u00e4ytt\u00f6<\/strong>:<br \/>\n1-2 kapselia p\u00e4iv\u00e4ss\u00e4 veden kera.<br \/>\n1 pussi p\u00e4iv\u00e4ss\u00e4 sekoitetaan veteen.<br \/>\nTuote voidaan ottaa ruokailun yhteydess\u00e4 tai tyhj\u00e4\u00e4n vatsaan.<\/p>\n<p>&nbsp;<\/p>\n<p><strong>S\u00e4ilytys<\/strong>:<br \/>\nKuivassa paikassa, valolta suojattuna. Ei lasten ulottuville.<br \/>\nSuositeltavaa vuorokausiannosta ei saa ylitt\u00e4\u00e4. Ravintolis\u00e4 ei korvaa tasapainoista ja monipuolista ruokavaliota eik\u00e4 terveit\u00e4 el\u00e4m\u00e4ntapoja.<\/p>\n<p>&nbsp;<\/p>\n<p>Saccharomyces cerevisiae var. boulardiita sis\u00e4lt\u00e4v\u00e4n valmisteen k\u00e4ytt\u00f6 on vasta-aiheista kriittisesti sairailla, immuunipuutteisilla potilailla tai potilailla, joilla on keskuslaskimokatetri.<\/p>\n","protected":false},"featured_media":7765,"template":"","meta":{"_acf_changed":false},"product_brand":[],"product_cat":[133,107],"product_tag":[],"class_list":{"0":"post-7764","1":"product","2":"type-product","3":"status-publish","4":"has-post-thumbnail","6":"product_cat-biolatte","7":"product_cat-maitohappobakteerit","9":"first","10":"instock","11":"taxable","12":"shipping-taxable","13":"purchasable","14":"product-type-simple"},"acf":[],"_links":{"self":[{"href":"https:\/\/vaasanluonnonravinto.fi\/sv\/wp-json\/wp\/v2\/product\/7764","targetHints":{"allow":["GET"]}}],"collection":[{"href":"https:\/\/vaasanluonnonravinto.fi\/sv\/wp-json\/wp\/v2\/product"}],"about":[{"href":"https:\/\/vaasanluonnonravinto.fi\/sv\/wp-json\/wp\/v2\/types\/product"}],"wp:featuredmedia":[{"embeddable":true,"href":"https:\/\/vaasanluonnonravinto.fi\/sv\/wp-json\/wp\/v2\/media\/7765"}],"wp:attachment":[{"href":"https:\/\/vaasanluonnonravinto.fi\/sv\/wp-json\/wp\/v2\/media?parent=7764"}],"wp:term":[{"taxonomy":"product_brand","embeddable":true,"href":"https:\/\/vaasanluonnonravinto.fi\/sv\/wp-json\/wp\/v2\/product_brand?post=7764"},{"taxonomy":"product_cat","embeddable":true,"href":"https:\/\/vaasanluonnonravinto.fi\/sv\/wp-json\/wp\/v2\/product_cat?post=7764"},{"taxonomy":"product_tag","embeddable":true,"href":"https:\/\/vaasanluonnonravinto.fi\/sv\/wp-json\/wp\/v2\/product_tag?post=7764"}],"curies":[{"name":"wp","href":"https:\/\/api.w.org\/{rel}","templated":true}]}}