{"id":7752,"date":"2019-08-21T09:33:47","date_gmt":"2019-08-21T06:33:47","guid":{"rendered":"https:\/\/vaasanluonnonravinto.fi\/?post_type=product&#038;p=7752"},"modified":"2025-08-02T15:18:53","modified_gmt":"2025-08-02T12:18:53","slug":"biolatte-original-l-60-g","status":"publish","type":"product","link":"https:\/\/vaasanluonnonravinto.fi\/sv\/tuote\/biolatte-original-l-60-g\/","title":{"rendered":"Biolatte Original-L 60 g"},"content":{"rendered":"","protected":false},"excerpt":{"rendered":"<p>Helposti liukeneva maitohappobakteerivalmiste, joka voidaan antaa veteen tai \u00e4idinmaitoon sekoitettuna esimerkiksi tuttipullosta. Tuote sis\u00e4lt\u00e4\u00e4 Bifido bacterium Bb-12 maitohappobakteeria, sek\u00e4 kolmea muuta vahvaa ja ihmisspesifist\u00e4 bakteerikantaa. Original-L ei sis\u00e4ll\u00e4 allergisoivia ainesosia ja voidaan antaa jo heti vastasyntyneelle. Tuote on entinen Biolatte BB.<\/p>\n<p>&nbsp;<\/p>\n<p><strong>Annostus ja k\u00e4ytt\u00f6<\/strong>:<br \/>\n2,5 g p\u00e4iv\u00e4ss\u00e4 sekoitettuna veteen (max 37 astetta). Liuekeneva jauhe voidaan antaa my\u00f6s suoraan suuhun.<\/p>\n<p>&nbsp;<\/p>\n<p><strong>S\u00e4ilytys<\/strong>:<br \/>\nKuivassa, viile\u00e4ss\u00e4 ja valolta suojattuna. Ei lasten ulottuville.<\/p>\n<p>&nbsp;<\/p>\n<p>Suositeltua vuorokausiannosta ei saa ylitt\u00e4\u00e4. Ravintolis\u00e4 ei korvaa tasapainoista ja monipuolista ruokavaliota eik\u00e4 terveit\u00e4 el\u00e4m\u00e4ntapoja.<\/p>\n","protected":false},"featured_media":7753,"template":"","meta":{"_acf_changed":false},"product_brand":[],"product_cat":[133,107],"product_tag":[],"class_list":{"0":"post-7752","1":"product","2":"type-product","3":"status-publish","4":"has-post-thumbnail","6":"product_cat-biolatte","7":"product_cat-maitohappobakteerit","9":"first","10":"instock","11":"taxable","12":"shipping-taxable","13":"purchasable","14":"product-type-simple"},"acf":[],"_links":{"self":[{"href":"https:\/\/vaasanluonnonravinto.fi\/sv\/wp-json\/wp\/v2\/product\/7752","targetHints":{"allow":["GET"]}}],"collection":[{"href":"https:\/\/vaasanluonnonravinto.fi\/sv\/wp-json\/wp\/v2\/product"}],"about":[{"href":"https:\/\/vaasanluonnonravinto.fi\/sv\/wp-json\/wp\/v2\/types\/product"}],"wp:featuredmedia":[{"embeddable":true,"href":"https:\/\/vaasanluonnonravinto.fi\/sv\/wp-json\/wp\/v2\/media\/7753"}],"wp:attachment":[{"href":"https:\/\/vaasanluonnonravinto.fi\/sv\/wp-json\/wp\/v2\/media?parent=7752"}],"wp:term":[{"taxonomy":"product_brand","embeddable":true,"href":"https:\/\/vaasanluonnonravinto.fi\/sv\/wp-json\/wp\/v2\/product_brand?post=7752"},{"taxonomy":"product_cat","embeddable":true,"href":"https:\/\/vaasanluonnonravinto.fi\/sv\/wp-json\/wp\/v2\/product_cat?post=7752"},{"taxonomy":"product_tag","embeddable":true,"href":"https:\/\/vaasanluonnonravinto.fi\/sv\/wp-json\/wp\/v2\/product_tag?post=7752"}],"curies":[{"name":"wp","href":"https:\/\/api.w.org\/{rel}","templated":true}]}}