{"id":7622,"date":"2019-08-20T12:56:48","date_gmt":"2019-08-20T09:56:48","guid":{"rendered":"https:\/\/vaasanluonnonravinto.fi\/?post_type=product&#038;p=7622"},"modified":"2026-02-09T11:44:45","modified_gmt":"2026-02-09T09:44:45","slug":"nordichealth-b12boost-suusuihke-25-ml","status":"publish","type":"product","link":"https:\/\/vaasanluonnonravinto.fi\/sv\/tuote\/nordichealth-b12boost-suusuihke-25-ml\/","title":{"rendered":"NordicHealth B12Boost suusuihke 25 ml"},"content":{"rendered":"<p>B12-vitamiini Boost B12-vitamiinisuusuihkeessamme on metyylikobalamiinia. T\u00e4m\u00e4 on valittu sen paremman imeytymisen takia ja n\u00e4in voidaan varmistaa vitamiinin imeytyminen verenkiertoon suun limakalvojen kautta. Tutkijat ovat vakuuttuneita siit\u00e4, ett\u00e4 B12-vitamiini tulisi ottaa nimenomaan metyylikobalamiini muotoisena. B12-valmisteiden raaka-aineena k\u00e4ytet\u00e4\u00e4n my\u00f6s syanokobalamiini B12, mutta emme halua k\u00e4ytt\u00e4\u00e4 t\u00e4t\u00e4 suihkeissamme, sill\u00e4 se ei ole raaka-aineena tehokas tai toimiva eik\u00e4 mielest\u00e4mme tuota toivottua terveyshy\u00f6ty\u00e4.<\/p>\n<p>&nbsp;<\/p>\n<p>Sopii my\u00f6s vegaaneille.<\/p>\n<p>&nbsp;<\/p>\n<p>Ravintolis\u00e4.<\/p>\n","protected":false},"excerpt":{"rendered":"<p>Tutkitusti ylivertaisesti imeytyv\u00e4 B12-vitamiini!\u00a0K\u00e4tev\u00e4 k\u00e4ytt\u00e4\u00e4, ei ik\u00e4v\u00e4\u00e4 pillereiden nielemist\u00e4.<br \/>\nB12-vitamiini v\u00e4hent\u00e4\u00e4 v\u00e4symyst\u00e4 ja edesauttaa hermoston sek\u00e4 aivojen normaalia toimintaa. Kromi auttaa pit\u00e4m\u00e4\u00e4n yll\u00e4 kehon normaalia verensokeripitoisuutta. Boost B12-vitamiinisuusuihke imeytyy tutkitusti parhaiten posken limakalvolta.<\/p>\n<p>&nbsp;<\/p>\n<p>Aprikoosin makuinen, ei sis\u00e4ll\u00e4 keinotekoisia lis\u00e4aineita. Helppo annostella.<\/p>\n<p>&nbsp;<\/p>\n","protected":false},"featured_media":7623,"template":"","meta":{"_acf_changed":false},"product_brand":[],"product_cat":[29,130,36],"product_tag":[],"class_list":{"0":"post-7622","1":"product","2":"type-product","3":"status-publish","4":"has-post-thumbnail","6":"product_cat-lisaravinteet","7":"product_cat-nordichealth","8":"product_cat-vitamiinit","10":"first","11":"instock","12":"taxable","13":"shipping-taxable","14":"purchasable","15":"product-type-simple"},"acf":[],"_links":{"self":[{"href":"https:\/\/vaasanluonnonravinto.fi\/sv\/wp-json\/wp\/v2\/product\/7622","targetHints":{"allow":["GET"]}}],"collection":[{"href":"https:\/\/vaasanluonnonravinto.fi\/sv\/wp-json\/wp\/v2\/product"}],"about":[{"href":"https:\/\/vaasanluonnonravinto.fi\/sv\/wp-json\/wp\/v2\/types\/product"}],"wp:featuredmedia":[{"embeddable":true,"href":"https:\/\/vaasanluonnonravinto.fi\/sv\/wp-json\/wp\/v2\/media\/7623"}],"wp:attachment":[{"href":"https:\/\/vaasanluonnonravinto.fi\/sv\/wp-json\/wp\/v2\/media?parent=7622"}],"wp:term":[{"taxonomy":"product_brand","embeddable":true,"href":"https:\/\/vaasanluonnonravinto.fi\/sv\/wp-json\/wp\/v2\/product_brand?post=7622"},{"taxonomy":"product_cat","embeddable":true,"href":"https:\/\/vaasanluonnonravinto.fi\/sv\/wp-json\/wp\/v2\/product_cat?post=7622"},{"taxonomy":"product_tag","embeddable":true,"href":"https:\/\/vaasanluonnonravinto.fi\/sv\/wp-json\/wp\/v2\/product_tag?post=7622"}],"curies":[{"name":"wp","href":"https:\/\/api.w.org\/{rel}","templated":true}]}}