{"id":7606,"date":"2019-08-20T12:43:25","date_gmt":"2019-08-20T09:43:25","guid":{"rendered":"https:\/\/vaasanluonnonravinto.fi\/?post_type=product&#038;p=7606"},"modified":"2021-04-19T14:45:50","modified_gmt":"2021-04-19T11:45:50","slug":"nordichealth-dlux3000-oral-spray-15-ml","status":"publish","type":"product","link":"https:\/\/vaasanluonnonravinto.fi\/sv\/tuote\/nordichealth-dlux3000-oral-spray-15-ml\/","title":{"rendered":"NordicHealth Dlux4000 oral spray 15 ml"},"content":{"rendered":"","protected":false},"excerpt":{"rendered":"<p>D-vitamiinisuusuihke &#8211; Palkittu parhaana ravintolis\u00e4n\u00e4!<br \/>\nTutkitusti ylivertaisesti imeytyv\u00e4 D-vitamiini. T\u00e4rke\u00e4 vastustuskyvylle sek\u00e4 luuston ja hampaiden terveydelle.<\/p>\n<p>&nbsp;<\/p>\n<p>P\u00e4iv\u00e4annos (1 suihkaus) sis\u00e4lt\u00e4\u00e4 75mcg posken limakalvolta erinomaisesti imeytyv\u00e4\u00e4 D3-vitamiinia.<\/p>\n<p>&nbsp;<\/p>\n<p>Luonnollisen piparmintun makuinen, ei sis\u00e4ll\u00e4 keinotekoisia lis\u00e4aineita. Helppo annostella.<\/p>\n<p>&nbsp;<\/p>\n<p>Sopii my\u00f6s kasvissy\u00f6jille.<\/p>\n<p>&nbsp;<\/p>\n<p>Ravintolis\u00e4.<\/p>\n","protected":false},"featured_media":7607,"template":"","meta":{"_acf_changed":false},"product_brand":[],"product_cat":[29,130,36],"product_tag":[],"class_list":{"0":"post-7606","1":"product","2":"type-product","3":"status-publish","4":"has-post-thumbnail","6":"product_cat-lisaravinteet","7":"product_cat-nordichealth","8":"product_cat-vitamiinit","10":"first","11":"instock","12":"taxable","13":"shipping-taxable","14":"purchasable","15":"product-type-simple"},"acf":[],"_links":{"self":[{"href":"https:\/\/vaasanluonnonravinto.fi\/sv\/wp-json\/wp\/v2\/product\/7606","targetHints":{"allow":["GET"]}}],"collection":[{"href":"https:\/\/vaasanluonnonravinto.fi\/sv\/wp-json\/wp\/v2\/product"}],"about":[{"href":"https:\/\/vaasanluonnonravinto.fi\/sv\/wp-json\/wp\/v2\/types\/product"}],"wp:featuredmedia":[{"embeddable":true,"href":"https:\/\/vaasanluonnonravinto.fi\/sv\/wp-json\/wp\/v2\/media\/7607"}],"wp:attachment":[{"href":"https:\/\/vaasanluonnonravinto.fi\/sv\/wp-json\/wp\/v2\/media?parent=7606"}],"wp:term":[{"taxonomy":"product_brand","embeddable":true,"href":"https:\/\/vaasanluonnonravinto.fi\/sv\/wp-json\/wp\/v2\/product_brand?post=7606"},{"taxonomy":"product_cat","embeddable":true,"href":"https:\/\/vaasanluonnonravinto.fi\/sv\/wp-json\/wp\/v2\/product_cat?post=7606"},{"taxonomy":"product_tag","embeddable":true,"href":"https:\/\/vaasanluonnonravinto.fi\/sv\/wp-json\/wp\/v2\/product_tag?post=7606"}],"curies":[{"name":"wp","href":"https:\/\/api.w.org\/{rel}","templated":true}]}}