{"id":7590,"date":"2019-08-20T11:20:39","date_gmt":"2019-08-20T08:20:39","guid":{"rendered":"https:\/\/vaasanluonnonravinto.fi\/?post_type=product&#038;p=7590"},"modified":"2020-09-14T16:34:25","modified_gmt":"2020-09-14T13:34:25","slug":"frantsila-siankarsamo-yrttiuute-50-ml","status":"publish","type":"product","link":"https:\/\/vaasanluonnonravinto.fi\/sv\/tuote\/frantsila-siankarsamo-yrttiuute-50-ml\/","title":{"rendered":"Frantsila Siank\u00e4rs\u00e4m\u00f6 -yrttiuute 50 ml"},"content":{"rendered":"<p><strong>K\u00e4ytt\u00f6ohje<\/strong>: Sis\u00e4isesti aikuisille 15-20 tippaa 2-5 kertaa p\u00e4iv\u00e4ss\u00e4 veden kera, 2-3 viikon kuureina tai tarvittaessa. Suositeltua vuorokausiannosta ei saa ylitt\u00e4\u00e4.<\/p>\n<p>Ravintolis\u00e4 ei korvaa monipuolista ja tasapainoista ruokavaliota eik\u00e4 terveit\u00e4 el\u00e4m\u00e4ntapoja. Tuote on s\u00e4ilytett\u00e4v\u00e4 pienten lasten ulottumattomissa.<\/p>\n","protected":false},"excerpt":{"rendered":"<p>Suomalaisen kansanparannusperinteen tuhattaituri.<\/p>\n<p>Vastustuskykyyn ja vatsalle. Tuotteen teho perustuu fytoterapeuttiseen luomusiank\u00e4rs\u00e4m\u00f6n kukista tehtyyn uutokseen.<\/p>\n","protected":false},"featured_media":7591,"template":"","meta":{"_acf_changed":false,"rs_blank_template":"","rs_page_bg_color":"","slide_template_v7":""},"product_brand":[],"product_cat":[128,29,40,50],"product_tag":[],"class_list":{"0":"post-7590","1":"product","2":"type-product","3":"status-publish","4":"has-post-thumbnail","6":"product_cat-frantsila","7":"product_cat-lisaravinteet","8":"product_cat-vatsan-hyvinvointivalmisteet","9":"product_cat-yrttivalmisteet","11":"first","12":"instock","13":"taxable","14":"shipping-taxable","15":"purchasable","16":"product-type-simple"},"acf":[],"_links":{"self":[{"href":"https:\/\/vaasanluonnonravinto.fi\/sv\/wp-json\/wp\/v2\/product\/7590","targetHints":{"allow":["GET"]}}],"collection":[{"href":"https:\/\/vaasanluonnonravinto.fi\/sv\/wp-json\/wp\/v2\/product"}],"about":[{"href":"https:\/\/vaasanluonnonravinto.fi\/sv\/wp-json\/wp\/v2\/types\/product"}],"wp:featuredmedia":[{"embeddable":true,"href":"https:\/\/vaasanluonnonravinto.fi\/sv\/wp-json\/wp\/v2\/media\/7591"}],"wp:attachment":[{"href":"https:\/\/vaasanluonnonravinto.fi\/sv\/wp-json\/wp\/v2\/media?parent=7590"}],"wp:term":[{"taxonomy":"product_brand","embeddable":true,"href":"https:\/\/vaasanluonnonravinto.fi\/sv\/wp-json\/wp\/v2\/product_brand?post=7590"},{"taxonomy":"product_cat","embeddable":true,"href":"https:\/\/vaasanluonnonravinto.fi\/sv\/wp-json\/wp\/v2\/product_cat?post=7590"},{"taxonomy":"product_tag","embeddable":true,"href":"https:\/\/vaasanluonnonravinto.fi\/sv\/wp-json\/wp\/v2\/product_tag?post=7590"}],"curies":[{"name":"wp","href":"https:\/\/api.w.org\/{rel}","templated":true}]}}