{"id":7574,"date":"2019-08-20T11:09:10","date_gmt":"2019-08-20T08:09:10","guid":{"rendered":"https:\/\/vaasanluonnonravinto.fi\/?post_type=product&#038;p=7574"},"modified":"2020-09-14T16:34:23","modified_gmt":"2020-09-14T13:34:23","slug":"frantsila-nokkostipat-50-ml","status":"publish","type":"product","link":"https:\/\/vaasanluonnonravinto.fi\/sv\/tuote\/frantsila-nokkostipat-50-ml\/","title":{"rendered":"Frantsila Nokkostipat 50 ml"},"content":{"rendered":"<p><strong>K\u00e4ytt\u00f6ohje<\/strong>: 20 tippaa 3 kertaa p\u00e4iv\u00e4ss\u00e4 veden kera. Pikkulapsille ik\u00e4vuosien mukaan alkaen 3:sta tipasta (esimerkiksi 3-vuotiaalle 3 tippaa). Alle 1-vuotiaille tipat kuumaan veteen, jotta alkoholi haihtuisi pois. V\u00e4lt\u00e4 suuria m\u00e4\u00e4ri\u00e4 jos hemoglobiini on kovin korkea ja veri ns. \u201cpaksua\u201d. Liiallinen annostus raskauden aikana voi aiheuttaa supistelua. Suositeltua vuorokausiannosta ei saa ylitt\u00e4\u00e4.<\/p>\n<p>&nbsp;<\/p>\n<p>Ravintolis\u00e4 ei korvaa monipuolista ja tasapainoista ruokavaliota eik\u00e4 terveit\u00e4 el\u00e4m\u00e4ntapoja. Tuote on s\u00e4ilytett\u00e4v\u00e4 pienten lasten ulottumattomissa.<\/p>\n","protected":false},"excerpt":{"rendered":"<p>Rautainen troppi antamaan puhtia.<\/p>\n<p>Kohottamaan vireytt\u00e4 ja tukemaan vastustuskyky\u00e4. Tuotteen teho perustuu fytoterapeuttiseen luomunokkosuutokseen.<\/p>\n","protected":false},"featured_media":7575,"template":"","meta":{"_acf_changed":false},"product_brand":[],"product_cat":[128,29,50],"product_tag":[],"class_list":{"0":"post-7574","1":"product","2":"type-product","3":"status-publish","4":"has-post-thumbnail","6":"product_cat-frantsila","7":"product_cat-lisaravinteet","8":"product_cat-yrttivalmisteet","10":"first","11":"instock","12":"taxable","13":"shipping-taxable","14":"purchasable","15":"product-type-simple"},"acf":[],"_links":{"self":[{"href":"https:\/\/vaasanluonnonravinto.fi\/sv\/wp-json\/wp\/v2\/product\/7574","targetHints":{"allow":["GET"]}}],"collection":[{"href":"https:\/\/vaasanluonnonravinto.fi\/sv\/wp-json\/wp\/v2\/product"}],"about":[{"href":"https:\/\/vaasanluonnonravinto.fi\/sv\/wp-json\/wp\/v2\/types\/product"}],"wp:featuredmedia":[{"embeddable":true,"href":"https:\/\/vaasanluonnonravinto.fi\/sv\/wp-json\/wp\/v2\/media\/7575"}],"wp:attachment":[{"href":"https:\/\/vaasanluonnonravinto.fi\/sv\/wp-json\/wp\/v2\/media?parent=7574"}],"wp:term":[{"taxonomy":"product_brand","embeddable":true,"href":"https:\/\/vaasanluonnonravinto.fi\/sv\/wp-json\/wp\/v2\/product_brand?post=7574"},{"taxonomy":"product_cat","embeddable":true,"href":"https:\/\/vaasanluonnonravinto.fi\/sv\/wp-json\/wp\/v2\/product_cat?post=7574"},{"taxonomy":"product_tag","embeddable":true,"href":"https:\/\/vaasanluonnonravinto.fi\/sv\/wp-json\/wp\/v2\/product_tag?post=7574"}],"curies":[{"name":"wp","href":"https:\/\/api.w.org\/{rel}","templated":true}]}}