{"id":7454,"date":"2019-08-19T15:54:40","date_gmt":"2019-08-19T12:54:40","guid":{"rendered":"https:\/\/vaasanluonnonravinto.fi\/?post_type=product&#038;p=7454"},"modified":"2025-08-01T00:37:07","modified_gmt":"2025-07-31T21:37:07","slug":"new-nordic-wonder-legs-30-tabl","status":"publish","type":"product","link":"https:\/\/vaasanluonnonravinto.fi\/sv\/tuote\/new-nordic-wonder-legs-30-tabl\/","title":{"rendered":"New Nordic Wonder Legs 30 tabl"},"content":{"rendered":"<p><strong>V\u00c4SYNEET JA RASKAILTA TUNTUVAT JALAT<\/strong><\/p>\n<p>Wonder Legs\u2122 -tabletit auttavat yll\u00e4pit\u00e4m\u00e4\u00e4n verisuoniston normaalia toimintaa ja v\u00e4hent\u00e4v\u00e4t v\u00e4syneisyyden tunnetta jaloissa. Ainutlaatuinen bioaktiivinen ravinneyhdistelm\u00e4 auttaa v\u00e4hent\u00e4m\u00e4\u00e4n pitk\u00e4aikaisen seisomisen tai istumisen j\u00e4lkeist\u00e4 v\u00e4syneisyyden tunnetta jaloissa. Tabletit valmistetaan Ruotsissa. Ne sis\u00e4lt\u00e4v\u00e4t rannikkom\u00e4nnynkuoriuutetta ja viinik\u00f6ynn\u00f6ksen lehtiuutetta. Wonder Legs\u2122 -tabletit sis\u00e4lt\u00e4v\u00e4t rannikkom\u00e4nnyn kuoriuutetta ja punaisen viiniryp\u00e4leen lehtiuutetta. C-vitamiini edist\u00e4\u00e4 verisuonten normaalia kollageeninmuodostusta.<\/p>\n<p>&nbsp;<\/p>\n<p><strong>SUOSITELTU VUOROKAUSIANNOS<\/strong><\/p>\n<p>1 tabletti p\u00e4iv\u00e4ss\u00e4 ruokailun yhteydess\u00e4. Ilmoitettua suositeltua vuorokausiannosta ei saa ylitt\u00e4\u00e4. Ravintolis\u00e4\u00e4 ei tule k\u00e4ytt\u00e4\u00e4 monipuolisen ruokavalion tai terveiden el\u00e4m\u00e4ntapojen korvikkeena. Ei alle 11-vuotiaille. Ei suositella raskaana oleville eik\u00e4 imett\u00e4ville \u00e4ideille. Tuote on s\u00e4ilytett\u00e4v\u00e4 pienten lasten ulottumattomissa. Tarkista yhteensopivuus l\u00e4\u00e4kkeidesi kanssa l\u00e4\u00e4k\u00e4rilt\u00e4. Ei sovi Marevan verenohennusl\u00e4\u00e4kkeen kanssa yhteen. Valmistettu Ruotsissa farmaseuttisen laadunvalvonnan alaisuudessa.<\/p>\n","protected":false},"excerpt":{"rendered":"<p>Wonder Legs\u2122<\/p>\n<ul>\n<li>Verenkierto<\/li>\n<li>Rannikkom\u00e4nnynkuoriuutetta ja viinilehtiuutetta<\/li>\n<li>Vahva valmiste<\/li>\n<li>Auttaa v\u00e4hent\u00e4m\u00e4\u00e4n v\u00e4syneisyyden tunnetta jaloissa<\/li>\n<li>Yksi tabletti p\u00e4iv\u00e4ss\u00e4<\/li>\n<\/ul>\n","protected":false},"featured_media":7393,"template":"","meta":{"_acf_changed":false,"rs_blank_template":"","rs_page_bg_color":"","slide_template_v7":""},"product_brand":[],"product_cat":[29,126,36,50],"product_tag":[],"class_list":{"0":"post-7454","1":"product","2":"type-product","3":"status-publish","4":"has-post-thumbnail","6":"product_cat-lisaravinteet","7":"product_cat-new-nordic-2","8":"product_cat-vitamiinit","9":"product_cat-yrttivalmisteet","11":"first","12":"instock","13":"taxable","14":"shipping-taxable","15":"purchasable","16":"product-type-simple"},"acf":[],"_links":{"self":[{"href":"https:\/\/vaasanluonnonravinto.fi\/sv\/wp-json\/wp\/v2\/product\/7454","targetHints":{"allow":["GET"]}}],"collection":[{"href":"https:\/\/vaasanluonnonravinto.fi\/sv\/wp-json\/wp\/v2\/product"}],"about":[{"href":"https:\/\/vaasanluonnonravinto.fi\/sv\/wp-json\/wp\/v2\/types\/product"}],"wp:featuredmedia":[{"embeddable":true,"href":"https:\/\/vaasanluonnonravinto.fi\/sv\/wp-json\/wp\/v2\/media\/7393"}],"wp:attachment":[{"href":"https:\/\/vaasanluonnonravinto.fi\/sv\/wp-json\/wp\/v2\/media?parent=7454"}],"wp:term":[{"taxonomy":"product_brand","embeddable":true,"href":"https:\/\/vaasanluonnonravinto.fi\/sv\/wp-json\/wp\/v2\/product_brand?post=7454"},{"taxonomy":"product_cat","embeddable":true,"href":"https:\/\/vaasanluonnonravinto.fi\/sv\/wp-json\/wp\/v2\/product_cat?post=7454"},{"taxonomy":"product_tag","embeddable":true,"href":"https:\/\/vaasanluonnonravinto.fi\/sv\/wp-json\/wp\/v2\/product_tag?post=7454"}],"curies":[{"name":"wp","href":"https:\/\/api.w.org\/{rel}","templated":true}]}}