{"id":7450,"date":"2019-08-19T15:48:12","date_gmt":"2019-08-19T12:48:12","guid":{"rendered":"https:\/\/vaasanluonnonravinto.fi\/?post_type=product&#038;p=7450"},"modified":"2021-07-29T14:31:43","modified_gmt":"2021-07-29T11:31:43","slug":"new-nordic-dida-90-tabl","status":"publish","type":"product","link":"https:\/\/vaasanluonnonravinto.fi\/sv\/tuote\/new-nordic-dida-90-tabl\/","title":{"rendered":"New Nordic Dida 90 tabl"},"content":{"rendered":"<p><strong>VATSA JA RUOANSULATUS<\/strong><br \/>\nDida\u2122 tablettien ainutlaatuinen yhdistelm\u00e4 bioaktiivisia ravinteita, yrttej\u00e4 ja mauste\u00f6ljyj\u00e4 tukee suoliston hyvinvointia ja sen limakalvoja. Kaneli\u00f6ljy, fenkoli\u00f6ljy ja piparminttu\u00f6ljy auttavat v\u00e4hent\u00e4m\u00e4\u00e4n ilman muodostusta. Anti-mikrobinen yrttiyhdistelm\u00e4 sis\u00e4lt\u00e4\u00e4 mm. timjamia ja valkosipulia, jotka auttava yll\u00e4pit\u00e4m\u00e4\u00e4n ruoansulatuskanavan biosf\u00e4\u00e4ri\u00e4. Niasiini auttaa yll\u00e4pit\u00e4m\u00e4\u00e4n limakalvojen hyvinvointia.<\/p>\n<p>&nbsp;<\/p>\n<p><strong>SUOSITELTU VUOROKAUSIANNOS JA K\u00c4YTT\u00d6OHJE<\/strong><\/p>\n<p>Kuurina 2 tablettia p\u00e4iv\u00e4ss\u00e4 nesteen kanssa 45 p\u00e4iv\u00e4n ajan. T\u00e4m\u00e4n j\u00e4lkeen 1 tabletti p\u00e4iv\u00e4ss\u00e4 nesteen kanssa. Ravintolis\u00e4 ei korvaa monipuolista ruokavaliota tai terveit\u00e4 el\u00e4m\u00e4ntapoja. Ilmoitettua suositeltua vuorokausiannosta ei saa ylitt\u00e4\u00e4. Tuote on s\u00e4ilytett\u00e4v\u00e4 pienten lasten ulottumattomissa. Ei alle 11-vuotiaille. Mik\u00e4li olet raskaana, imet\u00e4t tai sinulla on allergioita, keskustele terveydenalan ammattilaisen kanssa tuotteen k\u00e4yt\u00f6st\u00e4.<\/p>\n","protected":false},"excerpt":{"rendered":"<p>dida\u2122<\/p>\n<ul>\n<li>Suoliston hyvinvointiin<\/li>\n<li>Kanelipohjainen yrttiuutevalmiste<\/li>\n<li>2 Tablettia p\u00e4ivitt\u00e4in<\/li>\n<\/ul>\n","protected":false},"featured_media":7407,"template":"","meta":{"_acf_changed":false,"rs_blank_template":"","rs_page_bg_color":"","slide_template_v7":""},"product_brand":[],"product_cat":[29,126,40,50],"product_tag":[],"class_list":{"0":"post-7450","1":"product","2":"type-product","3":"status-publish","4":"has-post-thumbnail","6":"product_cat-lisaravinteet","7":"product_cat-new-nordic-2","8":"product_cat-vatsan-hyvinvointivalmisteet","9":"product_cat-yrttivalmisteet","11":"first","12":"instock","13":"taxable","14":"shipping-taxable","15":"purchasable","16":"product-type-simple"},"acf":[],"_links":{"self":[{"href":"https:\/\/vaasanluonnonravinto.fi\/sv\/wp-json\/wp\/v2\/product\/7450","targetHints":{"allow":["GET"]}}],"collection":[{"href":"https:\/\/vaasanluonnonravinto.fi\/sv\/wp-json\/wp\/v2\/product"}],"about":[{"href":"https:\/\/vaasanluonnonravinto.fi\/sv\/wp-json\/wp\/v2\/types\/product"}],"wp:featuredmedia":[{"embeddable":true,"href":"https:\/\/vaasanluonnonravinto.fi\/sv\/wp-json\/wp\/v2\/media\/7407"}],"wp:attachment":[{"href":"https:\/\/vaasanluonnonravinto.fi\/sv\/wp-json\/wp\/v2\/media?parent=7450"}],"wp:term":[{"taxonomy":"product_brand","embeddable":true,"href":"https:\/\/vaasanluonnonravinto.fi\/sv\/wp-json\/wp\/v2\/product_brand?post=7450"},{"taxonomy":"product_cat","embeddable":true,"href":"https:\/\/vaasanluonnonravinto.fi\/sv\/wp-json\/wp\/v2\/product_cat?post=7450"},{"taxonomy":"product_tag","embeddable":true,"href":"https:\/\/vaasanluonnonravinto.fi\/sv\/wp-json\/wp\/v2\/product_tag?post=7450"}],"curies":[{"name":"wp","href":"https:\/\/api.w.org\/{rel}","templated":true}]}}