{"id":7449,"date":"2019-08-19T15:42:02","date_gmt":"2019-08-19T12:42:02","guid":{"rendered":"https:\/\/vaasanluonnonravinto.fi\/?post_type=product&#038;p=7449"},"modified":"2026-05-01T17:37:22","modified_gmt":"2026-05-01T14:37:22","slug":"new-nordic-mulberry-120-tabl","status":"publish","type":"product","link":"https:\/\/vaasanluonnonravinto.fi\/sv\/tuote\/new-nordic-mulberry-120-tabl\/","title":{"rendered":"New Nordic Mulberry 120 tabl"},"content":{"rendered":"<p><strong>VERENSOKERIN HALLINTAAN<\/strong><\/p>\n<p>Mulberry\u2122 tabletit on tarkoitettu henkil\u00f6ille, jotka haluavat tukea ruokailun j\u00e4lkeisen verensokeritasapainon hallintaan. Tabletit perustuvat perinteiseen Japanilaiseen yrttiyhdistelm\u00e4\u00e4n. Kromi auttaa yll\u00e4pit\u00e4m\u00e4\u00e4n normaalia verensokeritasapainoa ja tukee painonhallintaa.<\/p>\n<p>&nbsp;<\/p>\n<p><strong>SUOSITELTU VUOROKAUSIANNOS JA K\u00c4YTT\u00d6OHJE<\/strong><\/p>\n<p>1 tabletti 3 kertaa p\u00e4iv\u00e4ss\u00e4 nesteen kera 10 minuuttia ennen ruokailua. Ravintolis\u00e4 ei korvaa monipuolista ruokavaliota tai terveit\u00e4 el\u00e4m\u00e4ntapoja. Ilmoitettua suositeltua vuorokausiannosta ei saa ylitt\u00e4\u00e4. Tuote on s\u00e4ilytett\u00e4v\u00e4 pienten lasten ulottumattomissa. Ei raskaana oleville eik\u00e4 imett\u00e4ville.<\/p>\n","protected":false},"excerpt":{"rendered":"<p>Mulberry\u2122<\/p>\n<ul>\n<li>Ruokailunj\u00e4lkeisen verensokerin hallintaan<\/li>\n<li>Auttaa normaalin verensokeritasapainon yll\u00e4pidossa<\/li>\n<li>Valkoisen mulperipuunlehte\u00e4 ja kromia<\/li>\n<li>V\u00e4hent\u00e4\u00e4 hiilihydraatteja<\/li>\n<li>Tukee painonhallintaa<\/li>\n<\/ul>\n","protected":false},"featured_media":7446,"template":"","meta":{"_acf_changed":false},"product_brand":[],"product_cat":[37,29,126],"product_tag":[],"class_list":{"0":"post-7449","1":"product","2":"type-product","3":"status-publish","4":"has-post-thumbnail","6":"product_cat-kivennaisvalmisteet","7":"product_cat-lisaravinteet","8":"product_cat-new-nordic-2","10":"first","11":"instock","12":"taxable","13":"shipping-taxable","14":"purchasable","15":"product-type-simple"},"acf":[],"_links":{"self":[{"href":"https:\/\/vaasanluonnonravinto.fi\/sv\/wp-json\/wp\/v2\/product\/7449","targetHints":{"allow":["GET"]}}],"collection":[{"href":"https:\/\/vaasanluonnonravinto.fi\/sv\/wp-json\/wp\/v2\/product"}],"about":[{"href":"https:\/\/vaasanluonnonravinto.fi\/sv\/wp-json\/wp\/v2\/types\/product"}],"wp:featuredmedia":[{"embeddable":true,"href":"https:\/\/vaasanluonnonravinto.fi\/sv\/wp-json\/wp\/v2\/media\/7446"}],"wp:attachment":[{"href":"https:\/\/vaasanluonnonravinto.fi\/sv\/wp-json\/wp\/v2\/media?parent=7449"}],"wp:term":[{"taxonomy":"product_brand","embeddable":true,"href":"https:\/\/vaasanluonnonravinto.fi\/sv\/wp-json\/wp\/v2\/product_brand?post=7449"},{"taxonomy":"product_cat","embeddable":true,"href":"https:\/\/vaasanluonnonravinto.fi\/sv\/wp-json\/wp\/v2\/product_cat?post=7449"},{"taxonomy":"product_tag","embeddable":true,"href":"https:\/\/vaasanluonnonravinto.fi\/sv\/wp-json\/wp\/v2\/product_tag?post=7449"}],"curies":[{"name":"wp","href":"https:\/\/api.w.org\/{rel}","templated":true}]}}