{"id":7435,"date":"2019-08-19T15:06:59","date_gmt":"2019-08-19T12:06:59","guid":{"rendered":"https:\/\/vaasanluonnonravinto.fi\/?post_type=product&#038;p=7435"},"modified":"2023-12-27T17:04:54","modified_gmt":"2023-12-27T15:04:54","slug":"new-nordic-hair-volume-90-tabl-kopio","status":"publish","type":"product","link":"https:\/\/vaasanluonnonravinto.fi\/sv\/tuote\/new-nordic-hair-volume-90-tabl-kopio\/","title":{"rendered":"New Nordic Hair Volume 30 tabl"},"content":{"rendered":"<p><strong>HIUKSET, KYNNET JA IHO<\/strong><\/p>\n<p>Hair Volume\u2122 -tabletit sis\u00e4lt\u00e4v\u00e4t kasviuuteyhdistelm\u00e4n, jossa on omenauutetta, hirssi\u00e4, peltokortetta, aminohappoja, biotiini\u00e4, sinkki\u00e4 sek\u00e4 kuparia, jotka ravitsevat hiusta ja hiuspohjaa. Biotiini ja sinkki yll\u00e4pit\u00e4v\u00e4t hiusten hyvinvointia, kupari tukee hiuksen omaa luonnollista v\u00e4rityst\u00e4. Tabletit valmistetaan Ruotsissa.<\/p>\n<p>&nbsp;<\/p>\n<p><strong>SUOSITELTU VUOROKAUSIANNOS<\/strong><\/p>\n<p>1 tabletti p\u00e4iv\u00e4ss\u00e4 nesteen kera aterian yhteydess\u00e4. Ei alle 11-vuotiaille. Ravintolis\u00e4 ei korvaa monipuolista ruokavaliota tai terveit\u00e4 el\u00e4m\u00e4ntapoja. Ohjeen mukaista annostusta ei saa ylitt\u00e4\u00e4. Ei suositella raskaana oleville eik\u00e4 imett\u00e4ville \u00e4ideille. Tuote on s\u00e4ilytett\u00e4v\u00e4 pienten lasten ulottumattomissa.<\/p>\n","protected":false},"excerpt":{"rendered":"<p>Hair Volume\u2122<\/p>\n<ul>\n<li>Hiusten kasvua ja tuuheutta<\/li>\n<li>V\u00e4hent\u00e4\u00e4 v\u00e4likaista hiustenl\u00e4ht\u00f6\u00e4<\/li>\n<li>Auttaa v\u00e4hent\u00e4m\u00e4\u00e4n ennenaikaista hiusten harmaantumista<\/li>\n<li>Yksi tabletti p\u00e4iv\u00e4ss\u00e4<\/li>\n<\/ul>\n","protected":false},"featured_media":7430,"template":"","meta":{"_acf_changed":false},"product_brand":[],"product_cat":[49,63,37,29,126,36,50],"product_tag":[],"class_list":{"0":"post-7435","1":"product","2":"type-product","3":"status-publish","4":"has-post-thumbnail","6":"product_cat-aminohapot","7":"product_cat-hiukset","8":"product_cat-kivennaisvalmisteet","9":"product_cat-lisaravinteet","10":"product_cat-new-nordic-2","11":"product_cat-vitamiinit","12":"product_cat-yrttivalmisteet","14":"first","15":"instock","16":"taxable","17":"shipping-taxable","18":"purchasable","19":"product-type-simple"},"acf":[],"_links":{"self":[{"href":"https:\/\/vaasanluonnonravinto.fi\/sv\/wp-json\/wp\/v2\/product\/7435","targetHints":{"allow":["GET"]}}],"collection":[{"href":"https:\/\/vaasanluonnonravinto.fi\/sv\/wp-json\/wp\/v2\/product"}],"about":[{"href":"https:\/\/vaasanluonnonravinto.fi\/sv\/wp-json\/wp\/v2\/types\/product"}],"wp:featuredmedia":[{"embeddable":true,"href":"https:\/\/vaasanluonnonravinto.fi\/sv\/wp-json\/wp\/v2\/media\/7430"}],"wp:attachment":[{"href":"https:\/\/vaasanluonnonravinto.fi\/sv\/wp-json\/wp\/v2\/media?parent=7435"}],"wp:term":[{"taxonomy":"product_brand","embeddable":true,"href":"https:\/\/vaasanluonnonravinto.fi\/sv\/wp-json\/wp\/v2\/product_brand?post=7435"},{"taxonomy":"product_cat","embeddable":true,"href":"https:\/\/vaasanluonnonravinto.fi\/sv\/wp-json\/wp\/v2\/product_cat?post=7435"},{"taxonomy":"product_tag","embeddable":true,"href":"https:\/\/vaasanluonnonravinto.fi\/sv\/wp-json\/wp\/v2\/product_tag?post=7435"}],"curies":[{"name":"wp","href":"https:\/\/api.w.org\/{rel}","templated":true}]}}