{"id":7422,"date":"2019-08-19T14:51:23","date_gmt":"2019-08-19T11:51:23","guid":{"rendered":"https:\/\/vaasanluonnonravinto.fi\/?post_type=product&#038;p=7422"},"modified":"2024-12-25T00:37:04","modified_gmt":"2024-12-24T22:37:04","slug":"new-nordic-clear-brain-60-tabl","status":"publish","type":"product","link":"https:\/\/vaasanluonnonravinto.fi\/sv\/tuote\/new-nordic-clear-brain-60-tabl\/","title":{"rendered":"New Nordic Clear Brain 60 tabl"},"content":{"rendered":"<p><strong>MUISTI, KESKITTYMISKYKY<\/strong><\/p>\n<p>Aivot ovat suurin ja t\u00e4rkein hermostomme osa. Aivoissa on miljardeja neuroneja ja se toimii ajatustemme ja tunteidemme ytimen\u00e4. Aivot vastaanottavat ja l\u00e4hett\u00e4v\u00e4t signaaleja kaikkialle kehossamme. Sen normaali toiminta on riippuvainen monista ravintoaineista. Clear Brainin\u2122 voima perustuu luonnollisiin kasvi- ja yrttiuutteisiin sek\u00e4 vitamiineihin ja kivenn\u00e4isaineeseen. Jodi edist\u00e4\u00e4 normaalia kognitiivista toimintaa kuten muistia ja keskittymiskyky\u00e4. Pantoteenihappo tukee aivojen normaalia suorituskyky\u00e4. B-vitamiinit v\u00e4hent\u00e4v\u00e4t v\u00e4syneisyyden tunnetta ja tukevat hermoston normaalia toimintaa.<\/p>\n<p>&nbsp;<\/p>\n<p><strong>SUOSITELTAVA VUOROKAUSIANNOS<\/strong><\/p>\n<p>2 tablettia vesilasillisen kanssa aterian yhteydess\u00e4. Ilmoitettua suositeltua vuorokausiannosta ei saa ylitt\u00e4\u00e4. Ravintolis\u00e4 ei korvaa monipuolista ruokavaliota tai terveit\u00e4 el\u00e4m\u00e4ntapoja. Ei alle 12-vuotiaille. Ei suositella raskaana oleville eik\u00e4 imett\u00e4ville. Tuote on s\u00e4ilytett\u00e4v\u00e4 pienten lasten ulottumattomissa.<\/p>\n","protected":false},"excerpt":{"rendered":"<p>Clear Brain\u2122<\/p>\n<ul>\n<li>Jodi edist\u00e4\u00e4 kognitiivista toimintaa (muisti, keskittymiskyky)<\/li>\n<li>Pantoteenihappo tukee aivojen normaalia suorituskyky\u00e4<\/li>\n<li>B-vitamiinit v\u00e4hent\u00e4v\u00e4t v\u00e4syneisyyden tunnetta ja tukevat hermoston normaalia toimintaa<\/li>\n<li>Monipuolinen kasvi-yrttiuute-vitamiini-kivenn\u00e4isainevalmiste<\/li>\n<li>Vaikuttaa nopeasti<\/li>\n<\/ul>\n","protected":false},"featured_media":7403,"template":"","meta":{"_acf_changed":false,"rs_blank_template":"","rs_page_bg_color":"","slide_template_v7":""},"product_brand":[],"product_cat":[37,29,126,36,50],"product_tag":[],"class_list":{"0":"post-7422","1":"product","2":"type-product","3":"status-publish","4":"has-post-thumbnail","6":"product_cat-kivennaisvalmisteet","7":"product_cat-lisaravinteet","8":"product_cat-new-nordic-2","9":"product_cat-vitamiinit","10":"product_cat-yrttivalmisteet","12":"first","13":"instock","14":"taxable","15":"shipping-taxable","16":"purchasable","17":"product-type-simple"},"acf":[],"_links":{"self":[{"href":"https:\/\/vaasanluonnonravinto.fi\/sv\/wp-json\/wp\/v2\/product\/7422","targetHints":{"allow":["GET"]}}],"collection":[{"href":"https:\/\/vaasanluonnonravinto.fi\/sv\/wp-json\/wp\/v2\/product"}],"about":[{"href":"https:\/\/vaasanluonnonravinto.fi\/sv\/wp-json\/wp\/v2\/types\/product"}],"wp:featuredmedia":[{"embeddable":true,"href":"https:\/\/vaasanluonnonravinto.fi\/sv\/wp-json\/wp\/v2\/media\/7403"}],"wp:attachment":[{"href":"https:\/\/vaasanluonnonravinto.fi\/sv\/wp-json\/wp\/v2\/media?parent=7422"}],"wp:term":[{"taxonomy":"product_brand","embeddable":true,"href":"https:\/\/vaasanluonnonravinto.fi\/sv\/wp-json\/wp\/v2\/product_brand?post=7422"},{"taxonomy":"product_cat","embeddable":true,"href":"https:\/\/vaasanluonnonravinto.fi\/sv\/wp-json\/wp\/v2\/product_cat?post=7422"},{"taxonomy":"product_tag","embeddable":true,"href":"https:\/\/vaasanluonnonravinto.fi\/sv\/wp-json\/wp\/v2\/product_tag?post=7422"}],"curies":[{"name":"wp","href":"https:\/\/api.w.org\/{rel}","templated":true}]}}