{"id":7420,"date":"2019-08-19T14:43:43","date_gmt":"2019-08-19T11:43:43","guid":{"rendered":"https:\/\/vaasanluonnonravinto.fi\/?post_type=product&#038;p=7420"},"modified":"2026-05-15T06:37:09","modified_gmt":"2026-05-15T03:37:09","slug":"new-nordic-active-liver-30-tabl","status":"publish","type":"product","link":"https:\/\/vaasanluonnonravinto.fi\/sv\/tuote\/new-nordic-active-liver-30-tabl\/","title":{"rendered":"New Nordic Active Liver 30 tabl"},"content":{"rendered":"<p><strong>MAKSAN TOIMINTA JA RASVA-AINEENVAIHDUNTA<\/strong><\/p>\n<p>Active Liver \u2122 on tabletti, joka voi auttaa tukemaan maksaasi jos el\u00e4t \u201dliian hyvin\u201d ja nautit paljon energiatiheit\u00e4 ruokia tai juomia.. Active Liver\u2122 -tabletit valmistetaan Ruotsissa ja ne sis\u00e4lt\u00e4v\u00e4t japanintataria, latva-artisokkaa, kurkumaa, ja mustapippuriaa sek\u00e4 koliinia. Artisokka tukee sapen ja maksan p\u00e4ivitt\u00e4ist\u00e4 toimintaa. Koliini tukee maksan normaalia toimintaa ja rasva-aineenvaihduntaa.<\/p>\n<p>&nbsp;<\/p>\n<p><strong>SUOSITELTU VUOROKAUSIANNOS<\/strong><\/p>\n<p>1 tabletti vesilasillisen kanssa aterian yhteydess\u00e4. Ilmoitettua suositeltua vuorokausiannosta ei saa ylitt\u00e4\u00e4. Ravintolis\u00e4 ei korvaa monipuolista ruokavaliota tai terveit\u00e4 el\u00e4m\u00e4ntapoja. Ei alle 12-vuotiaille. Ei suositella raskaana oleville eik\u00e4 imett\u00e4ville. Tuote on s\u00e4ilytett\u00e4v\u00e4 pienten lasten ulottumattomissa.<\/p>\n","protected":false},"excerpt":{"rendered":"<p>Active Liver\u2122<\/p>\n<ul>\n<li>Tukee maksan toimintaa ja rasva-aineenvaihduntaa<\/li>\n<li>Sis\u00e4lt\u00e4\u00e4 koliinia, joka tukee maksan normaalia toimintaa<\/li>\n<li>Yksi tabletti p\u00e4iv\u00e4ss\u00e4<\/li>\n<\/ul>\n","protected":false},"featured_media":7399,"template":"","meta":{"_acf_changed":false,"rs_blank_template":"","rs_page_bg_color":"","slide_template_v7":""},"product_brand":[],"product_cat":[29,126],"product_tag":[],"class_list":{"0":"post-7420","1":"product","2":"type-product","3":"status-publish","4":"has-post-thumbnail","6":"product_cat-lisaravinteet","7":"product_cat-new-nordic-2","9":"first","10":"instock","11":"taxable","12":"shipping-taxable","13":"purchasable","14":"product-type-simple"},"acf":[],"_links":{"self":[{"href":"https:\/\/vaasanluonnonravinto.fi\/sv\/wp-json\/wp\/v2\/product\/7420","targetHints":{"allow":["GET"]}}],"collection":[{"href":"https:\/\/vaasanluonnonravinto.fi\/sv\/wp-json\/wp\/v2\/product"}],"about":[{"href":"https:\/\/vaasanluonnonravinto.fi\/sv\/wp-json\/wp\/v2\/types\/product"}],"wp:featuredmedia":[{"embeddable":true,"href":"https:\/\/vaasanluonnonravinto.fi\/sv\/wp-json\/wp\/v2\/media\/7399"}],"wp:attachment":[{"href":"https:\/\/vaasanluonnonravinto.fi\/sv\/wp-json\/wp\/v2\/media?parent=7420"}],"wp:term":[{"taxonomy":"product_brand","embeddable":true,"href":"https:\/\/vaasanluonnonravinto.fi\/sv\/wp-json\/wp\/v2\/product_brand?post=7420"},{"taxonomy":"product_cat","embeddable":true,"href":"https:\/\/vaasanluonnonravinto.fi\/sv\/wp-json\/wp\/v2\/product_cat?post=7420"},{"taxonomy":"product_tag","embeddable":true,"href":"https:\/\/vaasanluonnonravinto.fi\/sv\/wp-json\/wp\/v2\/product_tag?post=7420"}],"curies":[{"name":"wp","href":"https:\/\/api.w.org\/{rel}","templated":true}]}}