{"id":7418,"date":"2019-08-19T14:37:09","date_gmt":"2019-08-19T11:37:09","guid":{"rendered":"https:\/\/vaasanluonnonravinto.fi\/?post_type=product&#038;p=7418"},"modified":"2025-09-02T16:07:00","modified_gmt":"2025-09-02T13:07:00","slug":"new-nordic-melissa-dream-60-tabl","status":"publish","type":"product","link":"https:\/\/vaasanluonnonravinto.fi\/sv\/tuote\/new-nordic-melissa-dream-60-tabl\/","title":{"rendered":"New Nordic Melissa Dream 60 tabl"},"content":{"rendered":"<p><strong>LEVOLLISTA UNTA JA PSYYKKIST\u00c4 HYVINVOINTIA<\/strong><\/p>\n<p>Ep\u00e4s\u00e4\u00e4nn\u00f6llinen unirytmi vaikuttaa el\u00e4m\u00e4nlaatuun. Hyvinnukutun y\u00f6n j\u00e4lkeen olo on ter\u00e4v\u00e4 ja virke\u00e4. Huonosti nukuttu y\u00f6 taas n\u00e4kyy huonotuulisuutena, lihasten kramppailuina ja jaksamattomuutena. Melissa Dream\u2122 on kokoelma yrttej\u00e4, vitamiineja ja kivenn\u00e4isaineita, joilla on mielt\u00e4 ja kehoa rauhoittavia ominaisuuksia. Sitruunamelissa ja kamomilla lis\u00e4\u00e4v\u00e4t univalmiutta. Magnesium ja B-vitamiinit rauhoittavat levottomia jalkoja ja auttavat lihasj\u00e4nnityksiin.<\/p>\n<p>&nbsp;<\/p>\n<p><strong>SUOSITELTU VUOROKAUSIANNOS JA K\u00c4YTT\u00d6OHJE<\/strong><br \/>\n2 tablettia p\u00e4iv\u00e4ss\u00e4 tunti ennen nukkumaanmenoa (Ensimm\u00e4isen kahden viikon ajan annostus voi olla 3 tablettia tunti ennen nukkumaanmenoa.) Ei raskaana oleville, imett\u00e4ville \u00e4ideille eik\u00e4 alle 11-vuotiaille lapsille. Ohjeen mukaista annostusta ei saa ylitt\u00e4\u00e4. Ei pienten lasten ulottuville. Ravintolisi\u00e4 ei tule k\u00e4ytt\u00e4\u00e4 monipuolisen ruokavalion korvikkeena eiv\u00e4tk\u00e4 ne korvaa terveit\u00e4 el\u00e4m\u00e4ntapoja.<\/p>\n","protected":false},"excerpt":{"rendered":"<p>Melissa Dream\u2122<\/p>\n<ul>\n<li>Levollista unta ja rentoutusta<\/li>\n<li>Sitruunamelissaa, kamomillaa, B-vitamiinej\u00e4 ja Magnesumia<\/li>\n<li>Her\u00e4\u00e4 lev\u00e4nneen\u00e4<\/li>\n<li>Auttaa levollsen unen saannissa<\/li>\n<li>Tuote ei sis\u00e4ll\u00e4 melatoniinia<\/li>\n<\/ul>\n","protected":false},"featured_media":7411,"template":"","meta":{"_acf_changed":false,"rs_blank_template":"","rs_page_bg_color":"","slide_template_v7":""},"product_brand":[],"product_cat":[37,29,126,36],"product_tag":[],"class_list":{"0":"post-7418","1":"product","2":"type-product","3":"status-publish","4":"has-post-thumbnail","6":"product_cat-kivennaisvalmisteet","7":"product_cat-lisaravinteet","8":"product_cat-new-nordic-2","9":"product_cat-vitamiinit","11":"first","12":"instock","13":"taxable","14":"shipping-taxable","15":"purchasable","16":"product-type-simple"},"acf":[],"_links":{"self":[{"href":"https:\/\/vaasanluonnonravinto.fi\/sv\/wp-json\/wp\/v2\/product\/7418","targetHints":{"allow":["GET"]}}],"collection":[{"href":"https:\/\/vaasanluonnonravinto.fi\/sv\/wp-json\/wp\/v2\/product"}],"about":[{"href":"https:\/\/vaasanluonnonravinto.fi\/sv\/wp-json\/wp\/v2\/types\/product"}],"wp:featuredmedia":[{"embeddable":true,"href":"https:\/\/vaasanluonnonravinto.fi\/sv\/wp-json\/wp\/v2\/media\/7411"}],"wp:attachment":[{"href":"https:\/\/vaasanluonnonravinto.fi\/sv\/wp-json\/wp\/v2\/media?parent=7418"}],"wp:term":[{"taxonomy":"product_brand","embeddable":true,"href":"https:\/\/vaasanluonnonravinto.fi\/sv\/wp-json\/wp\/v2\/product_brand?post=7418"},{"taxonomy":"product_cat","embeddable":true,"href":"https:\/\/vaasanluonnonravinto.fi\/sv\/wp-json\/wp\/v2\/product_cat?post=7418"},{"taxonomy":"product_tag","embeddable":true,"href":"https:\/\/vaasanluonnonravinto.fi\/sv\/wp-json\/wp\/v2\/product_tag?post=7418"}],"curies":[{"name":"wp","href":"https:\/\/api.w.org\/{rel}","templated":true}]}}