{"id":3991,"date":"2019-05-29T12:39:32","date_gmt":"2019-05-29T09:39:32","guid":{"rendered":"https:\/\/vaasanluonnonravinto.fi\/?post_type=product&#038;p=3991"},"modified":"2025-01-28T13:09:34","modified_gmt":"2025-01-28T11:09:34","slug":"aktiiviset-b12-vitamiinitipat","status":"publish","type":"product","link":"https:\/\/vaasanluonnonravinto.fi\/sv\/tuote\/aktiiviset-b12-vitamiinitipat\/","title":{"rendered":"Biomed AKTIIVISET B12-VITAMIINITIPAT 15 ml"},"content":{"rendered":"<p>Aktiivinen B12- vitamiini\u00a0<strong>aivoille ja hermostolle.\u00a0<\/strong><strong>B12-tipat sis\u00e4lt\u00e4\u00e4 B12-vitamiinin adenosyylikobalamiini ja metyylikobalamiini -muodoissa nestem\u00e4isen\u00e4.<\/strong><\/p>\n<p><strong>Muistin tueksi ja v\u00e4symykseen (<\/strong>B12-vitamiini edist\u00e4\u00e4 hermoston normaalia toimintaa ja\u00a0<em>normaaleja psykologisia toimintoja).<\/em><\/p>\n<p>&nbsp;<\/p>\n<p><strong>Metyylikobalamiini<\/strong>\u00a0on plasmassa esiintyv\u00e4 B12-vitamiinin muoto.<\/p>\n<p>&nbsp;<\/p>\n<p><strong>Adenosyylikobalamiini<\/strong>\u00a0on solujen sis\u00e4ll\u00e4 esiintyv\u00e4 B12-vitamiinin muoto.<\/p>\n<p>&nbsp;<\/p>\n<p><strong>Aktiivinen B12-vitamiini on t\u00e4rke\u00e4 aivojen ja hermoston toiminnan tukemiselle, my\u00f6s\u00a0<\/strong><strong>muistin tueksi\u00a0<\/strong><strong>ja v\u00e4symykseen<\/strong>\u00a0(B12-vitamiini edist\u00e4\u00e4 hermoston normaalia toimintaa ja<em>\u00a0normaaleja psykologisia toimintoja).<\/em>Sopii erityisesti kasvissy\u00f6jille ja ik\u00e4\u00e4ntyville.<\/p>\n<p>&nbsp;<\/p>\n<p><strong>B12-vitamiinin sallitut terveysv\u00e4itt\u00e4m\u00e4t:<\/strong><\/p>\n<ul>\n<li>B12-vitamiini edist\u00e4\u00e4 normaalia energia-aineenvaihduntaa<\/li>\n<li>B12-vitamiini edist\u00e4\u00e4 hermoston normaalia toimintaa<\/li>\n<li>B12-vitamiini edist\u00e4\u00e4 normaalia homokysteiinin aineenvaihduntaa<\/li>\n<li>B12-vitamiini edist\u00e4\u00e4 normaaleja psykologisia toimintoja<\/li>\n<li>B12-vitamiini edist\u00e4\u00e4 normaalia veren punasolujen muodostumista<\/li>\n<li>B12-vitamiini edist\u00e4\u00e4 immuunij\u00e4rjestelm\u00e4n normaalia toimintaa<\/li>\n<li>B12-vitamiini auttaa v\u00e4hent\u00e4m\u00e4\u00e4n v\u00e4symyst\u00e4 ja uupumusta<\/li>\n<li>B12-vitamiini osallistuu solujen jakautumisprosessiin<\/li>\n<\/ul>\n<h3><\/h3>\n<p>&nbsp;<\/p>\n<p><strong>Huom!<\/strong><br \/>\nRiittoisuus voi vaihdella hieman tiputuskulmasta ja puristusvoimasta riippuen.\u00a0 Suosittelemme tiputtamaan tipat pit\u00e4m\u00e4ll\u00e4 pulloa pystysuoraan alasp\u00e4in. T\u00e4ll\u00f6in luvattu riittoisuus t\u00e4yttyy varmimmin.<br \/>\n<strong><br \/>\n<\/strong><\/p>\n<p>&nbsp;<\/p>\n<p><strong>K\u00e4ytt\u00f6ohjeet:<\/strong><\/p>\n<p>6 tippaa p\u00e4iv\u00e4ss\u00e4 veteen sekoitettuna ruuan kanssa tai suoraan kielen alle tai l\u00e4\u00e4k\u00e4rin\/ravitsemusterapeutin ohjeen mukaisesti. Ravistettava hyvin ennen k\u00e4ytt\u00f6\u00e4.<\/p>\n<p>&nbsp;<\/p>\n<p>Ilmoitettua suositeltua vuorokausiannosta ei saa ylitt\u00e4\u00e4. Ravintolis\u00e4 ei korvaa monipuolista ja tasapainoista ruokavaliota eik\u00e4 terveit\u00e4 el\u00e4m\u00e4ntapoja. Tuote on s\u00e4ilytett\u00e4v\u00e4 pienten lasten ulottumattomissa. Soveltuu kasvissy\u00f6jille ja vegaaneille. S\u00e4ilytett\u00e4v\u00e4 kuivassa ja huoneenl\u00e4mm\u00f6ss\u00e4 alle 25\u00a0<sup>o<\/sup>C:ssa. Suojattava suoralta auringonvalolta ja l\u00e4mm\u00f6lt\u00e4.<\/p>\n","protected":false},"excerpt":{"rendered":"<p>Aktiivinen B12- vitamiini\u00a0<strong>aivoille ja hermostolle.\u00a0<\/strong><strong>B12-tipat sis\u00e4lt\u00e4\u00e4 B12-vitamiinin adenosyylikobalamiini ja metyylikobalamiini -muodoissa nestem\u00e4isen\u00e4.<\/strong>\u00a0<strong>Muistin tueksi ja v\u00e4symykseen (<\/strong>B12-vitamiini edist\u00e4\u00e4 hermoston normaalia toimintaa ja\u00a0<em>normaaleja psykologisia toimintoja).<\/em>Sopii erityisesti kasvissy\u00f6jille ja ik\u00e4\u00e4ntyville.<\/p>\n","protected":false},"featured_media":864,"template":"","meta":{"_acf_changed":false},"product_brand":[],"product_cat":[113,73,77],"product_tag":[],"class_list":{"0":"post-3991","1":"product","2":"type-product","3":"status-publish","4":"has-post-thumbnail","6":"product_cat-biomed-sv","7":"product_cat-lisaravinteet-sv","8":"product_cat-vitamiinit-sv","10":"first","11":"instock","12":"taxable","13":"shipping-taxable","14":"purchasable","15":"product-type-simple"},"acf":[],"_links":{"self":[{"href":"https:\/\/vaasanluonnonravinto.fi\/sv\/wp-json\/wp\/v2\/product\/3991","targetHints":{"allow":["GET"]}}],"collection":[{"href":"https:\/\/vaasanluonnonravinto.fi\/sv\/wp-json\/wp\/v2\/product"}],"about":[{"href":"https:\/\/vaasanluonnonravinto.fi\/sv\/wp-json\/wp\/v2\/types\/product"}],"wp:featuredmedia":[{"embeddable":true,"href":"https:\/\/vaasanluonnonravinto.fi\/sv\/wp-json\/wp\/v2\/media\/864"}],"wp:attachment":[{"href":"https:\/\/vaasanluonnonravinto.fi\/sv\/wp-json\/wp\/v2\/media?parent=3991"}],"wp:term":[{"taxonomy":"product_brand","embeddable":true,"href":"https:\/\/vaasanluonnonravinto.fi\/sv\/wp-json\/wp\/v2\/product_brand?post=3991"},{"taxonomy":"product_cat","embeddable":true,"href":"https:\/\/vaasanluonnonravinto.fi\/sv\/wp-json\/wp\/v2\/product_cat?post=3991"},{"taxonomy":"product_tag","embeddable":true,"href":"https:\/\/vaasanluonnonravinto.fi\/sv\/wp-json\/wp\/v2\/product_tag?post=3991"}],"curies":[{"name":"wp","href":"https:\/\/api.w.org\/{rel}","templated":true}]}}