{"id":3989,"date":"2019-05-29T12:39:30","date_gmt":"2019-05-29T09:39:30","guid":{"rendered":"https:\/\/vaasanluonnonravinto.fi\/?post_type=product&#038;p=3989"},"modified":"2022-12-05T14:18:30","modified_gmt":"2022-12-05T12:18:30","slug":"aktiivinen-r-lipoiinihappo","status":"publish","type":"product","link":"https:\/\/vaasanluonnonravinto.fi\/sv\/tuote\/aktiivinen-r-lipoiinihappo\/","title":{"rendered":"Biomed  AKTIIVINEN R-LIPOIINIHAPPO 60 kaps"},"content":{"rendered":"<p><strong>Alfalipoiinin eri muodot<\/strong><\/p>\n<p>Alfalipoiinihaposta on kaksi muotoa: Luonnollinen R-lipoiinihappo (R-ALA) ja\u00a0 synteettinen S-lipoiinihappo (S-ALA).\u00a0Markkinoiden uutuus on Biomedin R-Lipoiinihappo-valmiste, joka sis\u00e4lt\u00e4\u00e4 ainoastaan alfalipoiinin R-muotoa.<\/p>\n<h3><\/h3>\n<p>&nbsp;<\/p>\n<p><strong>Suositeltava vuorokausiannos<\/strong><\/p>\n<p>1-2 kapselia p\u00e4iv\u00e4ss\u00e4 tyhj\u00e4\u00e4n vatsaan tai l\u00e4\u00e4k\u00e4rin\/ravitsemusterapeutin ohjeen mukaisesti.<\/p>\n<p>&nbsp;<\/p>\n<p>Valmistettu Suomessa\/Tilverkad i Finland<\/p>\n<p>&nbsp;<\/p>\n<p>&nbsp;<\/p>\n<p>Ilmoitettua suositeltua vuorokausiannosta ei saa ylitt\u00e4\u00e4. Ravintolis\u00e4\u00e4 ei tule k\u00e4ytt\u00e4\u00e4 monipuolisen ruokavalion korvikkeena. Tuote on s\u00e4ilytett\u00e4v\u00e4 pienten lasten ulottumattomissa. S\u00e4ilytett\u00e4v\u00e4 kuivassa ja huoneenl\u00e4mm\u00f6ss\u00e4.<\/p>\n","protected":false},"excerpt":{"rendered":"<p>R-alfalipoiinihappo, joka on kapseloitu matalissa l\u00e4mp\u00f6tiloissa.<\/p>\n","protected":false},"featured_media":861,"template":"","meta":{"_acf_changed":false},"product_brand":[],"product_cat":[113,73],"product_tag":[],"class_list":{"0":"post-3989","1":"product","2":"type-product","3":"status-publish","4":"has-post-thumbnail","6":"product_cat-biomed-sv","7":"product_cat-lisaravinteet-sv","9":"first","10":"instock","11":"taxable","12":"shipping-taxable","13":"purchasable","14":"product-type-simple"},"acf":[],"_links":{"self":[{"href":"https:\/\/vaasanluonnonravinto.fi\/sv\/wp-json\/wp\/v2\/product\/3989","targetHints":{"allow":["GET"]}}],"collection":[{"href":"https:\/\/vaasanluonnonravinto.fi\/sv\/wp-json\/wp\/v2\/product"}],"about":[{"href":"https:\/\/vaasanluonnonravinto.fi\/sv\/wp-json\/wp\/v2\/types\/product"}],"wp:featuredmedia":[{"embeddable":true,"href":"https:\/\/vaasanluonnonravinto.fi\/sv\/wp-json\/wp\/v2\/media\/861"}],"wp:attachment":[{"href":"https:\/\/vaasanluonnonravinto.fi\/sv\/wp-json\/wp\/v2\/media?parent=3989"}],"wp:term":[{"taxonomy":"product_brand","embeddable":true,"href":"https:\/\/vaasanluonnonravinto.fi\/sv\/wp-json\/wp\/v2\/product_brand?post=3989"},{"taxonomy":"product_cat","embeddable":true,"href":"https:\/\/vaasanluonnonravinto.fi\/sv\/wp-json\/wp\/v2\/product_cat?post=3989"},{"taxonomy":"product_tag","embeddable":true,"href":"https:\/\/vaasanluonnonravinto.fi\/sv\/wp-json\/wp\/v2\/product_tag?post=3989"}],"curies":[{"name":"wp","href":"https:\/\/api.w.org\/{rel}","templated":true}]}}