{"id":3988,"date":"2019-05-29T12:39:29","date_gmt":"2019-05-29T09:39:29","guid":{"rendered":"https:\/\/vaasanluonnonravinto.fi\/?post_type=product&#038;p=3988"},"modified":"2023-11-22T11:18:01","modified_gmt":"2023-11-22T09:18:01","slug":"b12-tipat-mansikanmakuinen","status":"publish","type":"product","link":"https:\/\/vaasanluonnonravinto.fi\/sv\/tuote\/b12-tipat-mansikanmakuinen\/","title":{"rendered":"Biomed B12-TIPAT MANSIKANMAKUINEN 50 ml"},"content":{"rendered":"<p><strong>Vahva ja hyvin imeytyv\u00e4<\/strong><\/p>\n<p>B12-vitamiini eli kobalamiini on vesiliukoinen vitamiini.<\/p>\n<p>B12-vitamiinia saadaan yksinomaan el\u00e4inkunnan tuotteista; maksasta, munuaisista, kalasta ja lihasta.<\/p>\n<p>&nbsp;<\/p>\n<p>&nbsp;<\/p>\n<p><strong>B-12 vitamiinin sallitut terveysv\u00e4itteet:<\/strong><\/p>\n<ul>\n<li>edist\u00e4\u00e4 normaalia energia-aineenvaihduntaa<\/li>\n<li>edist\u00e4\u00e4 hermoston normaalia toimintaa<\/li>\n<li>edist\u00e4\u00e4 normaaleja psykologisia toimintoja<\/li>\n<li>edist\u00e4\u00e4 normaalia homokysteiinin aineenvaihduntaa<\/li>\n<li>osallistuu solujen jakautumisprosessiin<\/li>\n<li>edist\u00e4\u00e4 normaalia veren punasolujen muodostumista<\/li>\n<li>edist\u00e4\u00e4 immuunij\u00e4rjestelm\u00e4n normaalia toimintaa<\/li>\n<li>auttaa v\u00e4hent\u00e4m\u00e4\u00e4n v\u00e4symyst\u00e4 ja uupumusta<\/li>\n<\/ul>\n<p>&nbsp;<\/p>\n<p>&nbsp;<\/p>\n<p><strong>Suositeltava vuorokausiannos:<\/strong><\/p>\n<p>1 ml sis\u00e4lt\u00e4\u00e4 2000 \u00b5g B12-vitamiinia. (80 000 % p\u00e4ivitt\u00e4isen saannin vertailuarvosta). Helppo annostella, lasipipetiss\u00e4 mittaviivasto.<\/p>\n<p>&nbsp;<\/p>\n<p>&nbsp;<\/p>\n<p>Ilmoitettua suositeltua vuorokausiannosta ei saa ylitt\u00e4\u00e4. Ravintolis\u00e4 ei korvaa monipuolista ja tasapainoista ruokavaliota eik\u00e4 terveit\u00e4 el\u00e4m\u00e4ntapoja. Tuote on s\u00e4ilytett\u00e4v\u00e4 pienten lasten ulottumattomissa. Soveltuu kasvissy\u00f6jille ja vegaaneille. S\u00e4ilytett\u00e4v\u00e4 kuivassa ja huoneenl\u00e4mm\u00f6ss\u00e4 alle 25\u00a0<sup>o<\/sup>C:ssa. Suojattava suoralta auringonvalolta ja l\u00e4mm\u00f6lt\u00e4.<\/p>\n","protected":false},"excerpt":{"rendered":"<p>B12-vitamiini on vesiliukoinen vitamiini, joka mm. edist\u00e4\u00e4 normaalia energia-aineenvaihduntaa,\u00a0hermoston normaalia toimintaa, sek\u00e4\u00a0normaaleja psykologisia toimintoja.\u00a0 B12- vitamiini auttaa my\u00f6s v\u00e4hent\u00e4m\u00e4\u00e4n v\u00e4symyst\u00e4 ja uupumusta.<\/p>\n","protected":false},"featured_media":870,"template":"","meta":{"_acf_changed":false,"rs_blank_template":"","rs_page_bg_color":"","slide_template_v7":""},"product_brand":[],"product_cat":[113,73,77],"product_tag":[],"class_list":{"0":"post-3988","1":"product","2":"type-product","3":"status-publish","4":"has-post-thumbnail","6":"product_cat-biomed-sv","7":"product_cat-lisaravinteet-sv","8":"product_cat-vitamiinit-sv","10":"first","11":"instock","12":"taxable","13":"shipping-taxable","14":"purchasable","15":"product-type-simple"},"acf":[],"_links":{"self":[{"href":"https:\/\/vaasanluonnonravinto.fi\/sv\/wp-json\/wp\/v2\/product\/3988","targetHints":{"allow":["GET"]}}],"collection":[{"href":"https:\/\/vaasanluonnonravinto.fi\/sv\/wp-json\/wp\/v2\/product"}],"about":[{"href":"https:\/\/vaasanluonnonravinto.fi\/sv\/wp-json\/wp\/v2\/types\/product"}],"wp:featuredmedia":[{"embeddable":true,"href":"https:\/\/vaasanluonnonravinto.fi\/sv\/wp-json\/wp\/v2\/media\/870"}],"wp:attachment":[{"href":"https:\/\/vaasanluonnonravinto.fi\/sv\/wp-json\/wp\/v2\/media?parent=3988"}],"wp:term":[{"taxonomy":"product_brand","embeddable":true,"href":"https:\/\/vaasanluonnonravinto.fi\/sv\/wp-json\/wp\/v2\/product_brand?post=3988"},{"taxonomy":"product_cat","embeddable":true,"href":"https:\/\/vaasanluonnonravinto.fi\/sv\/wp-json\/wp\/v2\/product_cat?post=3988"},{"taxonomy":"product_tag","embeddable":true,"href":"https:\/\/vaasanluonnonravinto.fi\/sv\/wp-json\/wp\/v2\/product_tag?post=3988"}],"curies":[{"name":"wp","href":"https:\/\/api.w.org\/{rel}","templated":true}]}}