{"id":3985,"date":"2019-05-29T12:39:26","date_gmt":"2019-05-29T09:39:26","guid":{"rendered":"https:\/\/vaasanluonnonravinto.fi\/?post_type=product&#038;p=3985"},"modified":"2020-12-01T13:40:02","modified_gmt":"2020-12-01T11:40:02","slug":"d-vitamiinitipat","status":"publish","type":"product","link":"https:\/\/vaasanluonnonravinto.fi\/sv\/tuote\/d-vitamiinitipat\/","title":{"rendered":"Biomed D-VITAMIINITIPAT 20 ml"},"content":{"rendered":"<p><strong>D-vitamiinin sallitut terveysv\u00e4itteet:\u00a0<\/strong><\/p>\n<ul>\n<li>D-vitamiini osallistuu solujen jakautumisprosessiin.<\/li>\n<li>D-vitamiini edist\u00e4\u00e4 kalsiumin ja fosforin normaalia imeytymist\u00e4<\/li>\n<li>D-vitamiini edist\u00e4\u00e4 veren normaalia kalsiumtasoa<\/li>\n<li>D-vitamiini edist\u00e4\u00e4 lihasten normaalia toimintaa<\/li>\n<li>D-vitamiini edist\u00e4\u00e4 immuunij\u00e4rjestelm\u00e4n normaalia toimintaa<\/li>\n<li>D-vitamiini edist\u00e4\u00e4 luuston ja hampaiden pysymist\u00e4 normaalina<\/li>\n<\/ul>\n<p>&nbsp;<\/p>\n<p>Biomedin D-tipat sis\u00e4lt\u00e4v\u00e4t 25 \u00b5g D3-vitamiinia\/tippa.\u00a01 pullo sis\u00e4lt\u00e4\u00e4 noin 700 tippaa.<\/p>\n<h3><\/h3>\n<p>&nbsp;<\/p>\n<p><strong>Suositeltava vuorokausiannos:<\/strong><\/p>\n<p>1 tippa, joka sis\u00e4lt\u00e4\u00e4 D-vitamiinia 25 \u00b5g\/1000 IU (500 % p\u00e4ivitt\u00e4isen saannin vertailuarvosta). Nauti lusikalla tai nesteeseen sekoitettuna.<\/p>\n","protected":false},"excerpt":{"rendered":"<p>D-vitamiinilla tiedet\u00e4\u00e4n olevan runsaasti terveytt\u00e4 edist\u00e4vi\u00e4 vaikutuksia. D-vitamiini mm. edist\u00e4\u00e4 kalsiumin normaalia imeytymist\u00e4. D-vitamiini my\u00f6s edist\u00e4\u00e4 immuunij\u00e4rjestelm\u00e4n normaalia toimintaa.<\/p>\n","protected":false},"featured_media":879,"template":"","meta":{"_acf_changed":false},"product_brand":[],"product_cat":[113,73,77],"product_tag":[],"class_list":{"0":"post-3985","1":"product","2":"type-product","3":"status-publish","4":"has-post-thumbnail","6":"product_cat-biomed-sv","7":"product_cat-lisaravinteet-sv","8":"product_cat-vitamiinit-sv","10":"first","11":"instock","12":"taxable","13":"shipping-taxable","14":"purchasable","15":"product-type-simple"},"acf":[],"_links":{"self":[{"href":"https:\/\/vaasanluonnonravinto.fi\/sv\/wp-json\/wp\/v2\/product\/3985","targetHints":{"allow":["GET"]}}],"collection":[{"href":"https:\/\/vaasanluonnonravinto.fi\/sv\/wp-json\/wp\/v2\/product"}],"about":[{"href":"https:\/\/vaasanluonnonravinto.fi\/sv\/wp-json\/wp\/v2\/types\/product"}],"wp:featuredmedia":[{"embeddable":true,"href":"https:\/\/vaasanluonnonravinto.fi\/sv\/wp-json\/wp\/v2\/media\/879"}],"wp:attachment":[{"href":"https:\/\/vaasanluonnonravinto.fi\/sv\/wp-json\/wp\/v2\/media?parent=3985"}],"wp:term":[{"taxonomy":"product_brand","embeddable":true,"href":"https:\/\/vaasanluonnonravinto.fi\/sv\/wp-json\/wp\/v2\/product_brand?post=3985"},{"taxonomy":"product_cat","embeddable":true,"href":"https:\/\/vaasanluonnonravinto.fi\/sv\/wp-json\/wp\/v2\/product_cat?post=3985"},{"taxonomy":"product_tag","embeddable":true,"href":"https:\/\/vaasanluonnonravinto.fi\/sv\/wp-json\/wp\/v2\/product_tag?post=3985"}],"curies":[{"name":"wp","href":"https:\/\/api.w.org\/{rel}","templated":true}]}}