{"id":3979,"date":"2019-05-29T12:39:19","date_gmt":"2019-05-29T09:39:19","guid":{"rendered":"https:\/\/vaasanluonnonravinto.fi\/?post_type=product&#038;p=3979"},"modified":"2022-09-05T14:57:50","modified_gmt":"2022-09-05T11:57:50","slug":"iocidin-plus","status":"publish","type":"product","link":"https:\/\/vaasanluonnonravinto.fi\/sv\/tuote\/iocidin-plus\/","title":{"rendered":"Biomed IOCIDIN PLUS 60 kaps"},"content":{"rendered":"<p>Ei suositella henkil\u00f6lle, joilla on akuutti gastriitti tai haavainen paksunsuolen tulehdus. Alle 6-vuotiaille vain l\u00e4\u00e4k\u00e4rin tai alan asiantuntijan ohjeen mukaan.<\/p>\n<p>&nbsp;<\/p>\n<p><strong>Greippi\u00f6ljy<\/strong><\/p>\n<p>Greippi\u00f6ljyn vaikutus mm. suoliston hyvinvointiin on tunnettu jo yli 30 vuotta. Aasiassa uutetta on k\u00e4ytetty jo vuosisatoja. Greippi\u00f6ljyuutteella pyrit\u00e4\u00e4n yll\u00e4pit\u00e4m\u00e4\u00e4n kehon puolustuskyky\u00e4 vuodenaikojen vaihtuessa, ulkomaan matkojen aikana sek\u00e4 sopimattoman ruokavalion aiheuttamissa vatsan ep\u00e4tasapainotiloissa jne.\u00a0Greippi\u00f6ljy on puristettu siemen\u00f6ljyst\u00e4, hedelm\u00e4n kuoresta sek\u00e4 hedelm\u00e4lihasta.<\/p>\n<p>&nbsp;<\/p>\n<p><strong>Suositeltava vuorokausiannos:<\/strong><\/p>\n<p>1-6 kapselia p\u00e4iv\u00e4ss\u00e4.<\/p>\n<p>&nbsp;<\/p>\n<p>Puolustuskyvyn tueksi: Aluksi 2 kapselia 3 kertaa p\u00e4iv\u00e4ss\u00e4. Jatkossa yksi kapseli p\u00e4iv\u00e4ss\u00e4.<\/p>\n<p>&nbsp;<\/p>\n<p>Suoliston hyvinvointiin 3 x 2 kapselia p\u00e4iv\u00e4ss\u00e4 kahden viikon ajan, jonka j\u00e4lkeen 2 kapselia p\u00e4iv\u00e4ss\u00e4. Jatkossa yksi kapseli p\u00e4iv\u00e4ss\u00e4.<\/p>\n<p>&nbsp;<\/p>\n<p>Ilmoitettua suositeltua vuorokausiannosta ei saa ylitt\u00e4\u00e4. Ravintolis\u00e4 ei korvaa monipuolista ja tasapainoista ruokavaliota eik\u00e4 terveit\u00e4 el\u00e4m\u00e4ntapoja. Tuote on s\u00e4ilytett\u00e4v\u00e4 pienten lasten ulottumattomissa. S\u00e4ilytett\u00e4v\u00e4 kuivassa ja huoneenl\u00e4mm\u00f6ss\u00e4.<\/p>\n","protected":false},"excerpt":{"rendered":"<p>Monik\u00e4ytt\u00f6isess\u00e4 Iocidin+ -kapselissa yhdistyy kolmen luonnontuotteen, oliivinlehtiuutteen, greippi\u00f6ljyn ja oregano\u00f6ljyn vahva vaikutus, jolla pyrit\u00e4\u00e4n parantamaan kehon puolustuskyky\u00e4 vuodenaikojen vaihtuessa, ulkomaan matkojen aikana, sopimattoman ruokavalion aiheuttamissa vatsan ep\u00e4tasapainotiloissa jne.<\/p>\n","protected":false},"featured_media":21556,"template":"","meta":{"_acf_changed":false},"product_brand":[],"product_cat":[113,80,73],"product_tag":[],"class_list":{"0":"post-3979","1":"product","2":"type-product","3":"status-publish","4":"has-post-thumbnail","6":"product_cat-biomed-sv","7":"product_cat-rasvahappo-ja-oljyvalmisteet-sv","8":"product_cat-lisaravinteet-sv","10":"first","11":"instock","12":"taxable","13":"shipping-taxable","14":"purchasable","15":"product-type-simple"},"acf":[],"_links":{"self":[{"href":"https:\/\/vaasanluonnonravinto.fi\/sv\/wp-json\/wp\/v2\/product\/3979","targetHints":{"allow":["GET"]}}],"collection":[{"href":"https:\/\/vaasanluonnonravinto.fi\/sv\/wp-json\/wp\/v2\/product"}],"about":[{"href":"https:\/\/vaasanluonnonravinto.fi\/sv\/wp-json\/wp\/v2\/types\/product"}],"wp:featuredmedia":[{"embeddable":true,"href":"https:\/\/vaasanluonnonravinto.fi\/sv\/wp-json\/wp\/v2\/media\/21556"}],"wp:attachment":[{"href":"https:\/\/vaasanluonnonravinto.fi\/sv\/wp-json\/wp\/v2\/media?parent=3979"}],"wp:term":[{"taxonomy":"product_brand","embeddable":true,"href":"https:\/\/vaasanluonnonravinto.fi\/sv\/wp-json\/wp\/v2\/product_brand?post=3979"},{"taxonomy":"product_cat","embeddable":true,"href":"https:\/\/vaasanluonnonravinto.fi\/sv\/wp-json\/wp\/v2\/product_cat?post=3979"},{"taxonomy":"product_tag","embeddable":true,"href":"https:\/\/vaasanluonnonravinto.fi\/sv\/wp-json\/wp\/v2\/product_tag?post=3979"}],"curies":[{"name":"wp","href":"https:\/\/api.w.org\/{rel}","templated":true}]}}