{"id":3977,"date":"2019-05-29T12:39:19","date_gmt":"2019-05-29T09:39:19","guid":{"rendered":"https:\/\/vaasanluonnonravinto.fi\/?post_type=product&#038;p=3977"},"modified":"2025-07-05T14:48:43","modified_gmt":"2025-07-05T11:48:43","slug":"joditipat","status":"publish","type":"product","link":"https:\/\/vaasanluonnonravinto.fi\/sv\/tuote\/joditipat\/","title":{"rendered":"Biomed JODITIPAT 40 ml"},"content":{"rendered":"<p><strong>Jodin sallitut terveysv\u00e4itt\u00e4m\u00e4t:<\/strong><\/p>\n<p>\u2022 Jodi edist\u00e4\u00e4 normaalia kognitiivista toimintaa.<br \/>\n\u2022 Jodi edist\u00e4\u00e4 normaalia energia-aineenvaihduntaa.<br \/>\n\u2022 Jodi edist\u00e4\u00e4 hermoston normaalia toimintaa.<br \/>\n\u2022 Jodi edist\u00e4\u00e4 ihon pysymist\u00e4 normaalina.<br \/>\n\u2022 Jodi edist\u00e4\u00e4 kilpirauhashormonien normaalia tuotantoa ja kilpirauhasen normaalia toimintaa.<\/p>\n<h3><\/h3>\n<p>&nbsp;<\/p>\n<p><strong>Suositeltava vuorokausiannos (1-3 tippaa) sis\u00e4lt\u00e4\u00e4:<\/strong><\/p>\n<p>Jodia 150-450 \u00b5g (100-300 %*)<br \/>\n*=% p\u00e4ivitt\u00e4isen saannin vertailuarvosta<\/p>\n<h3><\/h3>\n<p>&nbsp;<\/p>\n<p><strong>K\u00e4ytt\u00f6ohjeet:<\/strong><\/p>\n<p>Nauti tipat kerran p\u00e4iv\u00e4ss\u00e4 sellaisenaan suoraan kielen alle tai ruuan kanssa tai l\u00e4\u00e4k\u00e4rin\/ravitsemusterapeutin ohjeen mukaisesti. Sopii henkil\u00f6ille, joilla on nielemisvaikeuksia<\/p>\n<p>&nbsp;<\/p>\n<p>Ilmoitettua suositeltua vuorokausiannosta ei saa ylitt\u00e4\u00e4. Ravintolis\u00e4 ei korvaa monipuolista ja tasapainoista ruokavaliota eik\u00e4 terveit\u00e4 el\u00e4m\u00e4ntapoja. Tuote on s\u00e4ilytett\u00e4v\u00e4 pienten lasten ulottumattomissa. Soveltuu kasvissy\u00f6jille ja vegaaneille. S\u00e4ilytett\u00e4v\u00e4 kuivassa ja huoneenl\u00e4mm\u00f6ss\u00e4 alle 25 oC:ssa. Suojattava suoralta auringonvalolta ja l\u00e4mm\u00f6lt\u00e4.<\/p>\n","protected":false},"excerpt":{"rendered":"<p>Jodi edist\u00e4\u00e4 normaalia kognitiivista toimintaa,\u00a0energia-aineenvaihduntaa,\u00a0hermoston normaalia toimintaa,\u00a0ihon pysymist\u00e4 normaalina ja\u00a0kilpirauhashormonien normaalia tuotantoa sek\u00e4\u00a0kilpirauhasen normaalia toimintaa.<strong>\u00a0Pakkauksessa\u00a0544 tippaa.<\/strong><\/p>\n","protected":false},"featured_media":903,"template":"","meta":{"_acf_changed":false},"product_brand":[],"product_cat":[113,73,76],"product_tag":[],"class_list":{"0":"post-3977","1":"product","2":"type-product","3":"status-publish","4":"has-post-thumbnail","6":"product_cat-biomed-sv","7":"product_cat-lisaravinteet-sv","8":"product_cat-kivennaisvalmisteet-sv","10":"first","11":"instock","12":"taxable","13":"shipping-taxable","14":"purchasable","15":"product-type-simple"},"acf":[],"_links":{"self":[{"href":"https:\/\/vaasanluonnonravinto.fi\/sv\/wp-json\/wp\/v2\/product\/3977","targetHints":{"allow":["GET"]}}],"collection":[{"href":"https:\/\/vaasanluonnonravinto.fi\/sv\/wp-json\/wp\/v2\/product"}],"about":[{"href":"https:\/\/vaasanluonnonravinto.fi\/sv\/wp-json\/wp\/v2\/types\/product"}],"wp:featuredmedia":[{"embeddable":true,"href":"https:\/\/vaasanluonnonravinto.fi\/sv\/wp-json\/wp\/v2\/media\/903"}],"wp:attachment":[{"href":"https:\/\/vaasanluonnonravinto.fi\/sv\/wp-json\/wp\/v2\/media?parent=3977"}],"wp:term":[{"taxonomy":"product_brand","embeddable":true,"href":"https:\/\/vaasanluonnonravinto.fi\/sv\/wp-json\/wp\/v2\/product_brand?post=3977"},{"taxonomy":"product_cat","embeddable":true,"href":"https:\/\/vaasanluonnonravinto.fi\/sv\/wp-json\/wp\/v2\/product_cat?post=3977"},{"taxonomy":"product_tag","embeddable":true,"href":"https:\/\/vaasanluonnonravinto.fi\/sv\/wp-json\/wp\/v2\/product_tag?post=3977"}],"curies":[{"name":"wp","href":"https:\/\/api.w.org\/{rel}","templated":true}]}}