{"id":3974,"date":"2019-05-29T12:39:16","date_gmt":"2019-05-29T09:39:16","guid":{"rendered":"https:\/\/vaasanluonnonravinto.fi\/?post_type=product&#038;p=3974"},"modified":"2024-04-01T01:37:04","modified_gmt":"2024-03-31T22:37:04","slug":"luuliemijauhe","status":"publish","type":"product","link":"https:\/\/vaasanluonnonravinto.fi\/sv\/tuote\/luuliemijauhe\/","title":{"rendered":"Biomed LUULIEMIJAUHE 30 g"},"content":{"rendered":"<p><strong>Suomalainen poron luu- ja luuydinuute -jauhe on valmistettu pohjoisen \u00e4\u00e4rimm\u00e4isiss\u00e4 olosuhteissa vaeltaneiden porojen luista<\/strong>.<\/p>\n<p>&nbsp;<\/p>\n<p>Kyseess\u00e4 on ikivanha ravintolis\u00e4, jonka ajatuksena alun perin oli hy\u00f6dynt\u00e4\u00e4 koko el\u00e4in, ei vain lihaa luiden ymp\u00e4rilt\u00e4. Sen aikaiset ihmiset huomasivat, ett\u00e4 luuta oli kuitenkin vaikea pureskella. Kuin sattumalta keksittiin keino l\u00e4mmitt\u00e4\u00e4 luita vedess\u00e4 heitt\u00e4m\u00e4ll\u00e4 sekaan kuumia kivi\u00e4. Niin luita alettiin hauduttaa pitk\u00e4\u00e4n ja lempe\u00e4sti, saaden talteen my\u00f6s luiden sek\u00e4 luuytimien arvokkaat ravinteet. N\u00e4in ylij\u00e4\u00e4m\u00e4st\u00e4 muodostui kallisarvoinen raaka-aine.<\/p>\n<p>&nbsp;<\/p>\n<p>Poro on karaistunut sy\u00f6m\u00e4\u00e4n kitukasvuisia, mutta ravinteikkaita Lapin luonnonkasveja. Sisulla se selvi\u00e4\u00e4 haastavistakin ajoista. Poro onkin yksi puhtaimmista ja laadukkaimmista kotimaisista raaka-aineista.<\/p>\n<p>&nbsp;<\/p>\n<ul>\n<li>Luonnollinen kollageenin, glukosamiinin, kondroitiinin, hyaluronihapon ja aminohappojen l\u00e4hde<\/li>\n<li>Valmistettu lapissa laiduntaneiden porojen luista<\/li>\n<li>Hy\u00f6dynt\u00e4\u00e4 kallisarvoisen, muutoin ylij\u00e4\u00e4m\u00e4ksi joutuvan puhtaan ja laadukkaan raaka-aineen<\/li>\n<li>L\u00e4mmitt\u00e4v\u00e4ll\u00e4 luuliemell\u00e4 on pitk\u00e4 k\u00e4ytt\u00f6historia<\/li>\n<li>Valmistettu hitaasti hauduttamalla raaka-ainetta kunnioittaen<\/li>\n<li>Haudutettu puhtaassa suomalaisessa l\u00e4hdevedess\u00e4<\/li>\n<\/ul>\n<p>&nbsp;<\/p>\n<p><strong>Puhtaat ja laadukkaat raaka-aineet<\/strong><\/p>\n<ul>\n<li style=\"list-style-type: none;\">\n<ul>\n<li>Puhdas suomalainen l\u00e4hdevesi<\/li>\n<li>Pohjoisen puolivillin mets\u00e4el\u00e4imen, poron, luuta<\/li>\n<li>Omenaviinietikka (luomua)<\/li>\n<li>Lis\u00e4aineeton<\/li>\n<\/ul>\n<\/li>\n<\/ul>\n<p>&nbsp;<\/p>\n<p>Helppo- ja monik\u00e4ytt\u00f6inen, jauheen lis\u00e4t\u00e4 suoraan kuumaan veteen yrttisuolan kera tai\u00a0 suolaisiin\/makeisiin ruokiin ja juomiin.<\/p>\n<p>&nbsp;<\/p>\n<p><strong>Suositeltava vuorokausiannos:<\/strong><\/p>\n<p>1 tl (n. 1 g) p\u00e4iv\u00e4ss\u00e4 tai l\u00e4\u00e4k\u00e4rin\/ravitsemusterapeutin ohjeiden mukaisesti.<\/p>\n<p>&nbsp;<\/p>\n<p>Sekoita jauhe nesteeseen tai ruokaan. Voit lis\u00e4t\u00e4 luuliemijauhetta my\u00f6s rasvakahvin, smoothien, keittojen, kastikkeiden, patojen sek\u00e4 muiden ruokien joukkoon.<\/p>\n<p>&nbsp;<\/p>\n<p><strong>S\u00e4ilytys:<\/strong><\/p>\n<p>Kuivassa ja huoneenl\u00e4mm\u00f6ss\u00e4.<\/p>\n<p>&nbsp;<\/p>\n<p>Ilmoitettua suositeltua vuorokausiannosta ei saa ylitt\u00e4\u00e4. Ravintolis\u00e4\u00e4 ei tule k\u00e4ytt\u00e4\u00e4 monipuolisen ruokavalion korvikkeena. Tuote on s\u00e4ilytett\u00e4v\u00e4 pienten lasten ulottumattomissa.<\/p>\n","protected":false},"excerpt":{"rendered":"<p>Suomalainen pakastekuivattu poron luu- ja luuydinuute.<\/p>\n","protected":false},"featured_media":912,"template":"","meta":{"_acf_changed":false},"product_brand":[],"product_cat":[83,113,73,70],"product_tag":[],"class_list":{"0":"post-3974","1":"product","2":"type-product","3":"status-publish","4":"has-post-thumbnail","6":"product_cat-aminohapot-sv","7":"product_cat-biomed-sv","8":"product_cat-lisaravinteet-sv","9":"product_cat-erikoiselintarvikkeet-sv","11":"first","12":"instock","13":"taxable","14":"shipping-taxable","15":"purchasable","16":"product-type-simple"},"acf":[],"_links":{"self":[{"href":"https:\/\/vaasanluonnonravinto.fi\/sv\/wp-json\/wp\/v2\/product\/3974","targetHints":{"allow":["GET"]}}],"collection":[{"href":"https:\/\/vaasanluonnonravinto.fi\/sv\/wp-json\/wp\/v2\/product"}],"about":[{"href":"https:\/\/vaasanluonnonravinto.fi\/sv\/wp-json\/wp\/v2\/types\/product"}],"wp:featuredmedia":[{"embeddable":true,"href":"https:\/\/vaasanluonnonravinto.fi\/sv\/wp-json\/wp\/v2\/media\/912"}],"wp:attachment":[{"href":"https:\/\/vaasanluonnonravinto.fi\/sv\/wp-json\/wp\/v2\/media?parent=3974"}],"wp:term":[{"taxonomy":"product_brand","embeddable":true,"href":"https:\/\/vaasanluonnonravinto.fi\/sv\/wp-json\/wp\/v2\/product_brand?post=3974"},{"taxonomy":"product_cat","embeddable":true,"href":"https:\/\/vaasanluonnonravinto.fi\/sv\/wp-json\/wp\/v2\/product_cat?post=3974"},{"taxonomy":"product_tag","embeddable":true,"href":"https:\/\/vaasanluonnonravinto.fi\/sv\/wp-json\/wp\/v2\/product_tag?post=3974"}],"curies":[{"name":"wp","href":"https:\/\/api.w.org\/{rel}","templated":true}]}}