{"id":3969,"date":"2019-05-29T12:39:11","date_gmt":"2019-05-29T09:39:11","guid":{"rendered":"https:\/\/vaasanluonnonravinto.fi\/?post_type=product&#038;p=3969"},"modified":"2020-09-22T14:12:24","modified_gmt":"2020-09-22T11:12:24","slug":"osteomax","status":"publish","type":"product","link":"https:\/\/vaasanluonnonravinto.fi\/sv\/tuote\/osteomax\/","title":{"rendered":"Biomed OSTEOMAX 170 tabl"},"content":{"rendered":"<p>Osteomaxin sis\u00e4lt\u00e4m\u00e4t ainesosat on tarkoitettu edist\u00e4m\u00e4\u00e4n luuston, lihasten ja nivelten sek\u00e4 ihon, kynsien ja hiusten hyvinvointia.\u00a0Kalsium &#8211; C &#8211; D &#8211; K &#8211; vitamiini &#8211; kivenn\u00e4isainetabletti.<\/p>\n<p>&nbsp;<\/p>\n<p><strong>Osteomax on laktoositon ja makeuttamaton ravintovalmiste, joka sis\u00e4lt\u00e4\u00e4:<\/strong><\/p>\n<ul>\n<li>kalsiumia<\/li>\n<li>magnesiumia<\/li>\n<li>sinkki\u00e4<\/li>\n<li>mangaania<\/li>\n<li>kuparia<\/li>\n<li>booria<\/li>\n<li>C-vitamiinia<\/li>\n<li>D<sub>3<\/sub>\u2500vitamiinia<\/li>\n<li>K-vitamiinia<\/li>\n<\/ul>\n<p>&nbsp;<\/p>\n<p>&nbsp;<\/p>\n<p><strong>Magnesiumin sallitut terveysv\u00e4itteet:<\/strong><\/p>\n<ul>\n<li>Magnesium auttaa v\u00e4hent\u00e4m\u00e4\u00e4n v\u00e4symyst\u00e4 ja uupumusta<\/li>\n<li>Magnesium osallistuu solujen jakautumisprosessiin<\/li>\n<li>Magnesium edist\u00e4\u00e4\n<ul>\n<li>elektrolyyttitasapainoa<\/li>\n<li>\u00a0normaalia energia-aineenvaihduntaa<\/li>\n<li>\u00a0hermoston normaalia toimintaa<\/li>\n<li>\u00a0lihasten normaalia toimintaa<\/li>\n<li>normaalia proteiinisynteesi\u00e4<\/li>\n<li>\u00a0normaaleja psykologisia toimintoja<\/li>\n<li>\u00a0luuston pysymist\u00e4 normaalina<\/li>\n<li>hampaiden pysymist\u00e4 normaaleina<\/li>\n<\/ul>\n<\/li>\n<\/ul>\n<h3><\/h3>\n<p>&nbsp;<\/p>\n<p><strong>Kalsiumin sallitut terveysv\u00e4itteet<\/strong>:<\/p>\n<ul>\n<li>Kalsium edist\u00e4\u00e4\n<ul>\n<li>normaalia veren hyytymist\u00e4<\/li>\n<li>normaalia energia-aineenvaihduntaa<\/li>\n<li>lihasten normaalia toimintaa<\/li>\n<li>normaalia hermov\u00e4lityst\u00e4<\/li>\n<li>ruoansulatusentsyymien normaalia toimintaa<\/li>\n<\/ul>\n<\/li>\n<li>Kalsium on tarpeellinen luuston pysymiselle normaalina<\/li>\n<li>Kalsium on tarpeellinen hampaiden pysymiselle normaaleina<\/li>\n<\/ul>\n<h3><\/h3>\n<p>&nbsp;<\/p>\n<p><strong>C-vitamiinin sallitut v\u00e4itteet:<\/strong><\/p>\n<ul>\n<li>C-vitamiini edist\u00e4\u00e4 normaalia kollageenin muodostumista luuston, rustojen, ikenien, verisuonten ja ihon normaalia toimintaa varten<\/li>\n<li>C-vitamiini edist\u00e4\u00e4\n<ul>\n<li>normaalia energia-aineenvaihduntaa<\/li>\n<li>hermoston normaalia toimintaa<\/li>\n<li>normaaleja psykologisia toimintoja<\/li>\n<li>immuunij\u00e4rjestelm\u00e4n normaalia toimintaa<\/li>\n<li>solujen suojaamista hapettumisstressilt\u00e4<\/li>\n<\/ul>\n<\/li>\n<li>C-vitamiini auttaa v\u00e4hent\u00e4m\u00e4\u00e4n v\u00e4symyst\u00e4 ja uupumusta<\/li>\n<li>C-vitamiini edist\u00e4\u00e4 E-vitamiinin palautumista pelkistyneeseen muotoon<\/li>\n<li>C-vitamiini lis\u00e4\u00e4 raudan imeytymist\u00e4<\/li>\n<\/ul>\n<h3><\/h3>\n<p>&nbsp;<\/p>\n<p><strong>Sinkin sallitut terveysv\u00e4itt\u00e4m\u00e4t:<\/strong><\/p>\n<ul>\n<li>Sinkki edist\u00e4\u00e4:\n<ul>\n<li>normaalia happo-em\u00e4saineenvaihduntaa<\/li>\n<li>normaalia hiilihydraattiaineenvaihduntaa<\/li>\n<li>normaalia kognitiivista toimintaa<\/li>\n<li>normaalia DNA-synteesi\u00e4<\/li>\n<li>normaalia hedelm\u00e4llisyytt\u00e4 ja lis\u00e4\u00e4ntymist\u00e4<\/li>\n<li>normaalia makroravintoaineiden aineenvaihduntaa<\/li>\n<li>normaalia rasvahappoaineenvaihduntaa<\/li>\n<li>normaalia A- vitamiinin aineenvaihduntaa<\/li>\n<li>normaalia proteiinisynteesi\u00e4<\/li>\n<li>luuston pysymist\u00e4 normaalina<\/li>\n<li>hiusten pysymist\u00e4 normaaleina<\/li>\n<li>kynsien pysymist\u00e4 normaaleina<\/li>\n<li>ihon pysymist\u00e4 normaalina<\/li>\n<li>veren testosteronitasojen pysymist\u00e4 normaalina<\/li>\n<li>n\u00e4\u00f6n pysymist\u00e4 normaalina<\/li>\n<li>immuunij\u00e4rjestelm\u00e4n normaalia toimintaa<\/li>\n<li>solujen suojaamista hapettumisstressilt\u00e4<\/li>\n<\/ul>\n<\/li>\n<li>Sinkki osallistuu solujen jakautumisprosessiin<\/li>\n<\/ul>\n<h3><\/h3>\n<p>&nbsp;<\/p>\n<p><strong>Suositeltava vuorokausiannos:<\/strong><\/p>\n<p>5 tablettia p\u00e4iv\u00e4ss\u00e4.<\/p>\n<p>&nbsp;<\/p>\n<p>&nbsp;<\/p>\n<p>Ilmoitettua suositeltua vuorokausiannosta ei saa ylitt\u00e4\u00e4. Ravintolis\u00e4 ei korvaa monipuolista ja tasapainoista ruokavaliota eik\u00e4 terveit\u00e4 el\u00e4m\u00e4ntapoja. Tuote on s\u00e4ilytett\u00e4v\u00e4 pienten lasten ulottumattomissa. S\u00e4ilytett\u00e4v\u00e4 kuivassa ja huoneenl\u00e4mm\u00f6ss\u00e4 alle 25\u00a0<sup>o<\/sup>C.<\/p>\n<p>&nbsp;<\/p>\n<p>&nbsp;<\/p>\n<p>Valmistusmaa Suomi.<\/p>\n","protected":false},"excerpt":{"rendered":"<p>Osteomaxin sis\u00e4lt\u00e4m\u00e4t ainesosat on tarkoitettu edist\u00e4m\u00e4\u00e4n luuston, lihasten ja nivelten sek\u00e4 ihon, kynsien ja hiusten hyvinvointia.\u00a0Kalsium \u2013 C \u2013 D \u2013 K \u2013 vitamiini \u2013 kivenn\u00e4isainetabletti.<\/p>\n","protected":false},"featured_media":934,"template":"","meta":{"_acf_changed":false},"product_brand":[],"product_cat":[113,73,76,89,77],"product_tag":[],"class_list":{"0":"post-3969","1":"product","2":"type-product","3":"status-publish","4":"has-post-thumbnail","6":"product_cat-biomed-sv","7":"product_cat-lisaravinteet-sv","8":"product_cat-kivennaisvalmisteet-sv","9":"product_cat-lihakset-ja-luusto-sv","10":"product_cat-vitamiinit-sv","12":"first","13":"instock","14":"taxable","15":"shipping-taxable","16":"purchasable","17":"product-type-simple"},"acf":[],"_links":{"self":[{"href":"https:\/\/vaasanluonnonravinto.fi\/sv\/wp-json\/wp\/v2\/product\/3969","targetHints":{"allow":["GET"]}}],"collection":[{"href":"https:\/\/vaasanluonnonravinto.fi\/sv\/wp-json\/wp\/v2\/product"}],"about":[{"href":"https:\/\/vaasanluonnonravinto.fi\/sv\/wp-json\/wp\/v2\/types\/product"}],"wp:featuredmedia":[{"embeddable":true,"href":"https:\/\/vaasanluonnonravinto.fi\/sv\/wp-json\/wp\/v2\/media\/934"}],"wp:attachment":[{"href":"https:\/\/vaasanluonnonravinto.fi\/sv\/wp-json\/wp\/v2\/media?parent=3969"}],"wp:term":[{"taxonomy":"product_brand","embeddable":true,"href":"https:\/\/vaasanluonnonravinto.fi\/sv\/wp-json\/wp\/v2\/product_brand?post=3969"},{"taxonomy":"product_cat","embeddable":true,"href":"https:\/\/vaasanluonnonravinto.fi\/sv\/wp-json\/wp\/v2\/product_cat?post=3969"},{"taxonomy":"product_tag","embeddable":true,"href":"https:\/\/vaasanluonnonravinto.fi\/sv\/wp-json\/wp\/v2\/product_tag?post=3969"}],"curies":[{"name":"wp","href":"https:\/\/api.w.org\/{rel}","templated":true}]}}