{"id":3968,"date":"2019-05-29T12:39:10","date_gmt":"2019-05-29T09:39:10","guid":{"rendered":"https:\/\/vaasanluonnonravinto.fi\/?post_type=product&#038;p=3968"},"modified":"2025-07-05T14:49:10","modified_gmt":"2025-07-05T11:49:10","slug":"rautatipat","status":"publish","type":"product","link":"https:\/\/vaasanluonnonravinto.fi\/sv\/tuote\/rautatipat\/","title":{"rendered":"Biomed RAUTATIPAT 40 ml"},"content":{"rendered":"<p><strong>Rauta &#8211; \u00a0sallitut terveysv\u00e4itteet:<\/strong><\/p>\n<ul>\n<li>Rauta edist\u00e4\u00e4 normaalia kognitiivista toimintaa<\/li>\n<li>Rauta edist\u00e4\u00e4 normaalia energia-aineenvaihduntaa<\/li>\n<li>Rauta edist\u00e4\u00e4 normaalia punaisten verisolujen ja hemoglobiinin muodostumista<\/li>\n<li>Rauta edist\u00e4\u00e4 normaalia hapen kuljetusta kehossa<\/li>\n<li>Rauta edist\u00e4\u00e4 immuunij\u00e4rjestelm\u00e4n normaalia toimintaa<\/li>\n<li>Rauta auttaa v\u00e4hent\u00e4m\u00e4\u00e4n v\u00e4symyst\u00e4 ja uupumusta<\/li>\n<li>Rauta osallistuu solujen jakautumisprosessiin<\/li>\n<\/ul>\n<p>&nbsp;<\/p>\n<p>Kasvikunnan tuotteissa on monia hyvi\u00e4 raudan l\u00e4hteit\u00e4 kuten kuivatut hedelm\u00e4t, erityisesti luumut ja rusinat, linssit ja siemenet sek\u00e4 nokkonen ja pinaatti.<\/p>\n<h3><\/h3>\n<p><strong>Suositeltava vuorokausiannos:<\/strong><\/p>\n<p>15 tippaa p\u00e4iv\u00e4ss\u00e4.<\/p>\n<p>&nbsp;<\/p>\n<p><strong>K\u00e4ytt\u00f6ohjeet<\/strong>:<\/p>\n<p>Nauti tipat kerran p\u00e4iv\u00e4ss\u00e4 sellaisenaan suoraan kielen alle tai ruuan kanssa tai l\u00e4\u00e4k\u00e4rin\/ravitsemusterapeutin ohjeen mukaisesti.<\/p>\n<p>&nbsp;<\/p>\n<p>Valmistusmaa<strong> Iso-Britannia.<\/strong><\/p>\n<p>&nbsp;<\/p>\n<p>Ilmoitettua suositeltua vuorokausiannosta ei saa ylitt\u00e4\u00e4. Ravintolis\u00e4 ei korvaa monipuolista ja tasapainoista ruokavaliota eik\u00e4 terveit\u00e4 el\u00e4m\u00e4ntapoja. Tuote on s\u00e4ilytett\u00e4v\u00e4 pienten lasten ulottumattomissa. S\u00e4ilytett\u00e4v\u00e4 kuivassa ja huoneenl\u00e4mm\u00f6ss\u00e4 alle 25\u00a0<sup>o<\/sup>C:ssa. Suojattava suoralta auringonvalolta ja l\u00e4mm\u00f6lt\u00e4.<\/p>\n","protected":false},"excerpt":{"rendered":"<p>Helppok\u00e4ytt\u00f6iset nestem\u00e4iset rautatipat. Rauta auttaa v\u00e4hent\u00e4m\u00e4\u00e4n v\u00e4symyst\u00e4 ja uupumusta. Rautatipat eiv\u00e4t aiheuta ummetusta ja ovat eritt\u00e4in vatsayst\u00e4v\u00e4lliset. Sopii henkil\u00f6ille, joilla on nielemisvaikeuksia.<\/p>\n","protected":false},"featured_media":937,"template":"","meta":{"_acf_changed":false},"product_brand":[],"product_cat":[113,73,76],"product_tag":[],"class_list":{"0":"post-3968","1":"product","2":"type-product","3":"status-publish","4":"has-post-thumbnail","6":"product_cat-biomed-sv","7":"product_cat-lisaravinteet-sv","8":"product_cat-kivennaisvalmisteet-sv","10":"first","11":"instock","12":"taxable","13":"shipping-taxable","14":"purchasable","15":"product-type-simple"},"acf":[],"_links":{"self":[{"href":"https:\/\/vaasanluonnonravinto.fi\/sv\/wp-json\/wp\/v2\/product\/3968","targetHints":{"allow":["GET"]}}],"collection":[{"href":"https:\/\/vaasanluonnonravinto.fi\/sv\/wp-json\/wp\/v2\/product"}],"about":[{"href":"https:\/\/vaasanluonnonravinto.fi\/sv\/wp-json\/wp\/v2\/types\/product"}],"wp:featuredmedia":[{"embeddable":true,"href":"https:\/\/vaasanluonnonravinto.fi\/sv\/wp-json\/wp\/v2\/media\/937"}],"wp:attachment":[{"href":"https:\/\/vaasanluonnonravinto.fi\/sv\/wp-json\/wp\/v2\/media?parent=3968"}],"wp:term":[{"taxonomy":"product_brand","embeddable":true,"href":"https:\/\/vaasanluonnonravinto.fi\/sv\/wp-json\/wp\/v2\/product_brand?post=3968"},{"taxonomy":"product_cat","embeddable":true,"href":"https:\/\/vaasanluonnonravinto.fi\/sv\/wp-json\/wp\/v2\/product_cat?post=3968"},{"taxonomy":"product_tag","embeddable":true,"href":"https:\/\/vaasanluonnonravinto.fi\/sv\/wp-json\/wp\/v2\/product_tag?post=3968"}],"curies":[{"name":"wp","href":"https:\/\/api.w.org\/{rel}","templated":true}]}}