{"id":3962,"date":"2019-05-29T12:39:05","date_gmt":"2019-05-29T09:39:05","guid":{"rendered":"https:\/\/vaasanluonnonravinto.fi\/?post_type=product&#038;p=3962"},"modified":"2025-10-08T16:52:25","modified_gmt":"2025-10-08T13:52:25","slug":"seleenitipat","status":"publish","type":"product","link":"https:\/\/vaasanluonnonravinto.fi\/sv\/tuote\/seleenitipat\/","title":{"rendered":"Biomed SELEENITIPAT 40 ml"},"content":{"rendered":"<p><strong>Seleenin sallitut terveysv\u00e4itt\u00e4m\u00e4t:<\/strong><\/p>\n<ul>\n<li>seleeni edist\u00e4\u00e4 immuunij\u00e4rjestelm\u00e4n normaalia toimintaa<\/li>\n<li>seleeni edist\u00e4\u00e4 hiusten ja kynsien hyvinvointia<\/li>\n<li>seleeni on t\u00e4rke\u00e4 kilpirauhasen normaalille toiminnalle<\/li>\n<li>seleeni edist\u00e4\u00e4 normaalia siitti\u00f6iden muodostusta<\/li>\n<li>seleeni edist\u00e4\u00e4 solujen suojaamista hapetusstressilt\u00e4<\/li>\n<\/ul>\n<h3><\/h3>\n<h3><\/h3>\n<p>&nbsp;<\/p>\n<p><strong>Suositeltava vuorokausiannos:<\/strong><\/p>\n<p>2 tippaa p\u00e4iv\u00e4ss\u00e4.<br \/>\nPullossa\u00a0139 p\u00e4iv\u00e4n riitt\u00e4vyys\u00a0annostusohjeella.<\/p>\n<p>&nbsp;<\/p>\n<p><strong>K\u00e4ytt\u00f6ohjeet:<\/strong><\/p>\n<p>Nauti tipat kerran p\u00e4iv\u00e4ss\u00e4 sellaisenaan suoraan kielen alle tai ruuan\/juoman kanssa tai l\u00e4\u00e4k\u00e4rin\/ravitsemusterapeutin ohjeen mukaisesti.<\/p>\n<p>&nbsp;<\/p>\n<p>Valmistusmaa Iso-Britannia.<\/p>\n<p>&nbsp;<\/p>\n<p>Ilmoitettua suositeltua vuorokausiannosta ei saa ylitt\u00e4\u00e4. Ravintolis\u00e4 ei korvaa monipuolista ja tasapainoista ruokavaliota eik\u00e4 terveit\u00e4 el\u00e4m\u00e4ntapoja. Tuote on s\u00e4ilytett\u00e4v\u00e4 pienten lasten ulottumattomissa. S\u00e4ilytett\u00e4v\u00e4 kuivassa ja huoneenl\u00e4mm\u00f6ss\u00e4 alle 25\u00a0<sup>o<\/sup>C:ssa. Suojattava suoralta auringonvalolta ja l\u00e4mm\u00f6lt\u00e4.<\/p>\n","protected":false},"excerpt":{"rendered":"<p>Nestem\u00e4inen seleeni. Ihanteellinen niille, joilla nielemisvaikeuksia. Seleeni edist\u00e4\u00e4 immuunij\u00e4rjestelm\u00e4n normaalia toimintaa, hiusten ja kynsien hyvinvointia sek\u00e4\u00a0 kilpirauhasen normaalia toimintaa ja solujen suojaamista hapettumisstressilt\u00e4.<\/p>\n","protected":false},"featured_media":955,"template":"","meta":{"_acf_changed":false},"product_brand":[],"product_cat":[113,73,76],"product_tag":[],"class_list":{"0":"post-3962","1":"product","2":"type-product","3":"status-publish","4":"has-post-thumbnail","6":"product_cat-biomed-sv","7":"product_cat-lisaravinteet-sv","8":"product_cat-kivennaisvalmisteet-sv","10":"first","11":"outofstock","12":"taxable","13":"shipping-taxable","14":"purchasable","15":"product-type-simple"},"acf":[],"_links":{"self":[{"href":"https:\/\/vaasanluonnonravinto.fi\/sv\/wp-json\/wp\/v2\/product\/3962","targetHints":{"allow":["GET"]}}],"collection":[{"href":"https:\/\/vaasanluonnonravinto.fi\/sv\/wp-json\/wp\/v2\/product"}],"about":[{"href":"https:\/\/vaasanluonnonravinto.fi\/sv\/wp-json\/wp\/v2\/types\/product"}],"wp:featuredmedia":[{"embeddable":true,"href":"https:\/\/vaasanluonnonravinto.fi\/sv\/wp-json\/wp\/v2\/media\/955"}],"wp:attachment":[{"href":"https:\/\/vaasanluonnonravinto.fi\/sv\/wp-json\/wp\/v2\/media?parent=3962"}],"wp:term":[{"taxonomy":"product_brand","embeddable":true,"href":"https:\/\/vaasanluonnonravinto.fi\/sv\/wp-json\/wp\/v2\/product_brand?post=3962"},{"taxonomy":"product_cat","embeddable":true,"href":"https:\/\/vaasanluonnonravinto.fi\/sv\/wp-json\/wp\/v2\/product_cat?post=3962"},{"taxonomy":"product_tag","embeddable":true,"href":"https:\/\/vaasanluonnonravinto.fi\/sv\/wp-json\/wp\/v2\/product_tag?post=3962"}],"curies":[{"name":"wp","href":"https:\/\/api.w.org\/{rel}","templated":true}]}}