{"id":3961,"date":"2019-05-29T12:39:04","date_gmt":"2019-05-29T09:39:04","guid":{"rendered":"https:\/\/vaasanluonnonravinto.fi\/?post_type=product&#038;p=3961"},"modified":"2024-12-25T00:37:05","modified_gmt":"2024-12-24T22:37:05","slug":"silicum-tonic","status":"publish","type":"product","link":"https:\/\/vaasanluonnonravinto.fi\/sv\/tuote\/silicum-tonic\/","title":{"rendered":"SILICUM TONIC"},"content":{"rendered":"<h1><strong>Silicum Tonic<\/strong><\/h1>\n<p>Silicum tonic on suomalainen geelivalmiste, jonka sis\u00e4lt\u00e4m\u00e4t pii- ja karmelloosigeeli toimivat yhdess\u00e4.<\/p>\n<h3><strong>K\u00e4ytt\u00f6tarkoitus<\/strong><\/h3>\n<p>Ravintolis\u00e4\/kosttillskott<\/p>\n<p>Nestem\u00e4inen piihappo-karmelloosi-geeli.<br \/>\nFlytande kiseldioxid-karmellosgel<br \/>\n2&#215;250 ml<\/p>\n<h3><strong>Pii<\/strong><\/h3>\n<p>Piit\u00e4 on luonnossa kasveissa, merivedess\u00e4 ja kallioper\u00e4ss\u00e4 happeen sitoutuneena. Pii on hapen j\u00e4lkeen maapallon toiseksi yleisin alkuaine.<\/p>\n<h3><strong>Karmelloosi<\/strong><\/h3>\n<p>Karmelloosi on kuusen, m\u00e4nnyn ja puuvillan vesiliukoinen rakennekuitu. Se sis\u00e4lt\u00e4\u00e4 sokerimolekyyleist\u00e4 koostuvaa galaktomannaania, joka ei muutu sokeriksi ihmisen suolistossa.<\/p>\n<p>Kolloidinen karmelloosi on vesiliukoista, hajutonta ja liev\u00e4sti em\u00e4ksist\u00e4.<\/p>\n<h3><strong>Suositeltava vuorokausiannos<\/strong><\/h3>\n<p>15 ml 1-3 kertaa p\u00e4iv\u00e4ss\u00e4 tai tarpeen mukaan.<\/p>\n<h3><strong>Suositeltava vuorokausiannos (15-45 ml) sis\u00e4lt\u00e4\u00e4:<\/strong><\/h3>\n<p>Piidioksidi 580 mg -1740 mg<\/p>\n<h3><strong>Ainesosat<\/strong><\/h3>\n<p>Demineralisoitu vesi, piidioksidi, karmelloosi, s\u00e4il\u00f6nt\u00e4aine (kaliumsorbaatti, natriumbentsoaatti), happamuudens\u00e4\u00e4t\u00f6aine (sitruunahappo).<\/p>\n<p>Valmistettu Suomessa.<\/p>\n<p>Ilmoitettua suositeltua vuorokausiannosta ei saa ylitt\u00e4\u00e4.\u00a0 Ravintolis\u00e4\u00e4 ei tule k\u00e4ytt\u00e4\u00e4 monipuolisen ruokavalion korvikkeena. Tuote on s\u00e4ilytett\u00e4v\u00e4 pienten lasten ulottumattomissa. S\u00e4ilytett\u00e4v\u00e4 kuivassa ja huoneenl\u00e4mm\u00f6ss\u00e4.<\/p>\n","protected":false},"excerpt":{"rendered":"<p>Silicum tonic on suomalainen geelivalmiste, jonka sis\u00e4lt\u00e4m\u00e4t\u00a0 piigeeli ja karmelloosigeeli toimivat yhdess\u00e4.<\/p>\n","protected":false},"featured_media":958,"template":"","meta":{"_acf_changed":false},"product_brand":[],"product_cat":[73],"product_tag":[],"class_list":{"0":"post-3961","1":"product","2":"type-product","3":"status-publish","4":"has-post-thumbnail","6":"product_cat-lisaravinteet-sv","8":"first","9":"instock","10":"taxable","11":"shipping-taxable","12":"purchasable","13":"product-type-simple"},"acf":[],"_links":{"self":[{"href":"https:\/\/vaasanluonnonravinto.fi\/sv\/wp-json\/wp\/v2\/product\/3961","targetHints":{"allow":["GET"]}}],"collection":[{"href":"https:\/\/vaasanluonnonravinto.fi\/sv\/wp-json\/wp\/v2\/product"}],"about":[{"href":"https:\/\/vaasanluonnonravinto.fi\/sv\/wp-json\/wp\/v2\/types\/product"}],"wp:featuredmedia":[{"embeddable":true,"href":"https:\/\/vaasanluonnonravinto.fi\/sv\/wp-json\/wp\/v2\/media\/958"}],"wp:attachment":[{"href":"https:\/\/vaasanluonnonravinto.fi\/sv\/wp-json\/wp\/v2\/media?parent=3961"}],"wp:term":[{"taxonomy":"product_brand","embeddable":true,"href":"https:\/\/vaasanluonnonravinto.fi\/sv\/wp-json\/wp\/v2\/product_brand?post=3961"},{"taxonomy":"product_cat","embeddable":true,"href":"https:\/\/vaasanluonnonravinto.fi\/sv\/wp-json\/wp\/v2\/product_cat?post=3961"},{"taxonomy":"product_tag","embeddable":true,"href":"https:\/\/vaasanluonnonravinto.fi\/sv\/wp-json\/wp\/v2\/product_tag?post=3961"}],"curies":[{"name":"wp","href":"https:\/\/api.w.org\/{rel}","templated":true}]}}