{"id":3955,"date":"2019-05-29T12:38:58","date_gmt":"2019-05-29T09:38:58","guid":{"rendered":"https:\/\/vaasanluonnonravinto.fi\/?post_type=product&#038;p=3955"},"modified":"2025-02-01T00:37:03","modified_gmt":"2025-01-31T22:37:03","slug":"vahva-karpalo-maitohappobakteerit","status":"publish","type":"product","link":"https:\/\/vaasanluonnonravinto.fi\/sv\/tuote\/vahva-karpalo-maitohappobakteerit\/","title":{"rendered":"Biomed VAHVA KARPALO + MAITOHAPPOBAKTEERIT 30 kaps"},"content":{"rendered":"<p>Biomedin Vahvassa Karpalokapselissa yhdistyy karpalouute ja kahdeksan eri maitohappobakteerikantaa.<\/p>\n<h3><\/h3>\n<p>&nbsp;<\/p>\n<h3><\/h3>\n<p><strong>Suositeltava vuorokausiannos:<\/strong><\/p>\n<p>1 kapseli p\u00e4iv\u00e4ss\u00e4 aterian yhteydess\u00e4 (v\u00e4hint\u00e4\u00e4n 2 tuntia ennen tai j\u00e4lkeen mahdollisten antibioottien) Pakkaus sis\u00e4lt\u00e4\u00e4 1 kk:n annoksen.<\/p>\n<p>&nbsp;<\/p>\n<p>Ilmoitettua suositeltua vuorokausiannosta ei saa ylitt\u00e4\u00e4.\u00a0 Ravintolis\u00e4\u00e4 ei tule k\u00e4ytt\u00e4\u00e4 monipuolisen ruokavalion korvikkeena. Tuote on s\u00e4ilytett\u00e4v\u00e4 pienten lasten ulottumattomissa. S\u00e4ilytett\u00e4v\u00e4 kuivassa ja huoneenl\u00e4mm\u00f6ss\u00e4.<\/p>\n<p>&nbsp;<\/p>\n<p><em>Pakkaus sis\u00e4lt\u00e4\u00e4 kuivausaine-pussin (silikageeli\u00e4, ei sy\u00f6t\u00e4v\u00e4ksi) \/ F\u00f6rpackningen inne-h\u00e5ller torkmedel i p\u00e5se (silikagel\u00e9), f\u00e5r ej f\u00f6rt\u00e4ras.<\/em><\/p>\n<p>&nbsp;<\/p>\n","protected":false},"excerpt":{"rendered":"<p>Karpalouutteen ja kahdeksan eri maitohappobakteerikannan yhdistelm\u00e4.\u00a01 kapseli p\u00e4iv\u00e4ss\u00e4 riitt\u00e4\u00e4. Pakkaus sis\u00e4lt\u00e4\u00e4 1 kk:n annoksen.<\/p>\n","protected":false},"featured_media":976,"template":"","meta":{"_acf_changed":false},"product_brand":[],"product_cat":[113,87,73,108,77],"product_tag":[],"class_list":{"0":"post-3955","1":"product","2":"type-product","3":"status-publish","4":"has-post-thumbnail","6":"product_cat-biomed-sv","7":"product_cat-vatsan-hyvinvointivalmisteet-sv","8":"product_cat-lisaravinteet-sv","9":"product_cat-maitohappobakteerit-sv","10":"product_cat-vitamiinit-sv","12":"first","13":"instock","14":"taxable","15":"shipping-taxable","16":"purchasable","17":"product-type-simple"},"acf":[],"_links":{"self":[{"href":"https:\/\/vaasanluonnonravinto.fi\/sv\/wp-json\/wp\/v2\/product\/3955","targetHints":{"allow":["GET"]}}],"collection":[{"href":"https:\/\/vaasanluonnonravinto.fi\/sv\/wp-json\/wp\/v2\/product"}],"about":[{"href":"https:\/\/vaasanluonnonravinto.fi\/sv\/wp-json\/wp\/v2\/types\/product"}],"wp:featuredmedia":[{"embeddable":true,"href":"https:\/\/vaasanluonnonravinto.fi\/sv\/wp-json\/wp\/v2\/media\/976"}],"wp:attachment":[{"href":"https:\/\/vaasanluonnonravinto.fi\/sv\/wp-json\/wp\/v2\/media?parent=3955"}],"wp:term":[{"taxonomy":"product_brand","embeddable":true,"href":"https:\/\/vaasanluonnonravinto.fi\/sv\/wp-json\/wp\/v2\/product_brand?post=3955"},{"taxonomy":"product_cat","embeddable":true,"href":"https:\/\/vaasanluonnonravinto.fi\/sv\/wp-json\/wp\/v2\/product_cat?post=3955"},{"taxonomy":"product_tag","embeddable":true,"href":"https:\/\/vaasanluonnonravinto.fi\/sv\/wp-json\/wp\/v2\/product_tag?post=3955"}],"curies":[{"name":"wp","href":"https:\/\/api.w.org\/{rel}","templated":true}]}}