{"id":3954,"date":"2019-05-29T12:38:57","date_gmt":"2019-05-29T09:38:57","guid":{"rendered":"https:\/\/vaasanluonnonravinto.fi\/?post_type=product&#038;p=3954"},"modified":"2026-05-15T06:37:09","modified_gmt":"2026-05-15T03:37:09","slug":"vahva-kurkumiini","status":"publish","type":"product","link":"https:\/\/vaasanluonnonravinto.fi\/sv\/tuote\/vahva-kurkumiini\/","title":{"rendered":"Biomed VAHVA KURKUMIINI 60 kaps"},"content":{"rendered":"<p><strong>Patentoidulla Curcugreen\u2122-kurkumauutteella (entinen BCM-95\u00ae) on laaja tutkimustieto takana.<br \/>\n<\/strong>Kurkuma kiinnostaa my\u00f6s maailmalla. Kurkumalla tehtiin pelk\u00e4st\u00e4\u00e4n vuosina 2000-2013 yli 5000 erilaista tutkimusta.<strong><br \/>\n<\/strong><\/p>\n<p>&nbsp;<\/p>\n<p>Biomed on tuonut paljon tutkitun ja dokumentoidun tuotteen valikoimiinsa. Vahva Kurkumiini on kurkumauutetta joka sis\u00e4lt\u00e4\u00e4 kurkumiinia ja kurkuman omia \u00f6ljyj\u00e4. T\u00e4m\u00e4 luonnollinen kurkuminoidien ja kurkuman \u00f6ljyjen uutos on patentoitu Curcugreen\u2122-uute.<\/p>\n<p>&nbsp;<\/p>\n<p>&nbsp;<\/p>\n<p><strong>Kurkuminoidit + kurkuman eteerinen \u00f6ljy = 100 % luonnollinen kurkumavalmiste<\/strong><\/p>\n<p>&nbsp;<\/p>\n<p>&nbsp;<\/p>\n<p><strong>Suositeltava vuorokausiannos:<\/strong><\/p>\n<p>1 kapseli 1-2 kertaa p\u00e4iv\u00e4ss\u00e4 aterian yhteydess\u00e4 tai l\u00e4\u00e4k\u00e4rin\/ravitsemusterapeutin ohjeen mukaan.\u00a0Jos olet raskaana tai k\u00e4yt\u00e4t l\u00e4\u00e4kityst\u00e4 neuvottele l\u00e4\u00e4k\u00e4rin kanssa ennen k\u00e4ytt\u00f6\u00e4.<\/p>\n<p>&nbsp;<\/p>\n","protected":false},"excerpt":{"rendered":"<p>VUODEN TERVEYSTUOTE 2019 SUOMESSA!<\/p>\n<p>Biomedin Vahva Kurkumiini <strong>Curcugreen\u2122<\/strong>\u00a0(entinen BCM-95 -uute) on 100 %\u00a0 luonnollinen kurkumauute, jossa yhdistyv\u00e4t kurkuminoidit (kurkumiini) ja kurkuman eteeriset \u00f6ljyt.<\/p>\n","protected":false},"featured_media":979,"template":"","meta":{"_acf_changed":false,"rs_blank_template":"","rs_page_bg_color":"","slide_template_v7":""},"product_brand":[],"product_cat":[113,73,72],"product_tag":[],"class_list":{"0":"post-3954","1":"product","2":"type-product","3":"status-publish","4":"has-post-thumbnail","6":"product_cat-biomed-sv","7":"product_cat-lisaravinteet-sv","8":"product_cat-yrttivalmisteet-sv","10":"first","11":"instock","12":"taxable","13":"shipping-taxable","14":"purchasable","15":"product-type-simple"},"acf":[],"_links":{"self":[{"href":"https:\/\/vaasanluonnonravinto.fi\/sv\/wp-json\/wp\/v2\/product\/3954","targetHints":{"allow":["GET"]}}],"collection":[{"href":"https:\/\/vaasanluonnonravinto.fi\/sv\/wp-json\/wp\/v2\/product"}],"about":[{"href":"https:\/\/vaasanluonnonravinto.fi\/sv\/wp-json\/wp\/v2\/types\/product"}],"wp:featuredmedia":[{"embeddable":true,"href":"https:\/\/vaasanluonnonravinto.fi\/sv\/wp-json\/wp\/v2\/media\/979"}],"wp:attachment":[{"href":"https:\/\/vaasanluonnonravinto.fi\/sv\/wp-json\/wp\/v2\/media?parent=3954"}],"wp:term":[{"taxonomy":"product_brand","embeddable":true,"href":"https:\/\/vaasanluonnonravinto.fi\/sv\/wp-json\/wp\/v2\/product_brand?post=3954"},{"taxonomy":"product_cat","embeddable":true,"href":"https:\/\/vaasanluonnonravinto.fi\/sv\/wp-json\/wp\/v2\/product_cat?post=3954"},{"taxonomy":"product_tag","embeddable":true,"href":"https:\/\/vaasanluonnonravinto.fi\/sv\/wp-json\/wp\/v2\/product_tag?post=3954"}],"curies":[{"name":"wp","href":"https:\/\/api.w.org\/{rel}","templated":true}]}}