{"id":3951,"date":"2019-05-29T12:38:54","date_gmt":"2019-05-29T09:38:54","guid":{"rendered":"https:\/\/vaasanluonnonravinto.fi\/?post_type=product&#038;p=3951"},"modified":"2025-10-01T00:37:07","modified_gmt":"2025-09-30T21:37:07","slug":"carmolis-yrttikaramelli","status":"publish","type":"product","link":"https:\/\/vaasanluonnonravinto.fi\/sv\/tuote\/carmolis-yrttikaramelli\/","title":{"rendered":"CARMOLIS YRTTIKARAMELLI"},"content":{"rendered":"<section class=\"product-description\">\n<h2>VAHVASTI RAIKASTAVA SOVELLUS CARMOLIS YRTTITIPOISTA<\/h2>\n<p>Carmolis Yrttikaramellit sis\u00e4lt\u00e4v\u00e4t Carmolis Yrttitipoista tuttua yrttien eteeristen \u00f6ljyjen seosta. Carmolis Yrttitipat on perinteinen ja arvostettu yrttivalmiste, jota Karmeliittaveljeskunnan munkit valmistivat luostariapteekissa jo 1600-luvulla.<\/p>\n<p>Carmolis Yrttitipat sis\u00e4lt\u00e4v\u00e4t haihtuvia eli eteerisi\u00e4 \u00f6ljyj\u00e4 kymmenest\u00e4 yrtist\u00e4. Vahvan maun ja tehon taustalla ovat piparminttu (mentoli), laventeli, kaneli, neilikka, muskotti, salvia, sitruunaruoho, anis, sitruuna ja timjami.<\/p>\n<\/section>\n<section class=\"product-other-details\">\n<h3 class=\"product-other-details__header\">K\u00c4YTT\u00d6TARKOITUS<\/h3>\n<ul>\n<li>Tukkoiseen oloon<\/li>\n<li>Karhealle kurkulle<\/li>\n<li>Hengityksen raikastamiseen<\/li>\n<li>\u00c4\u00e4nen kirkastamiseen<\/li>\n<\/ul>\n<p>Carmolis Yrttikaramelli tuo kaivattua helpotusta k\u00e4he\u00e4lle kurkulle ja tukkoiselle nen\u00e4lle. Vahva yrttikaramelli raikastaa hengityksen ja kirkastaa \u00e4\u00e4nen. Kova karamelli viipyy suussa pitk\u00e4\u00e4n.<\/p>\n<p>&nbsp;<\/p>\n<\/section>\n<section class=\"product-other-details\">\n<h3 class=\"product-other-details__header\">KENELLE<\/h3>\n<ul>\n<li>Tukkoisesta olosta ja kutiavasta kurkusta k\u00e4rsiville<\/li>\n<li>Puhety\u00f6t\u00e4 tekeville<\/li>\n<li>Laulajille<\/li>\n<\/ul>\n<\/section>\n","protected":false},"excerpt":{"rendered":"<p>Carmolis Yrttikaramellit sis\u00e4lt\u00e4v\u00e4t Carmolis Yrttitipoista tuttua yrttien eteeristen \u00f6ljyjen seosta. Carmolis Yrttitipat on perinteinen ja arvostettu yrttivalmiste, jota Karmeliittaveljeskunnan munkit valmistivat luostariapteekissa jo 1600-luvulla.<\/p>\n","protected":false},"featured_media":1029,"template":"","meta":{"_acf_changed":false,"rs_blank_template":"","rs_page_bg_color":"","slide_template_v7":""},"product_brand":[],"product_cat":[106,72,70],"product_tag":[],"class_list":{"0":"post-3951","1":"product","2":"type-product","3":"status-publish","4":"has-post-thumbnail","6":"product_cat-valioravinto-sv","7":"product_cat-yrttivalmisteet-sv","8":"product_cat-erikoiselintarvikkeet-sv","10":"first","11":"instock","12":"taxable","13":"shipping-taxable","14":"purchasable","15":"product-type-simple"},"acf":[],"_links":{"self":[{"href":"https:\/\/vaasanluonnonravinto.fi\/sv\/wp-json\/wp\/v2\/product\/3951","targetHints":{"allow":["GET"]}}],"collection":[{"href":"https:\/\/vaasanluonnonravinto.fi\/sv\/wp-json\/wp\/v2\/product"}],"about":[{"href":"https:\/\/vaasanluonnonravinto.fi\/sv\/wp-json\/wp\/v2\/types\/product"}],"wp:featuredmedia":[{"embeddable":true,"href":"https:\/\/vaasanluonnonravinto.fi\/sv\/wp-json\/wp\/v2\/media\/1029"}],"wp:attachment":[{"href":"https:\/\/vaasanluonnonravinto.fi\/sv\/wp-json\/wp\/v2\/media?parent=3951"}],"wp:term":[{"taxonomy":"product_brand","embeddable":true,"href":"https:\/\/vaasanluonnonravinto.fi\/sv\/wp-json\/wp\/v2\/product_brand?post=3951"},{"taxonomy":"product_cat","embeddable":true,"href":"https:\/\/vaasanluonnonravinto.fi\/sv\/wp-json\/wp\/v2\/product_cat?post=3951"},{"taxonomy":"product_tag","embeddable":true,"href":"https:\/\/vaasanluonnonravinto.fi\/sv\/wp-json\/wp\/v2\/product_tag?post=3951"}],"curies":[{"name":"wp","href":"https:\/\/api.w.org\/{rel}","templated":true}]}}