{"id":3949,"date":"2019-05-29T12:38:53","date_gmt":"2019-05-29T09:38:53","guid":{"rendered":"https:\/\/vaasanluonnonravinto.fi\/?post_type=product&#038;p=3949"},"modified":"2025-10-01T00:37:08","modified_gmt":"2025-09-30T21:37:08","slug":"carmolis-hunajainen-yrttikaramelli","status":"publish","type":"product","link":"https:\/\/vaasanluonnonravinto.fi\/sv\/tuote\/carmolis-hunajainen-yrttikaramelli\/","title":{"rendered":"CARMOLIS HUNAJAINEN YRTTIKARAMELLI"},"content":{"rendered":"<section class=\"product-description\">\n<h1 class=\"ingress\">LEMPE\u00c4STI RAIKASTAVA SOVELLUS CARMOLIS YRTTITIPOISTA<\/h1>\n<p>Carmolis Hunajainen Yrttikaramelli sis\u00e4lt\u00e4\u00e4 Carmolis Yrttitipoista tuttua yrttien eteeristen \u00f6ljyjen seosta. Yrtti\u00f6ljy\u00e4 on kuitenkin perinteisi\u00e4 Carmolis -karamelleja v\u00e4hemm\u00e4n ja siksi makukin on mukavasti miedompi.<\/p>\n<\/section>\n<section class=\"product-other-details\">\n<h3 class=\"product-other-details__header\"><\/h3>\n<h4>EI KEINOTEKOISIA MAKEUTUSAINEITA<\/h4>\n<p>Carmolis Hunajaisen Yrttikaramellin makeus on per\u00e4isin sokerista ja hunajasta. Tuote sopii n\u00e4in kaikille keinotekoisia lis\u00e4aineita v\u00e4ltteleville.<\/p>\n<h4>MUKANA MY\u00d6S PIRIST\u00c4V\u00c4\u00c4 C-VITAMIINIA<\/h4>\n<p>Hunajaisista karamelleista saa my\u00f6s pikkulis\u00e4n p\u00e4ivitt\u00e4iseen C-vitamiinin tarpeeseen.<\/p>\n<\/section>\n<section class=\"product-other-details\">\n<h3 class=\"product-other-details__header\">K\u00c4YTT\u00d6TARKOITUS<\/h3>\n<ul>\n<li>Suuta raikastava<\/li>\n<li>Lempe\u00e4n hunajainen<\/li>\n<\/ul>\n<p>Carmolis Hunajainen Yrttikaramelli on miedompi vaihtoehto<br \/>\nperinteisille Carmolis Yrttikaramellille. Karamelli viipyy suussa pitk\u00e4\u00e4n ja lempe\u00e4sti raikastava. Sis\u00e4lt\u00e4\u00e4 ripauksen pirist\u00e4v\u00e4\u00e4 C-vitamiinia.<\/p>\n<\/section>\n<section class=\"product-other-details\">\n<h3 class=\"product-other-details__header\">KENELLE<\/h3>\n<ul>\n<li>Suun raikastamista tarvitseville<\/li>\n<li>Miedompaa Carmolis -vaikutusta kaipaaville<\/li>\n<\/ul>\n<\/section>\n","protected":false},"excerpt":{"rendered":"<p>Carmolis Hunajainen Yrttikaramelli sis\u00e4lt\u00e4\u00e4 Carmolis Yrttitipoista tuttua yrttien eteeristen \u00f6ljyjen seosta. Yrtti\u00f6ljy\u00e4 on kuitenkin perinteisi\u00e4 Carmolis -karamelleja v\u00e4hemm\u00e4n ja siksi makukin on mukavasti miedompi.<\/p>\n","protected":false},"featured_media":1036,"template":"","meta":{"_acf_changed":false,"rs_blank_template":"","rs_page_bg_color":"","slide_template_v7":""},"product_brand":[],"product_cat":[106,72,70],"product_tag":[],"class_list":{"0":"post-3949","1":"product","2":"type-product","3":"status-publish","4":"has-post-thumbnail","6":"product_cat-valioravinto-sv","7":"product_cat-yrttivalmisteet-sv","8":"product_cat-erikoiselintarvikkeet-sv","10":"first","11":"instock","12":"taxable","13":"shipping-taxable","14":"purchasable","15":"product-type-simple"},"acf":[],"_links":{"self":[{"href":"https:\/\/vaasanluonnonravinto.fi\/sv\/wp-json\/wp\/v2\/product\/3949","targetHints":{"allow":["GET"]}}],"collection":[{"href":"https:\/\/vaasanluonnonravinto.fi\/sv\/wp-json\/wp\/v2\/product"}],"about":[{"href":"https:\/\/vaasanluonnonravinto.fi\/sv\/wp-json\/wp\/v2\/types\/product"}],"wp:featuredmedia":[{"embeddable":true,"href":"https:\/\/vaasanluonnonravinto.fi\/sv\/wp-json\/wp\/v2\/media\/1036"}],"wp:attachment":[{"href":"https:\/\/vaasanluonnonravinto.fi\/sv\/wp-json\/wp\/v2\/media?parent=3949"}],"wp:term":[{"taxonomy":"product_brand","embeddable":true,"href":"https:\/\/vaasanluonnonravinto.fi\/sv\/wp-json\/wp\/v2\/product_brand?post=3949"},{"taxonomy":"product_cat","embeddable":true,"href":"https:\/\/vaasanluonnonravinto.fi\/sv\/wp-json\/wp\/v2\/product_cat?post=3949"},{"taxonomy":"product_tag","embeddable":true,"href":"https:\/\/vaasanluonnonravinto.fi\/sv\/wp-json\/wp\/v2\/product_tag?post=3949"}],"curies":[{"name":"wp","href":"https:\/\/api.w.org\/{rel}","templated":true}]}}