{"id":3947,"date":"2019-05-29T12:38:51","date_gmt":"2019-05-29T09:38:51","guid":{"rendered":"https:\/\/vaasanluonnonravinto.fi\/?post_type=product&#038;p=3947"},"modified":"2025-10-01T00:37:08","modified_gmt":"2025-09-30T21:37:08","slug":"carmolis-hunajainen-inkivaari-yrttikaramelli","status":"publish","type":"product","link":"https:\/\/vaasanluonnonravinto.fi\/sv\/tuote\/carmolis-hunajainen-inkivaari-yrttikaramelli\/","title":{"rendered":"CARMOLIS HUNAJAINEN INKIV\u00c4\u00c4RI-YRTTIKARAMELLI"},"content":{"rendered":"<div class=\"site-content__wrapper lazy-hidden\">\n<div class=\"container product-content__container\">\n<div class=\"row\">\n<div class=\"col-xs-12 col-sm-12 col-md-7 col-lg-7\">\n<section class=\"product-description\">\n<section class=\"product-description\">\n<h2>UUTUUS!<\/h2>\n<h3>VAHVASTI RAIKASTAVA JA SUUSSA L\u00c4MMITT\u00c4V\u00c4 KARAMELLI PEHME\u00c4LL\u00c4 HUNAJAT\u00c4YTTEELL\u00c4<\/h3>\n<p>&nbsp;<\/p>\n<p>Carmolis Hunajainen Inkiv\u00e4\u00e4ri-yrttikaramellit sis\u00e4lt\u00e4v\u00e4t Carmolis Yrttitipoista tuttua yrttien eteeristen \u00f6ljyjen seosta. Perinteisen yrtti\u00f6ljyn lis\u00e4ksi karamelleja on ter\u00e4stetty vahvalla inkiv\u00e4\u00e4rill\u00e4 ja pehme\u00e4ll\u00e4 hunajat\u00e4ytteell\u00e4.<\/p>\n<\/section>\n<\/section>\n<section class=\"product-other-details\">\n<h3 class=\"product-other-details__header\"><\/h3>\n<h5>EI KEINOTEKOISIA MAKEUTUSAINEITA<\/h5>\n<p>Carmolis Hunajainen Inkiv\u00e4\u00e4ri-yrttikaramellien makeus on per\u00e4isin aidosta sokerista ja hunajasta. Tuote sopii n\u00e4in kaikille keinotekoisia lis\u00e4aineita v\u00e4ltteleville.<\/p>\n<h5>MUKANA MY\u00d6S C-VITAMIINIA<\/h5>\n<p>Vahvoista karamelleista saa my\u00f6s pikkulis\u00e4n p\u00e4ivitt\u00e4iseen C-vitamiinin tarpeeseen.<\/p>\n<\/section>\n<section class=\"product-other-details\">\n<h3 class=\"product-other-details__header\">K\u00c4YTT\u00d6TARKOITUS<\/h3>\n<ul>\n<li>Tukkoiseen oloon<\/li>\n<li>K\u00e4he\u00e4lle kurkulle<\/li>\n<li>Hengityksen raikastamiseen<\/li>\n<li>\u00c4\u00e4nen kirkastamiseen<\/li>\n<\/ul>\n<p>Carmolis Hunajainen Inkiv\u00e4\u00e4ri-yrttikaramellit tuovat kaivattua helpotusta k\u00e4he\u00e4lle kurkulle ja tukkoiselle nen\u00e4lle. Vahvasti suuta l\u00e4mmitt\u00e4v\u00e4t yrttikaramellit raikastavat hengityksen ja kirkastavat \u00e4\u00e4nen. Kova karamelli viipyy suussa pitk\u00e4\u00e4n. Pehme\u00e4 hunaja palkitsee k\u00e4rsiv\u00e4llisen imeskelij\u00e4n.<\/p>\n<\/section>\n<section class=\"product-other-details\">\n<h3 class=\"product-other-details__header\">KENELLE<\/h3>\n<ul>\n<li>Tukkoisesta olosta ja kutiavasta kurkusta k\u00e4rsiville<\/li>\n<li>Puhety\u00f6t\u00e4 tekeville<\/li>\n<li>Laulajille<\/li>\n<\/ul>\n<\/section>\n<\/div>\n<\/div>\n<\/div>\n<\/div>\n<footer class=\"site-footer__container\">\n<div class=\"container site-footer__container--top\">\n<div class=\"row hidden-xs\">\n<div class=\"col-xs-6 col-sm-4 col-md-2 col-lg-2\">\n<h5><\/h5>\n<\/div>\n<\/div>\n<\/div>\n<\/footer>\n","protected":false},"excerpt":{"rendered":"<section class=\"product-description\">\n<section class=\"product-description\">Carmolis Hunajainen Inkiv\u00e4\u00e4ri-yrttikaramellit sis\u00e4lt\u00e4v\u00e4t Carmolis Yrttitipoista tuttua yrttien eteeristen \u00f6ljyjen seosta. Perinteisen yrtti\u00f6ljyn lis\u00e4ksi karamelleja on ter\u00e4stetty vahvalla inkiv\u00e4\u00e4rill\u00e4 ja pehme\u00e4ll\u00e4 hunajat\u00e4ytteell\u00e4.<\/section>\n<\/section>\n<section class=\"product-other-details\">\n<h3 class=\"product-other-details__header\"><\/h3>\n<\/section>\n","protected":false},"featured_media":1042,"template":"","meta":{"_acf_changed":false,"rs_blank_template":"","rs_page_bg_color":"","slide_template_v7":""},"product_brand":[],"product_cat":[106,72,70],"product_tag":[],"class_list":{"0":"post-3947","1":"product","2":"type-product","3":"status-publish","4":"has-post-thumbnail","6":"product_cat-valioravinto-sv","7":"product_cat-yrttivalmisteet-sv","8":"product_cat-erikoiselintarvikkeet-sv","10":"first","11":"instock","12":"taxable","13":"shipping-taxable","14":"purchasable","15":"product-type-simple"},"acf":[],"_links":{"self":[{"href":"https:\/\/vaasanluonnonravinto.fi\/sv\/wp-json\/wp\/v2\/product\/3947","targetHints":{"allow":["GET"]}}],"collection":[{"href":"https:\/\/vaasanluonnonravinto.fi\/sv\/wp-json\/wp\/v2\/product"}],"about":[{"href":"https:\/\/vaasanluonnonravinto.fi\/sv\/wp-json\/wp\/v2\/types\/product"}],"wp:featuredmedia":[{"embeddable":true,"href":"https:\/\/vaasanluonnonravinto.fi\/sv\/wp-json\/wp\/v2\/media\/1042"}],"wp:attachment":[{"href":"https:\/\/vaasanluonnonravinto.fi\/sv\/wp-json\/wp\/v2\/media?parent=3947"}],"wp:term":[{"taxonomy":"product_brand","embeddable":true,"href":"https:\/\/vaasanluonnonravinto.fi\/sv\/wp-json\/wp\/v2\/product_brand?post=3947"},{"taxonomy":"product_cat","embeddable":true,"href":"https:\/\/vaasanluonnonravinto.fi\/sv\/wp-json\/wp\/v2\/product_cat?post=3947"},{"taxonomy":"product_tag","embeddable":true,"href":"https:\/\/vaasanluonnonravinto.fi\/sv\/wp-json\/wp\/v2\/product_tag?post=3947"}],"curies":[{"name":"wp","href":"https:\/\/api.w.org\/{rel}","templated":true}]}}