{"id":3945,"date":"2019-05-29T12:38:49","date_gmt":"2019-05-29T09:38:49","guid":{"rendered":"https:\/\/vaasanluonnonravinto.fi\/?post_type=product&#038;p=3945"},"modified":"2025-10-01T00:37:08","modified_gmt":"2025-09-30T21:37:08","slug":"carmolis-sitruunamelissa-yrttipastilli","status":"publish","type":"product","link":"https:\/\/vaasanluonnonravinto.fi\/sv\/tuote\/carmolis-sitruunamelissa-yrttipastilli\/","title":{"rendered":"CARMOLIS SITRUUNAMELISSA YRTTIPASTILLI"},"content":{"rendered":"<section class=\"product-description\">\n<h1 class=\"ingress\">LEMPE\u00c4 VAIHTOEHTO VAHVALLE CARMOLIS YRTTIPASTILLILLE<\/h1>\n<p>Pehme\u00e4t ja sokerittomat Carmolis Sitruunamelissa Yrttipastillit sis\u00e4lt\u00e4v\u00e4t Carmolis Yrttitipoista tuttua yrttien eteeristen \u00f6ljyjen seosta. Yrtti\u00f6ljy\u00e4 on kuitenkin perinteisi\u00e4 Carmolis Yrttipastilleja v\u00e4hemm\u00e4n ja siksi makukin on mukavasti miedompi. Pastillissa maistuu mukavasti sitruunamelissa.<\/p>\n<\/section>\n<section class=\"product-other-details\">\n<h3 class=\"product-other-details__header\">K\u00c4YTT\u00d6TARKOITUS<\/h3>\n<ul>\n<li>Mieto kurkkupastilli<\/li>\n<li>Suuta raikastava<\/li>\n<li>Lempe\u00e4 sitruunamelissan maku<\/li>\n<\/ul>\n<p>Sokeriton Carmolis Sitruunamelissa Yrttipastilli tuo kaivattua lempe\u00e4\u00e4 helpotusta k\u00e4he\u00e4lle kurkulle. Pehme\u00e4\u00e4 pastillia on helppo imeskell\u00e4 suussa my\u00f6s puhuessa.<\/p>\n<\/section>\n","protected":false},"excerpt":{"rendered":"<p>Pehme\u00e4t ja sokerittomat Carmolis Sitruunamelissa Yrttipastillit sis\u00e4lt\u00e4v\u00e4t Carmolis Yrttitipoista tuttua yrttien eteeristen \u00f6ljyjen seosta. Yrtti\u00f6ljy\u00e4 on kuitenkin perinteisi\u00e4 Carmolis Yrttipastilleja v\u00e4hemm\u00e4n ja siksi makukin on mukavasti miedompi. Pastillissa maistuu mukavasti sitruunamelissa.<\/p>\n","protected":false},"featured_media":1049,"template":"","meta":{"_acf_changed":false,"rs_blank_template":"","rs_page_bg_color":"","slide_template_v7":""},"product_brand":[],"product_cat":[106,72,70],"product_tag":[],"class_list":{"0":"post-3945","1":"product","2":"type-product","3":"status-publish","4":"has-post-thumbnail","6":"product_cat-valioravinto-sv","7":"product_cat-yrttivalmisteet-sv","8":"product_cat-erikoiselintarvikkeet-sv","10":"first","11":"instock","12":"taxable","13":"shipping-taxable","14":"purchasable","15":"product-type-simple"},"acf":[],"_links":{"self":[{"href":"https:\/\/vaasanluonnonravinto.fi\/sv\/wp-json\/wp\/v2\/product\/3945","targetHints":{"allow":["GET"]}}],"collection":[{"href":"https:\/\/vaasanluonnonravinto.fi\/sv\/wp-json\/wp\/v2\/product"}],"about":[{"href":"https:\/\/vaasanluonnonravinto.fi\/sv\/wp-json\/wp\/v2\/types\/product"}],"wp:featuredmedia":[{"embeddable":true,"href":"https:\/\/vaasanluonnonravinto.fi\/sv\/wp-json\/wp\/v2\/media\/1049"}],"wp:attachment":[{"href":"https:\/\/vaasanluonnonravinto.fi\/sv\/wp-json\/wp\/v2\/media?parent=3945"}],"wp:term":[{"taxonomy":"product_brand","embeddable":true,"href":"https:\/\/vaasanluonnonravinto.fi\/sv\/wp-json\/wp\/v2\/product_brand?post=3945"},{"taxonomy":"product_cat","embeddable":true,"href":"https:\/\/vaasanluonnonravinto.fi\/sv\/wp-json\/wp\/v2\/product_cat?post=3945"},{"taxonomy":"product_tag","embeddable":true,"href":"https:\/\/vaasanluonnonravinto.fi\/sv\/wp-json\/wp\/v2\/product_tag?post=3945"}],"curies":[{"name":"wp","href":"https:\/\/api.w.org\/{rel}","templated":true}]}}