{"id":3944,"date":"2019-05-29T12:38:48","date_gmt":"2019-05-29T09:38:48","guid":{"rendered":"https:\/\/vaasanluonnonravinto.fi\/?post_type=product&#038;p=3944"},"modified":"2025-10-01T00:37:08","modified_gmt":"2025-09-30T21:37:08","slug":"carmolis-inkivaari-yrttipastilli","status":"publish","type":"product","link":"https:\/\/vaasanluonnonravinto.fi\/sv\/tuote\/carmolis-inkivaari-yrttipastilli\/","title":{"rendered":"CARMOLIS INKIV\u00c4\u00c4RI YRTTIPASTILLI"},"content":{"rendered":"<section class=\"product-description\">\n<h3 class=\"ingress\">SUUTA L\u00c4MMITT\u00c4V\u00c4 VAIHTOEHTO VAHVALLE CARMOLIS YRTTIPASTILLILLE<\/h3>\n<p>Carmolis Inkiv\u00e4\u00e4ri yrttipastilleilla on suuta virkist\u00e4v\u00e4 ja l\u00e4mmitt\u00e4v\u00e4 vaikutus. Pehmeiss\u00e4, stevialla makeutetuissa pastilleissa maistuu inkiv\u00e4\u00e4ri ja vanhan luostarireseptin mukaan valmistettu Carmolis -\u00f6ljy. Raikastaa suuta ja hengityst\u00e4.<\/p>\n<\/section>\n<section class=\"product-other-details\">\n<h3 class=\"product-other-details__header\">K\u00c4YTT\u00d6TARKOITUS<\/h3>\n<ul>\n<li>L\u00e4mmitt\u00e4v\u00e4 kurkkupastilli<\/li>\n<li>Suuta raikastava<\/li>\n<li>Vahva inkiv\u00e4\u00e4rin maku<\/li>\n<\/ul>\n<p>Sokeriton Carmolis Inkiv\u00e4\u00e4ri Yrttipastilli l\u00e4mmitt\u00e4\u00e4 suuta ja tuo helpotusta k\u00e4he\u00e4lle kurkulle. Pehme\u00e4\u00e4 pastillia on helppo imeskell\u00e4 suussa my\u00f6s puhuessa.<\/p>\n<\/section>\n","protected":false},"excerpt":{"rendered":"<p>Carmolis Inkiv\u00e4\u00e4ri yrttipastilleilla on suuta virkist\u00e4v\u00e4 ja l\u00e4mmitt\u00e4v\u00e4 vaikutus. Pehmeiss\u00e4, stevialla makeutetuissa pastilleissa maistuu inkiv\u00e4\u00e4ri ja vanhan luostarireseptin mukaan valmistettu Carmolis -\u00f6ljy. Raikastaa suuta ja hengityst\u00e4.<\/p>\n","protected":false},"featured_media":1053,"template":"","meta":{"_acf_changed":false,"rs_blank_template":"","rs_page_bg_color":"","slide_template_v7":""},"product_brand":[],"product_cat":[106,72,70],"product_tag":[],"class_list":{"0":"post-3944","1":"product","2":"type-product","3":"status-publish","4":"has-post-thumbnail","6":"product_cat-valioravinto-sv","7":"product_cat-yrttivalmisteet-sv","8":"product_cat-erikoiselintarvikkeet-sv","10":"first","11":"instock","12":"taxable","13":"shipping-taxable","14":"purchasable","15":"product-type-simple"},"acf":[],"_links":{"self":[{"href":"https:\/\/vaasanluonnonravinto.fi\/sv\/wp-json\/wp\/v2\/product\/3944","targetHints":{"allow":["GET"]}}],"collection":[{"href":"https:\/\/vaasanluonnonravinto.fi\/sv\/wp-json\/wp\/v2\/product"}],"about":[{"href":"https:\/\/vaasanluonnonravinto.fi\/sv\/wp-json\/wp\/v2\/types\/product"}],"wp:featuredmedia":[{"embeddable":true,"href":"https:\/\/vaasanluonnonravinto.fi\/sv\/wp-json\/wp\/v2\/media\/1053"}],"wp:attachment":[{"href":"https:\/\/vaasanluonnonravinto.fi\/sv\/wp-json\/wp\/v2\/media?parent=3944"}],"wp:term":[{"taxonomy":"product_brand","embeddable":true,"href":"https:\/\/vaasanluonnonravinto.fi\/sv\/wp-json\/wp\/v2\/product_brand?post=3944"},{"taxonomy":"product_cat","embeddable":true,"href":"https:\/\/vaasanluonnonravinto.fi\/sv\/wp-json\/wp\/v2\/product_cat?post=3944"},{"taxonomy":"product_tag","embeddable":true,"href":"https:\/\/vaasanluonnonravinto.fi\/sv\/wp-json\/wp\/v2\/product_tag?post=3944"}],"curies":[{"name":"wp","href":"https:\/\/api.w.org\/{rel}","templated":true}]}}