{"id":3941,"date":"2019-05-29T12:38:46","date_gmt":"2019-05-29T09:38:46","guid":{"rendered":"https:\/\/vaasanluonnonravinto.fi\/?post_type=product&#038;p=3941"},"modified":"2025-10-01T00:37:08","modified_gmt":"2025-09-30T21:37:08","slug":"carmolis-yrttisuihke","status":"publish","type":"product","link":"https:\/\/vaasanluonnonravinto.fi\/sv\/tuote\/carmolis-yrttisuihke\/","title":{"rendered":"CARMOLIS YRTTISUIHKE"},"content":{"rendered":"<section class=\"product-description\">\n<h2>CARMOLIS YRTTISUIHKE<\/h2>\n<p>Carmolis Yrttisuihke on k\u00e4tev\u00e4 tapa annostella perinteisi\u00e4 Carmolis Yrttitippoja. Sametin ohut, tasainen suihkaus levittyy koko suuhun. Suusuihkeella on v\u00e4lit\u00f6n suuta raikastava vaikutus.<\/p>\n<h3>MUNKKIEN VIISAASTI VALITUT YRTIT<\/h3>\n<p>Carmolis on perinteinen ja arvostettu yrttivalmiste. Karmeliittaveljeskunnan munkit valmistivat sit\u00e4 luostariapteekissa jo 1600-luvulla. Carmolis Yrttisuihke on t\u00e4ysin uusi tuotesovellus. Perinteisiin Carmolis Yrttitippoihin luotetaan kuitenkin jo 14 Euroopan maassa.<\/p>\n<h3>MONIPUOLINEN KOOSTUMUS \u2013 MONIPUOLINEN VAIKUTUS<\/h3>\n<p>Carmolis Yrttitipat sis\u00e4lt\u00e4v\u00e4t haihtuvia eli eteerisi\u00e4 \u00f6ljyj\u00e4 yhdest\u00e4toista yrtist\u00e4. Tehon perustana ovat: piparminttu (mentoli), laventeli, kaneli, neilikka, sitruunamelissa, muskotti, salvia, sitruunaruoho, anis, sitruuna ja timjami. Yrttien yhdistelm\u00e4 tekee siit\u00e4 ainutlaatuisen ja k\u00e4ytt\u00f6tarkoituksiltaan monipuolisen.<\/p>\n<p>Pienen molekyylikoon takia eteeriset \u00f6ljyt imeytyv\u00e4t helposti ja vaikuttavat nopeasti. Siksi jo hyvin pienikin m\u00e4\u00e4r\u00e4 Carmolista antaa tuhdin vaikutuksen.<\/p>\n<\/section>\n<section class=\"product-other-details\">\n<h3 class=\"product-other-details__header\">K\u00c4YTT\u00d6TARKOITUS<\/h3>\n<ul>\n<li>Hengitysteille\n<ul>\n<li>Tukkoiseen oloon<\/li>\n<li>Karhealle kurkulle<\/li>\n<li>Hengityksen raikastamiseen<\/li>\n<\/ul>\n<\/li>\n<\/ul>\n<\/section>\n<section class=\"product-other-details\">\n<h3 class=\"product-other-details__header\">KENELLE<\/h3>\n<ul>\n<li>Tukkoisesta olosta k\u00e4rsiville<\/li>\n<li>Puhety\u00f6t\u00e4 tekeville<\/li>\n<li>Laulajille<\/li>\n<\/ul>\n<\/section>\n","protected":false},"excerpt":{"rendered":"<p>Carmolis Yrttisuihke on k\u00e4tev\u00e4 tapa annostella perinteisi\u00e4 Carmolis Yrttitippoja. Sametin ohut, tasainen suihkaus levittyy koko suuhun. Suusuihkeella on v\u00e4lit\u00f6n suuta raikastava vaikutus.<\/p>\n","protected":false},"featured_media":1063,"template":"","meta":{"_acf_changed":false},"product_brand":[],"product_cat":[106,73,72],"product_tag":[],"class_list":{"0":"post-3941","1":"product","2":"type-product","3":"status-publish","4":"has-post-thumbnail","6":"product_cat-valioravinto-sv","7":"product_cat-lisaravinteet-sv","8":"product_cat-yrttivalmisteet-sv","10":"first","11":"instock","12":"taxable","13":"shipping-taxable","14":"purchasable","15":"product-type-simple"},"acf":[],"_links":{"self":[{"href":"https:\/\/vaasanluonnonravinto.fi\/sv\/wp-json\/wp\/v2\/product\/3941","targetHints":{"allow":["GET"]}}],"collection":[{"href":"https:\/\/vaasanluonnonravinto.fi\/sv\/wp-json\/wp\/v2\/product"}],"about":[{"href":"https:\/\/vaasanluonnonravinto.fi\/sv\/wp-json\/wp\/v2\/types\/product"}],"wp:featuredmedia":[{"embeddable":true,"href":"https:\/\/vaasanluonnonravinto.fi\/sv\/wp-json\/wp\/v2\/media\/1063"}],"wp:attachment":[{"href":"https:\/\/vaasanluonnonravinto.fi\/sv\/wp-json\/wp\/v2\/media?parent=3941"}],"wp:term":[{"taxonomy":"product_brand","embeddable":true,"href":"https:\/\/vaasanluonnonravinto.fi\/sv\/wp-json\/wp\/v2\/product_brand?post=3941"},{"taxonomy":"product_cat","embeddable":true,"href":"https:\/\/vaasanluonnonravinto.fi\/sv\/wp-json\/wp\/v2\/product_cat?post=3941"},{"taxonomy":"product_tag","embeddable":true,"href":"https:\/\/vaasanluonnonravinto.fi\/sv\/wp-json\/wp\/v2\/product_tag?post=3941"}],"curies":[{"name":"wp","href":"https:\/\/api.w.org\/{rel}","templated":true}]}}